{"id":1034,"date":"2017-11-24T11:27:11","date_gmt":"2017-11-24T13:27:11","guid":{"rendered":"http:\/\/www.dagad.com.br\/shops\/?post_type=product&#038;p=1034"},"modified":"2021-01-22T06:08:57","modified_gmt":"2021-01-22T09:08:57","slug":"porta-corta-fogo-p-90-60-180","status":"publish","type":"product","link":"https:\/\/www.dagad.com.br\/shop\/produto\/porta-corta-fogo-p-90-60-180\/","title":{"rendered":"Porta Corta Fogo P-90 Simples 60 x 1,80"},"content":{"rendered":"<div>\n<div><strong>CONJUNTO DE P.C.F COMPOSTO DE FOLHA, CONTRA MARCO, PUXADOR E DOBRADI\u00c7AS COM PARAFUSOS.<\/strong><br \/>\nFolha padr\u00e3o medindo: 0,60 x 1,80 x 0,05cm<\/div>\n<div><\/div>\n<div>As Portas Corta Fogo juntamente com seus acess\u00f3rios instalados s\u00e3o testados periodicamente no Laborat\u00f3rio de Engenharia de Seguran\u00e7a (IPT\/SP) sob acompanhamento da ABNT.<\/div>\n<div>As Portas Corta Fogo para sa\u00eddas de emerg\u00eancia s\u00e3o indicadas para instala\u00e7\u00e3o em qualquer ambiente, inclusive em\u00a0antec\u00e2maras, escadas de edif\u00edcios,\u00a0\u00e1reas de ref\u00fagio,\u00a0locais de acesso restrito, que se comunicam diretamente com rotas de fuga,\u00a0acesso as passarelas e intercomunica\u00e7\u00e3o entre edif\u00edcios e\u00a0portas em corredores integrantes de rotas de fuga, etc.<\/div>\n<div><\/div>\n<div><strong>CARACTER\u00cdSTICAS \/ FUNCIONAMENTO:<\/strong><br \/>\nO Conjunto de Porta Corta Fogo (Marco + Folha) s\u00e3o fabricados com material incombust\u00edvel (ponto de fus\u00e3o acima de 1000\u00baC).<\/div>\n<div>As Portas para sa\u00eddas de emerg\u00eancia devem permanecer sempre fechadas, com o dispositivo de fechamento autom\u00e1tico e nunca trancadas a chave no sentido de evas\u00e3o (fuga).<\/div>\n<div><\/div>\n<div><strong>COMPONENTES DO CONJUNTO:<\/strong><\/div>\n<div>01 &#8211; FOLHA DA PORTA 600 X 1800 X 50mm<\/div>\n<div>01 &#8211; CONTRAMARCO<\/div>\n<div>01 &#8211; PUXADOR<\/div>\n<div>02 &#8211; DOBRADI\u00c7A HELICOIDAL COM PARAFUSOS<\/div>\n<\/div>\n","protected":false},"excerpt":{"rendered":"<div>Porta Corta Fogo P-90<br \/>\n0,60 x 1,80 x 0,05cm<\/div>\n<div><\/div>\n","protected":false},"featured_media":1027,"comment_status":"open","ping_status":"closed","template":"","meta":[],"product_brand":[],"product_cat":[57,55],"product_tag":[165,98,149],"class_list":{"0":"post-1034","1":"product","2":"type-product","3":"status-publish","4":"has-post-thumbnail","6":"product_cat-porta-corta-fogo","7":"product_cat-porta-corta-fogo-acessorios","8":"product_tag-corta","9":"product_tag-fogo","10":"product_tag-porta","11":"product_shipping_class-calculo-de-frete-2","13":"first","14":"onbackorder","15":"shipping-taxable","16":"purchasable","17":"product-type-simple"},"yoast_head":"<!-- This site is optimized with the Yoast SEO plugin v25.6 - https:\/\/yoast.com\/wordpress\/plugins\/seo\/ -->\n<title>Porta Corta Fogo P-90 Simples 60 x 1,80 - Dagad Shopping<\/title>\n<meta name=\"robots\" content=\"index, follow, max-snippet:-1, max-image-preview:large, max-video-preview:-1\" \/>\n<link rel=\"canonical\" href=\"https:\/\/www.dagad.com.br\/shop\/produto\/porta-corta-fogo-p-90-60-180\/\" \/>\n<meta property=\"og:locale\" content=\"pt_BR\" \/>\n<meta property=\"og:type\" content=\"article\" \/>\n<meta property=\"og:title\" content=\"Porta Corta Fogo P-90 Simples 60 x 1,80 - Dagad Shopping\" \/>\n<meta property=\"og:description\" content=\"Porta Corta Fogo P-90 0,60 x 1,80 x 0,05cm\" \/>\n<meta property=\"og:url\" content=\"https:\/\/www.dagad.com.br\/shop\/produto\/porta-corta-fogo-p-90-60-180\/\" \/>\n<meta property=\"og:site_name\" content=\"Dagad Shopping\" \/>\n<meta property=\"article:publisher\" content=\"https:\/\/www.facebook.com\/dagadextintores\" \/>\n<meta property=\"article:modified_time\" content=\"2021-01-22T09:08:57+00:00\" \/>\n<meta property=\"og:image\" content=\"https:\/\/www.dagad.com.br\/shop\/wp-content\/uploads\/2017\/07\/p60.png\" \/>\n\t<meta property=\"og:image:width\" content=\"214\" \/>\n\t<meta property=\"og:image:height\" content=\"357\" \/>\n\t<meta property=\"og:image:type\" content=\"image\/png\" \/>\n<meta name=\"twitter:card\" content=\"summary_large_image\" \/>\n<meta name=\"twitter:site\" content=\"@DAGADMAT\" \/>\n<meta name=\"twitter:label1\" content=\"Est. tempo de leitura\" \/>\n\t<meta name=\"twitter:data1\" content=\"1 minuto\" \/>\n<script type=\"application\/ld+json\" class=\"yoast-schema-graph\">{\"@context\":\"https:\/\/schema.org\",\"@graph\":[{\"@type\":\"WebPage\",\"@id\":\"https:\/\/www.dagad.com.br\/shop\/produto\/porta-corta-fogo-p-90-60-180\/\",\"url\":\"https:\/\/www.dagad.com.br\/shop\/produto\/porta-corta-fogo-p-90-60-180\/\",\"name\":\"Porta Corta Fogo P-90 Simples 60 x 1,80 - Dagad Shopping\",\"isPartOf\":{\"@id\":\"https:\/\/www.dagad.com.br\/shop\/#website\"},\"primaryImageOfPage\":{\"@id\":\"https:\/\/www.dagad.com.br\/shop\/produto\/porta-corta-fogo-p-90-60-180\/#primaryimage\"},\"image\":{\"@id\":\"https:\/\/www.dagad.com.br\/shop\/produto\/porta-corta-fogo-p-90-60-180\/#primaryimage\"},\"thumbnailUrl\":\"https:\/\/www.dagad.com.br\/shop\/wp-content\/uploads\/2017\/07\/p60.png\",\"datePublished\":\"2017-11-24T13:27:11+00:00\",\"dateModified\":\"2021-01-22T09:08:57+00:00\",\"breadcrumb\":{\"@id\":\"https:\/\/www.dagad.com.br\/shop\/produto\/porta-corta-fogo-p-90-60-180\/#breadcrumb\"},\"inLanguage\":\"pt-BR\",\"potentialAction\":[{\"@type\":\"ReadAction\",\"target\":[\"https:\/\/www.dagad.com.br\/shop\/produto\/porta-corta-fogo-p-90-60-180\/\"]}]},{\"@type\":\"ImageObject\",\"inLanguage\":\"pt-BR\",\"@id\":\"https:\/\/www.dagad.com.br\/shop\/produto\/porta-corta-fogo-p-90-60-180\/#primaryimage\",\"url\":\"https:\/\/www.dagad.com.br\/shop\/wp-content\/uploads\/2017\/07\/p60.png\",\"contentUrl\":\"https:\/\/www.dagad.com.br\/shop\/wp-content\/uploads\/2017\/07\/p60.png\",\"width\":214,\"height\":357},{\"@type\":\"BreadcrumbList\",\"@id\":\"https:\/\/www.dagad.com.br\/shop\/produto\/porta-corta-fogo-p-90-60-180\/#breadcrumb\",\"itemListElement\":[{\"@type\":\"ListItem\",\"position\":1,\"name\":\"In\u00edcio\",\"item\":\"https:\/\/www.dagad.com.br\/shop\/\"},{\"@type\":\"ListItem\",\"position\":2,\"name\":\"Porta Corta Fogo P-90 Simples 60 x 1,80\"}]},{\"@type\":\"WebSite\",\"@id\":\"https:\/\/www.dagad.com.br\/shop\/#website\",\"url\":\"https:\/\/www.dagad.com.br\/shop\/\",\"name\":\"Dagad Shopping\",\"description\":\"Tudo para preven\u00e7\u00e3o e seguran\u00e7a.\",\"publisher\":{\"@id\":\"https:\/\/www.dagad.com.br\/shop\/#organization\"},\"potentialAction\":[{\"@type\":\"SearchAction\",\"target\":{\"@type\":\"EntryPoint\",\"urlTemplate\":\"https:\/\/www.dagad.com.br\/shop\/?s={search_term_string}\"},\"query-input\":{\"@type\":\"PropertyValueSpecification\",\"valueRequired\":true,\"valueName\":\"search_term_string\"}}],\"inLanguage\":\"pt-BR\"},{\"@type\":\"Organization\",\"@id\":\"https:\/\/www.dagad.com.br\/shop\/#organization\",\"name\":\"Dagad Shop - Materiais Contra Inc\u00eandio\",\"url\":\"https:\/\/www.dagad.com.br\/shop\/\",\"logo\":{\"@type\":\"ImageObject\",\"inLanguage\":\"pt-BR\",\"@id\":\"https:\/\/www.dagad.com.br\/shop\/#\/schema\/logo\/image\/\",\"url\":\"https:\/\/www.dagad.com.br\/shop\/wp-content\/uploads\/2017\/08\/logo-site2.jpg\",\"contentUrl\":\"https:\/\/www.dagad.com.br\/shop\/wp-content\/uploads\/2017\/08\/logo-site2.jpg\",\"width\":115,\"height\":115,\"caption\":\"Dagad Shop - Materiais Contra Inc\u00eandio\"},\"image\":{\"@id\":\"https:\/\/www.dagad.com.br\/shop\/#\/schema\/logo\/image\/\"},\"sameAs\":[\"https:\/\/www.facebook.com\/dagadextintores\",\"https:\/\/x.com\/DAGADMAT\",\"https:\/\/www.instagram.com\/dagad_extintores\/\",\"https:\/\/www.linkedin.com\/company\/dagad-materiais-de-seguran-a\",\"https:\/\/br.pinterest.com\/DagadShop\",\"http:\/\/www.youtube.com\/channel\/UCZNuW9Azjgylii7eNxvBQWg\"]}]}<\/script>\n<!-- \/ Yoast SEO plugin. -->","yoast_head_json":{"title":"Porta Corta Fogo P-90 Simples 60 x 1,80 - Dagad Shopping","robots":{"index":"index","follow":"follow","max-snippet":"max-snippet:-1","max-image-preview":"max-image-preview:large","max-video-preview":"max-video-preview:-1"},"canonical":"https:\/\/www.dagad.com.br\/shop\/produto\/porta-corta-fogo-p-90-60-180\/","og_locale":"pt_BR","og_type":"article","og_title":"Porta Corta Fogo P-90 Simples 60 x 1,80 - Dagad Shopping","og_description":"Porta Corta Fogo P-90 0,60 x 1,80 x 0,05cm","og_url":"https:\/\/www.dagad.com.br\/shop\/produto\/porta-corta-fogo-p-90-60-180\/","og_site_name":"Dagad Shopping","article_publisher":"https:\/\/www.facebook.com\/dagadextintores","article_modified_time":"2021-01-22T09:08:57+00:00","og_image":[{"width":214,"height":357,"url":"https:\/\/www.dagad.com.br\/shop\/wp-content\/uploads\/2017\/07\/p60.png","type":"image\/png"}],"twitter_card":"summary_large_image","twitter_site":"@DAGADMAT","twitter_misc":{"Est. tempo de leitura":"1 minuto"},"schema":{"@context":"https:\/\/schema.org","@graph":[{"@type":"WebPage","@id":"https:\/\/www.dagad.com.br\/shop\/produto\/porta-corta-fogo-p-90-60-180\/","url":"https:\/\/www.dagad.com.br\/shop\/produto\/porta-corta-fogo-p-90-60-180\/","name":"Porta Corta Fogo P-90 Simples 60 x 1,80 - Dagad Shopping","isPartOf":{"@id":"https:\/\/www.dagad.com.br\/shop\/#website"},"primaryImageOfPage":{"@id":"https:\/\/www.dagad.com.br\/shop\/produto\/porta-corta-fogo-p-90-60-180\/#primaryimage"},"image":{"@id":"https:\/\/www.dagad.com.br\/shop\/produto\/porta-corta-fogo-p-90-60-180\/#primaryimage"},"thumbnailUrl":"https:\/\/www.dagad.com.br\/shop\/wp-content\/uploads\/2017\/07\/p60.png","datePublished":"2017-11-24T13:27:11+00:00","dateModified":"2021-01-22T09:08:57+00:00","breadcrumb":{"@id":"https:\/\/www.dagad.com.br\/shop\/produto\/porta-corta-fogo-p-90-60-180\/#breadcrumb"},"inLanguage":"pt-BR","potentialAction":[{"@type":"ReadAction","target":["https:\/\/www.dagad.com.br\/shop\/produto\/porta-corta-fogo-p-90-60-180\/"]}]},{"@type":"ImageObject","inLanguage":"pt-BR","@id":"https:\/\/www.dagad.com.br\/shop\/produto\/porta-corta-fogo-p-90-60-180\/#primaryimage","url":"https:\/\/www.dagad.com.br\/shop\/wp-content\/uploads\/2017\/07\/p60.png","contentUrl":"https:\/\/www.dagad.com.br\/shop\/wp-content\/uploads\/2017\/07\/p60.png","width":214,"height":357},{"@type":"BreadcrumbList","@id":"https:\/\/www.dagad.com.br\/shop\/produto\/porta-corta-fogo-p-90-60-180\/#breadcrumb","itemListElement":[{"@type":"ListItem","position":1,"name":"In\u00edcio","item":"https:\/\/www.dagad.com.br\/shop\/"},{"@type":"ListItem","position":2,"name":"Porta Corta Fogo P-90 Simples 60 x 1,80"}]},{"@type":"WebSite","@id":"https:\/\/www.dagad.com.br\/shop\/#website","url":"https:\/\/www.dagad.com.br\/shop\/","name":"Dagad Shopping","description":"Tudo para preven\u00e7\u00e3o e seguran\u00e7a.","publisher":{"@id":"https:\/\/www.dagad.com.br\/shop\/#organization"},"potentialAction":[{"@type":"SearchAction","target":{"@type":"EntryPoint","urlTemplate":"https:\/\/www.dagad.com.br\/shop\/?s={search_term_string}"},"query-input":{"@type":"PropertyValueSpecification","valueRequired":true,"valueName":"search_term_string"}}],"inLanguage":"pt-BR"},{"@type":"Organization","@id":"https:\/\/www.dagad.com.br\/shop\/#organization","name":"Dagad Shop - Materiais Contra Inc\u00eandio","url":"https:\/\/www.dagad.com.br\/shop\/","logo":{"@type":"ImageObject","inLanguage":"pt-BR","@id":"https:\/\/www.dagad.com.br\/shop\/#\/schema\/logo\/image\/","url":"https:\/\/www.dagad.com.br\/shop\/wp-content\/uploads\/2017\/08\/logo-site2.jpg","contentUrl":"https:\/\/www.dagad.com.br\/shop\/wp-content\/uploads\/2017\/08\/logo-site2.jpg","width":115,"height":115,"caption":"Dagad Shop - Materiais Contra Inc\u00eandio"},"image":{"@id":"https:\/\/www.dagad.com.br\/shop\/#\/schema\/logo\/image\/"},"sameAs":["https:\/\/www.facebook.com\/dagadextintores","https:\/\/x.com\/DAGADMAT","https:\/\/www.instagram.com\/dagad_extintores\/","https:\/\/www.linkedin.com\/company\/dagad-materiais-de-seguran-a","https:\/\/br.pinterest.com\/DagadShop","http:\/\/www.youtube.com\/channel\/UCZNuW9Azjgylii7eNxvBQWg"]}]}},"_links":{"self":[{"href":"https:\/\/www.dagad.com.br\/shop\/wp-json\/wp\/v2\/product\/1034","targetHints":{"allow":["GET"]}}],"collection":[{"href":"https:\/\/www.dagad.com.br\/shop\/wp-json\/wp\/v2\/product"}],"about":[{"href":"https:\/\/www.dagad.com.br\/shop\/wp-json\/wp\/v2\/types\/product"}],"replies":[{"embeddable":true,"href":"https:\/\/www.dagad.com.br\/shop\/wp-json\/wp\/v2\/comments?post=1034"}],"wp:featuredmedia":[{"embeddable":true,"href":"https:\/\/www.dagad.com.br\/shop\/wp-json\/wp\/v2\/media\/1027"}],"wp:attachment":[{"href":"https:\/\/www.dagad.com.br\/shop\/wp-json\/wp\/v2\/media?parent=1034"}],"wp:term":[{"taxonomy":"product_brand","embeddable":true,"href":"https:\/\/www.dagad.com.br\/shop\/wp-json\/wp\/v2\/product_brand?post=1034"},{"taxonomy":"product_cat","embeddable":true,"href":"https:\/\/www.dagad.com.br\/shop\/wp-json\/wp\/v2\/product_cat?post=1034"},{"taxonomy":"product_tag","embeddable":true,"href":"https:\/\/www.dagad.com.br\/shop\/wp-json\/wp\/v2\/product_tag?post=1034"}],"curies":[{"name":"wp","href":"https:\/\/api.w.org\/{rel}","templated":true}]}}