{"id":1042,"date":"2017-07-31T17:13:44","date_gmt":"2017-07-31T20:13:44","guid":{"rendered":"http:\/\/www.dagad.com.br\/shops\/?post_type=product&#038;p=1042"},"modified":"2019-03-14T11:24:51","modified_gmt":"2019-03-14T14:24:51","slug":"porta-corta-fogo-p-60-dupla-160x210x005cm","status":"publish","type":"product","link":"https:\/\/www.dagad.com.br\/shop\/produto\/porta-corta-fogo-p-60-dupla-160x210x005cm\/","title":{"rendered":"Porta Corta Fogo P-60 Dupla 1,60&#215;2,10&#215;0,05CM"},"content":{"rendered":"<div><strong>CONJUNTO DE P.C.F COMPOSTO DE CONTRA MARCO, FECHADURA SIMPLES E DOBRADI\u00c7AS COM PARAFUSOS.<\/strong><br \/>\n<strong>* Imagem da BARRA ANTIP\u00c2NICO nesta foto \u00e9 meramente ILUSTRATIVA.<\/strong><\/div>\n<div><\/div>\n<div><strong>DEFINI\u00c7\u00c3O:<\/strong><br \/>\nA Porta Corta-Fogo para sa\u00edda de emerg\u00eancia do tipo de abrir com eixo vertical, \u00e9 fabricada segundo a NBR 11742\/97 da ABNT (Associa\u00e7\u00e3o Brasileira de Normas T\u00e9cnicas), sendo nossos modelos enquadrados nas Classes P-60, P-90 e P-120, resistentes a a\u00e7\u00e3o do fogo por sessenta, noventa e cento e vinte minutos respectivamente.<br \/>\nEm rela\u00e7\u00e3o a sele\u00e7\u00e3o ou escolha da Classe da PCF a ser empregada em uma edifica\u00e7\u00e3o, o cliente dever\u00e1 verificar tal fato junto a uma Unidade do Corpo de Bombeiros de sua regi\u00e3o ou estado, pois existem crit\u00e9rios, considera\u00e7\u00f5es e peculiaridades diferentes que poder\u00e3o ser adotados.<br \/>\nAs Portas Corta Fogo juntamente com seus acess\u00f3rios instalados s\u00e3o testados periodicamente no Laborat\u00f3rio de Engenharia de Seguran\u00e7a (IPT\/SP) sob acompanhamento da ABNT.<\/div>\n<div>As Portas Corta Fogo para sa\u00eddas de emerg\u00eancia s\u00e3o indicadas para instala\u00e7\u00e3o nos seguintes locais entre outros:<\/div>\n<ul>\n<li>antec\u00e2maras e escadas de edif\u00edcios;<\/li>\n<li>\u00e1reas de ref\u00fagio;<\/li>\n<li>locais de acesso restrito, que se comunicam diretamente com rotas de fuga;<\/li>\n<li>acesso as passarelas e intercomunica\u00e7\u00e3o entre edif\u00edcios;<\/li>\n<li>portas em corredores integrantes de rotas de fuga, etc.<\/li>\n<\/ul>\n<div><strong>CARACTER\u00cdSTICAS \/ FUNCIONAMENTO:<\/strong><br \/>\nO Conjunto de Porta Corta Fogo (Marco + Folha) \u00e9 fabricado com material incombust\u00edvel (ponto de fus\u00e3o acima de 1000\u00baC), no qual a Folha gira em torno de um eixo vertical posicionado em uma de suas bordas (lateral esquerda ou direita). A folha de Porta Corta Fogo funciona no requadro do marco, onde \u00e9 fixada por meio de 03 dobradi\u00e7as helicoidais. As Portas para sa\u00eddas de emerg\u00eancia devem permanecer sempre fechadas, com o dispositivo de fechamento autom\u00e1tico, e nunca trancadas a chave no sentido de evas\u00e3o (fuga).<\/div>\n<div>OBSERVA\u00c7\u00c3O:<\/div>\n<div>\u00c9 expressamente proibido a utiliza\u00e7\u00e3o de cal\u00e7os ou outros obst\u00e1culos que impe\u00e7am o livre funcionamento da PCF;<br \/>\nCOMPORTAMENTO:<\/div>\n<div>Resist\u00eancia mec\u00e2nica ao fogo;<br \/>\nEstabilidade estrutural \u00edntegra at\u00e9 1100\u00baC;<br \/>\nlsola\u00e7\u00e3o T\u00e9rmica entre um ambiente e outro;<br \/>\nVeda\u00e7\u00e3o \u00e0s chamas: positivo at\u00e9 960\u00baC.<br \/>\nVeda\u00e7\u00e3o aos gases: perfeita at\u00e9 960\u00baC.<br \/>\nUTILIZA\u00c7\u00c3O:<\/div>\n<div>Obrigat\u00f3ria e fiscalizada pelo Corpo de Bombeiro em:<\/div>\n<div>Fechamento de abertura em paredes de resist\u00eancia ao fogo de 2 a 3 horas.<br \/>\nProte\u00e7\u00e3o de antec\u00e2maras ventiladas e escadas de sa\u00eddas de emerg\u00eancia.<br \/>\nFechamento de aberturas em paredes de separa\u00e7\u00e3o nas \u00e1reas de risco classe B e dep\u00f3sito de risco classe A.(Nota: os riscos classe A e B s\u00e3o definidos pela tarifa &#8220;Seguro Inc\u00eandio do Brasil&#8221;)<br \/>\nAcesso a \u00e1reas de ref\u00fagio.<\/div>\n<div><\/div>\n<div>ESPECIFICA\u00c7\u00c3O DA PORTA CORTA FOGO:<\/div>\n<div>BATENTE OU CONTRA MARCO:<br \/>\nComposto por ombreiras e travessa que destina-se a guarnecer o v\u00e3o onde ser\u00e1 instalado a Porta Corta Fogo e sustentar a folha da PCF. Fabricado em chapa de a\u00e7o galvanizado ABNT n\u00famero 18 (1,2 mm de espessura), recebe refor\u00e7os em suas ombreiras para fixa\u00e7\u00e3o das dobradi\u00e7as. Possui dobras especiais para aumentar sua resist\u00eancia mec\u00e2nica e permitir o encaixe da folha em seu ber\u00e7o.<br \/>\nA fixa\u00e7\u00e3o do batente na alvenaria \u00e9 feita mediante 03 grapas de a\u00e7o galvanizado que encontram-se em cada uma de suas laterais. O batente ao ser instalado deve ser completamente preenchido com argamassa de cimento e areia.<\/div>\n<div>FOLHA DA PORTA:<br \/>\nFabricada em chapa de a\u00e7o galvanizado ABNT n\u00famero 24 (0,65 mm de espessura) com frisos horizontais, obtendo assim maior resist\u00eancia mec\u00e2nica. Possui pontos de refor\u00e7os internos para fixa\u00e7\u00e3o das dobradi\u00e7as e \u00e9 recoberta com perfil em forma de &#8220;U&#8221; para melhor acabamento.<\/div>\n<div>OBSERVA\u00c7\u00c3O:<br \/>\nA folha da porta quando instalada deve receber, sempre no sentido de fuga, um adesivo com fundo branco e letras verdes ou vice versa, com os dizeres conforme abaixo se segue:<\/div>\n<div>Este adesivo deve ficar entre 1,60 a 1,80 metros acima do piso.<\/div>\n<div>ISOLANTE INTERNO DA FOLHA:<br \/>\nComposto por Manta Cer\u00e2mica, um material incombust\u00edvel, isolante t\u00e9rmico \/ ac\u00fastico de bastante efici\u00eancia, sendo leve e flex\u00edvel.<br \/>\nA fixa\u00e7\u00e3o do batente na alvenaria \u00e9 feita mediante 03 grapas de a\u00e7o galvanizado que encontram-se em cada uma de suas laterais. O batente ao ser instalado deve ser completamente preenchido com argamassa de cimento e areia.<\/div>\n<div>PROPRIEDADES DA MANTA CER\u00c2MICA:<\/div>\n<div>Cor\u00a0Branca<\/div>\n<div>Limite de uso cont\u00ednuo\u00a01100\u00ba C<\/div>\n<div>Ponto de Fus\u00e3o\u00a01760\u00ba C<\/div>\n<div>Espessura da Manta\u00a0De 52 a 55 mm<\/div>\n<div>Densidade para PCF P -60 De 96 a 115 Kg\/m\u00b3<\/div>\n<div>Densidade para PCF P \u201390\u00a0De 128 a 135 Kg\/m\u00b3<\/div>\n<div>Densidade para PCF P \u2013120\u00a0De 166 a 176 Kg\/m\u00b3<\/div>\n<div><\/div>\n<div><\/div>\n<div><\/div>\n<div><\/div>\n<div>COMPONENTES OPCIONAIS:<\/div>\n<div>Barra Anti-P\u00e2nico.<br \/>\nMola Hidr\u00e1ulica.<br \/>\nFechaduras Especiais com chave.<\/div>\n<div><\/div>\n<div>MANUTEN\u00c7\u00c3O:<br \/>\nA manuten\u00e7\u00e3o das PCFs \u00e9 de responsabilidade do administrador da edifica\u00e7\u00e3o onde a mesma encontra-se instalada. Sempre que se fizer necess\u00e1rio deve ser providenciada a regulagem ou a substitui\u00e7\u00e3o dos dispositivos que n\u00e3o estejam em boas condi\u00e7\u00f5es de funcionamento, que venham a impedir ou prejudicar o correto funcionamento da porta corta fogo.<br \/>\nOs servi\u00e7os que compreendam a substitui\u00e7\u00e3o de qualquer um dos componentes ou da pr\u00f3pria folha devem ser realizados por empresas autorizadas pelo Corpo de Bombeiros.<\/div>\n","protected":false},"excerpt":{"rendered":"<div>Porta corta fogo dupla P-90 resiste a uma exposi\u00e7\u00e3o ao fogo e calor por um tempo m\u00ednimo de 90 minutos.<\/div>\n","protected":false},"featured_media":1038,"comment_status":"open","ping_status":"closed","template":"","meta":[],"product_brand":[],"product_cat":[57,55],"product_tag":[165,98,149],"class_list":{"0":"post-1042","1":"product","2":"type-product","3":"status-publish","4":"has-post-thumbnail","6":"product_cat-porta-corta-fogo","7":"product_cat-porta-corta-fogo-acessorios","8":"product_tag-corta","9":"product_tag-fogo","10":"product_tag-porta","11":"product_shipping_class-calculo-de-frete","13":"first","14":"onbackorder","15":"shipping-taxable","16":"purchasable","17":"product-type-simple"},"yoast_head":"<!-- This site is optimized with the Yoast SEO plugin v25.6 - https:\/\/yoast.com\/wordpress\/plugins\/seo\/ -->\n<title>Porta Corta Fogo P-60 Dupla 1,60x2,10x0,05CM - Dagad Shopping<\/title>\n<meta name=\"robots\" content=\"index, follow, max-snippet:-1, max-image-preview:large, max-video-preview:-1\" \/>\n<link rel=\"canonical\" href=\"https:\/\/www.dagad.com.br\/shop\/produto\/porta-corta-fogo-p-60-dupla-160x210x005cm\/\" \/>\n<meta property=\"og:locale\" content=\"pt_BR\" \/>\n<meta property=\"og:type\" content=\"article\" \/>\n<meta property=\"og:title\" content=\"Porta Corta Fogo P-60 Dupla 1,60x2,10x0,05CM - Dagad Shopping\" \/>\n<meta property=\"og:description\" content=\"Porta corta fogo dupla P-90 resiste a uma exposi\u00e7\u00e3o ao fogo e calor por um tempo m\u00ednimo de 90 minutos.\" \/>\n<meta property=\"og:url\" content=\"https:\/\/www.dagad.com.br\/shop\/produto\/porta-corta-fogo-p-60-dupla-160x210x005cm\/\" \/>\n<meta property=\"og:site_name\" content=\"Dagad Shopping\" \/>\n<meta property=\"article:publisher\" content=\"https:\/\/www.facebook.com\/dagadextintores\" \/>\n<meta property=\"article:modified_time\" content=\"2019-03-14T14:24:51+00:00\" \/>\n<meta property=\"og:image\" content=\"https:\/\/www.dagad.com.br\/shop\/wp-content\/uploads\/2017\/07\/portas_corta.png\" \/>\n\t<meta property=\"og:image:width\" content=\"528\" \/>\n\t<meta property=\"og:image:height\" content=\"536\" \/>\n\t<meta property=\"og:image:type\" content=\"image\/png\" \/>\n<meta name=\"twitter:card\" content=\"summary_large_image\" \/>\n<meta name=\"twitter:site\" content=\"@DAGADMAT\" \/>\n<meta name=\"twitter:label1\" content=\"Est. tempo de leitura\" \/>\n\t<meta name=\"twitter:data1\" content=\"4 minutos\" \/>\n<script type=\"application\/ld+json\" class=\"yoast-schema-graph\">{\"@context\":\"https:\/\/schema.org\",\"@graph\":[{\"@type\":\"WebPage\",\"@id\":\"https:\/\/www.dagad.com.br\/shop\/produto\/porta-corta-fogo-p-60-dupla-160x210x005cm\/\",\"url\":\"https:\/\/www.dagad.com.br\/shop\/produto\/porta-corta-fogo-p-60-dupla-160x210x005cm\/\",\"name\":\"Porta Corta Fogo P-60 Dupla 1,60x2,10x0,05CM - Dagad Shopping\",\"isPartOf\":{\"@id\":\"https:\/\/www.dagad.com.br\/shop\/#website\"},\"primaryImageOfPage\":{\"@id\":\"https:\/\/www.dagad.com.br\/shop\/produto\/porta-corta-fogo-p-60-dupla-160x210x005cm\/#primaryimage\"},\"image\":{\"@id\":\"https:\/\/www.dagad.com.br\/shop\/produto\/porta-corta-fogo-p-60-dupla-160x210x005cm\/#primaryimage\"},\"thumbnailUrl\":\"https:\/\/www.dagad.com.br\/shop\/wp-content\/uploads\/2017\/07\/portas_corta.png\",\"datePublished\":\"2017-07-31T20:13:44+00:00\",\"dateModified\":\"2019-03-14T14:24:51+00:00\",\"breadcrumb\":{\"@id\":\"https:\/\/www.dagad.com.br\/shop\/produto\/porta-corta-fogo-p-60-dupla-160x210x005cm\/#breadcrumb\"},\"inLanguage\":\"pt-BR\",\"potentialAction\":[{\"@type\":\"ReadAction\",\"target\":[\"https:\/\/www.dagad.com.br\/shop\/produto\/porta-corta-fogo-p-60-dupla-160x210x005cm\/\"]}]},{\"@type\":\"ImageObject\",\"inLanguage\":\"pt-BR\",\"@id\":\"https:\/\/www.dagad.com.br\/shop\/produto\/porta-corta-fogo-p-60-dupla-160x210x005cm\/#primaryimage\",\"url\":\"https:\/\/www.dagad.com.br\/shop\/wp-content\/uploads\/2017\/07\/portas_corta.png\",\"contentUrl\":\"https:\/\/www.dagad.com.br\/shop\/wp-content\/uploads\/2017\/07\/portas_corta.png\",\"width\":528,\"height\":536},{\"@type\":\"BreadcrumbList\",\"@id\":\"https:\/\/www.dagad.com.br\/shop\/produto\/porta-corta-fogo-p-60-dupla-160x210x005cm\/#breadcrumb\",\"itemListElement\":[{\"@type\":\"ListItem\",\"position\":1,\"name\":\"In\u00edcio\",\"item\":\"https:\/\/www.dagad.com.br\/shop\/\"},{\"@type\":\"ListItem\",\"position\":2,\"name\":\"Porta Corta Fogo P-60 Dupla 1,60&#215;2,10&#215;0,05CM\"}]},{\"@type\":\"WebSite\",\"@id\":\"https:\/\/www.dagad.com.br\/shop\/#website\",\"url\":\"https:\/\/www.dagad.com.br\/shop\/\",\"name\":\"Dagad Shopping\",\"description\":\"Tudo para preven\u00e7\u00e3o e seguran\u00e7a.\",\"publisher\":{\"@id\":\"https:\/\/www.dagad.com.br\/shop\/#organization\"},\"potentialAction\":[{\"@type\":\"SearchAction\",\"target\":{\"@type\":\"EntryPoint\",\"urlTemplate\":\"https:\/\/www.dagad.com.br\/shop\/?s={search_term_string}\"},\"query-input\":{\"@type\":\"PropertyValueSpecification\",\"valueRequired\":true,\"valueName\":\"search_term_string\"}}],\"inLanguage\":\"pt-BR\"},{\"@type\":\"Organization\",\"@id\":\"https:\/\/www.dagad.com.br\/shop\/#organization\",\"name\":\"Dagad Shop - Materiais Contra Inc\u00eandio\",\"url\":\"https:\/\/www.dagad.com.br\/shop\/\",\"logo\":{\"@type\":\"ImageObject\",\"inLanguage\":\"pt-BR\",\"@id\":\"https:\/\/www.dagad.com.br\/shop\/#\/schema\/logo\/image\/\",\"url\":\"https:\/\/www.dagad.com.br\/shop\/wp-content\/uploads\/2017\/08\/logo-site2.jpg\",\"contentUrl\":\"https:\/\/www.dagad.com.br\/shop\/wp-content\/uploads\/2017\/08\/logo-site2.jpg\",\"width\":115,\"height\":115,\"caption\":\"Dagad Shop - Materiais Contra Inc\u00eandio\"},\"image\":{\"@id\":\"https:\/\/www.dagad.com.br\/shop\/#\/schema\/logo\/image\/\"},\"sameAs\":[\"https:\/\/www.facebook.com\/dagadextintores\",\"https:\/\/x.com\/DAGADMAT\",\"https:\/\/www.instagram.com\/dagad_extintores\/\",\"https:\/\/www.linkedin.com\/company\/dagad-materiais-de-seguran-a\",\"https:\/\/br.pinterest.com\/DagadShop\",\"http:\/\/www.youtube.com\/channel\/UCZNuW9Azjgylii7eNxvBQWg\"]}]}<\/script>\n<!-- \/ Yoast SEO plugin. -->","yoast_head_json":{"title":"Porta Corta Fogo P-60 Dupla 1,60x2,10x0,05CM - Dagad Shopping","robots":{"index":"index","follow":"follow","max-snippet":"max-snippet:-1","max-image-preview":"max-image-preview:large","max-video-preview":"max-video-preview:-1"},"canonical":"https:\/\/www.dagad.com.br\/shop\/produto\/porta-corta-fogo-p-60-dupla-160x210x005cm\/","og_locale":"pt_BR","og_type":"article","og_title":"Porta Corta Fogo P-60 Dupla 1,60x2,10x0,05CM - Dagad Shopping","og_description":"Porta corta fogo dupla P-90 resiste a uma exposi\u00e7\u00e3o ao fogo e calor por um tempo m\u00ednimo de 90 minutos.","og_url":"https:\/\/www.dagad.com.br\/shop\/produto\/porta-corta-fogo-p-60-dupla-160x210x005cm\/","og_site_name":"Dagad Shopping","article_publisher":"https:\/\/www.facebook.com\/dagadextintores","article_modified_time":"2019-03-14T14:24:51+00:00","og_image":[{"width":528,"height":536,"url":"https:\/\/www.dagad.com.br\/shop\/wp-content\/uploads\/2017\/07\/portas_corta.png","type":"image\/png"}],"twitter_card":"summary_large_image","twitter_site":"@DAGADMAT","twitter_misc":{"Est. tempo de leitura":"4 minutos"},"schema":{"@context":"https:\/\/schema.org","@graph":[{"@type":"WebPage","@id":"https:\/\/www.dagad.com.br\/shop\/produto\/porta-corta-fogo-p-60-dupla-160x210x005cm\/","url":"https:\/\/www.dagad.com.br\/shop\/produto\/porta-corta-fogo-p-60-dupla-160x210x005cm\/","name":"Porta Corta Fogo P-60 Dupla 1,60x2,10x0,05CM - Dagad Shopping","isPartOf":{"@id":"https:\/\/www.dagad.com.br\/shop\/#website"},"primaryImageOfPage":{"@id":"https:\/\/www.dagad.com.br\/shop\/produto\/porta-corta-fogo-p-60-dupla-160x210x005cm\/#primaryimage"},"image":{"@id":"https:\/\/www.dagad.com.br\/shop\/produto\/porta-corta-fogo-p-60-dupla-160x210x005cm\/#primaryimage"},"thumbnailUrl":"https:\/\/www.dagad.com.br\/shop\/wp-content\/uploads\/2017\/07\/portas_corta.png","datePublished":"2017-07-31T20:13:44+00:00","dateModified":"2019-03-14T14:24:51+00:00","breadcrumb":{"@id":"https:\/\/www.dagad.com.br\/shop\/produto\/porta-corta-fogo-p-60-dupla-160x210x005cm\/#breadcrumb"},"inLanguage":"pt-BR","potentialAction":[{"@type":"ReadAction","target":["https:\/\/www.dagad.com.br\/shop\/produto\/porta-corta-fogo-p-60-dupla-160x210x005cm\/"]}]},{"@type":"ImageObject","inLanguage":"pt-BR","@id":"https:\/\/www.dagad.com.br\/shop\/produto\/porta-corta-fogo-p-60-dupla-160x210x005cm\/#primaryimage","url":"https:\/\/www.dagad.com.br\/shop\/wp-content\/uploads\/2017\/07\/portas_corta.png","contentUrl":"https:\/\/www.dagad.com.br\/shop\/wp-content\/uploads\/2017\/07\/portas_corta.png","width":528,"height":536},{"@type":"BreadcrumbList","@id":"https:\/\/www.dagad.com.br\/shop\/produto\/porta-corta-fogo-p-60-dupla-160x210x005cm\/#breadcrumb","itemListElement":[{"@type":"ListItem","position":1,"name":"In\u00edcio","item":"https:\/\/www.dagad.com.br\/shop\/"},{"@type":"ListItem","position":2,"name":"Porta Corta Fogo P-60 Dupla 1,60&#215;2,10&#215;0,05CM"}]},{"@type":"WebSite","@id":"https:\/\/www.dagad.com.br\/shop\/#website","url":"https:\/\/www.dagad.com.br\/shop\/","name":"Dagad Shopping","description":"Tudo para preven\u00e7\u00e3o e seguran\u00e7a.","publisher":{"@id":"https:\/\/www.dagad.com.br\/shop\/#organization"},"potentialAction":[{"@type":"SearchAction","target":{"@type":"EntryPoint","urlTemplate":"https:\/\/www.dagad.com.br\/shop\/?s={search_term_string}"},"query-input":{"@type":"PropertyValueSpecification","valueRequired":true,"valueName":"search_term_string"}}],"inLanguage":"pt-BR"},{"@type":"Organization","@id":"https:\/\/www.dagad.com.br\/shop\/#organization","name":"Dagad Shop - Materiais Contra Inc\u00eandio","url":"https:\/\/www.dagad.com.br\/shop\/","logo":{"@type":"ImageObject","inLanguage":"pt-BR","@id":"https:\/\/www.dagad.com.br\/shop\/#\/schema\/logo\/image\/","url":"https:\/\/www.dagad.com.br\/shop\/wp-content\/uploads\/2017\/08\/logo-site2.jpg","contentUrl":"https:\/\/www.dagad.com.br\/shop\/wp-content\/uploads\/2017\/08\/logo-site2.jpg","width":115,"height":115,"caption":"Dagad Shop - Materiais Contra Inc\u00eandio"},"image":{"@id":"https:\/\/www.dagad.com.br\/shop\/#\/schema\/logo\/image\/"},"sameAs":["https:\/\/www.facebook.com\/dagadextintores","https:\/\/x.com\/DAGADMAT","https:\/\/www.instagram.com\/dagad_extintores\/","https:\/\/www.linkedin.com\/company\/dagad-materiais-de-seguran-a","https:\/\/br.pinterest.com\/DagadShop","http:\/\/www.youtube.com\/channel\/UCZNuW9Azjgylii7eNxvBQWg"]}]}},"_links":{"self":[{"href":"https:\/\/www.dagad.com.br\/shop\/wp-json\/wp\/v2\/product\/1042","targetHints":{"allow":["GET"]}}],"collection":[{"href":"https:\/\/www.dagad.com.br\/shop\/wp-json\/wp\/v2\/product"}],"about":[{"href":"https:\/\/www.dagad.com.br\/shop\/wp-json\/wp\/v2\/types\/product"}],"replies":[{"embeddable":true,"href":"https:\/\/www.dagad.com.br\/shop\/wp-json\/wp\/v2\/comments?post=1042"}],"wp:featuredmedia":[{"embeddable":true,"href":"https:\/\/www.dagad.com.br\/shop\/wp-json\/wp\/v2\/media\/1038"}],"wp:attachment":[{"href":"https:\/\/www.dagad.com.br\/shop\/wp-json\/wp\/v2\/media?parent=1042"}],"wp:term":[{"taxonomy":"product_brand","embeddable":true,"href":"https:\/\/www.dagad.com.br\/shop\/wp-json\/wp\/v2\/product_brand?post=1042"},{"taxonomy":"product_cat","embeddable":true,"href":"https:\/\/www.dagad.com.br\/shop\/wp-json\/wp\/v2\/product_cat?post=1042"},{"taxonomy":"product_tag","embeddable":true,"href":"https:\/\/www.dagad.com.br\/shop\/wp-json\/wp\/v2\/product_tag?post=1042"}],"curies":[{"name":"wp","href":"https:\/\/api.w.org\/{rel}","templated":true}]}}