{"id":1067,"date":"2018-03-01T09:06:48","date_gmt":"2018-03-01T12:06:48","guid":{"rendered":"http:\/\/www.dagad.com.br\/shops\/?post_type=product&#038;p=1067"},"modified":"2021-01-22T06:06:52","modified_gmt":"2021-01-22T09:06:52","slug":"manutencao-em-casas-de-bombas-de-incendio-cmi","status":"publish","type":"product","link":"https:\/\/www.dagad.com.br\/shop\/produto\/manutencao-em-casas-de-bombas-de-incendio-cmi\/","title":{"rendered":"Manuten\u00e7\u00e3o em Casas de Bombas de Inc\u00eandio (CMI)"},"content":{"rendered":"<div>Manuten\u00e7\u00e3o para a rede de pressuriza\u00e7\u00e3o para hidrantes e bombas de inc\u00eandio. Essa manuten\u00e7\u00e3o consiste em analisar toda a rede de inc\u00eandio, do in\u00edcio (na CMI) at\u00e9 o final (recalque).<br \/>\nS\u00e3o analisados:<\/div>\n<div>A press\u00e3o existente na tubula\u00e7\u00e3o e realizado o ajuste ou corre\u00e7\u00e3o se necess\u00e1rio;<br \/>\nA partida das bombas atrav\u00e9s do comando enviado pelo pressostato e realizado a sua regulagem ou mesmo a adequa\u00e7\u00e3o para o modelo pertinente ao sistema;<br \/>\nO acionamento do alarme quando as bombas entram em atividade e quando n\u00e3o h\u00e1, fazemos o estudo para melhor localiza\u00e7\u00e3o de instala\u00e7\u00e3o do mesmo;<br \/>\nA instala\u00e7\u00e3o el\u00e9trica de todo o sistema e informado ao cliente caso n\u00e3o esteja de acordo com os padr\u00f5es exigidos pela NR10;<br \/>\nOs abrigos de inc\u00eandio e seus componentes e caso n\u00e3o estejam completos o cliente \u00e9 informado atrav\u00e9s de relat\u00f3rio sobre as faltas detectadas;<br \/>\nO hidrante de recalque e seus componentes e caso n\u00e3o estejam completos o cliente \u00e9 informado atrav\u00e9s de relat\u00f3rio sobre as faltas detectadas;<br \/>\nOs Abrigos de Inc\u00eandio devem possuir:<\/div>\n<div>01 Registro globo 45\u00ba ou gaveta de 2 1\/2&#8243;;<br \/>\n01 Adaptador de Rosca F\u00eamea 2 1\/2&#8243; x 1 1\/2&#8243; Storz ou Engate R\u00e1pido;<br \/>\n02 Lances de Mangueiras de Inc\u00eandio com 15 metros, tipo 1 ou tipo 2, conforme utiliza\u00e7\u00e3o da edifica\u00e7\u00e3o;<br \/>\n01 Esguicho Jato S\u00f3lido ou Jato Regul\u00e1vel de 1 1\/2&#8243;;<br \/>\n02 Chaves Storz ou Engate R\u00e1pido de 1 1\/2&#8243; ou modelo dupla 1 1\/2&#8243; e 2 1\/2&#8243;;<br \/>\n01 Adesivo na porta do Abrigo com a descri\u00e7\u00e3o &#8220;INC\u00caNDIO&#8221; ou a imagem da Mangueira de Inc\u00eandio;<br \/>\n01 Lacre de f\u00e1cil rompimento na sua porta;<br \/>\nAl\u00e9m das an\u00e1lises s\u00e3o realizados os seguintes servi\u00e7os:<\/div>\n<div>Teste de funcionamento autom\u00e1tico do sistema atrav\u00e9s do dreno existente;<br \/>\nRegulagem de press\u00e3o;<br \/>\nTeste de funcionamento da rede de hidrantes atrav\u00e9s do &#8220;recalque&#8221;;<br \/>\nEmiss\u00e3o do Certificado de Conformidade do Sistema;<br \/>\nEsses servi\u00e7os s\u00e3o executados de segunda \u00e0 sexta-feira, durante o hor\u00e1rio comercial de 08:00 \u00e0s 17:00h.<br \/>\nPara a realiza\u00e7\u00e3o do teste de funcionamento da rede de hidrantes, \u00e9 necessario a autoriza\u00e7\u00e3o pr\u00e9via do s\u00edndico do edif\u00edcio ou do respons\u00e1vel da empresa, pois \u00e9 realizado o engate de um lance de mangueira e realizado a abertura do registro de recalque.<\/div>\n","protected":false},"excerpt":{"rendered":"<p>Manuten\u00e7\u00e3o do Sistema de Bombas de Inc\u00eandio e Pressuriza\u00e7\u00e3o da Rede de combate \u00e0 Inc\u00eandio.<\/p>\n","protected":false},"featured_media":1068,"comment_status":"open","ping_status":"closed","template":"","meta":[],"product_brand":[],"product_cat":[329],"product_tag":[332,330,331],"class_list":{"0":"post-1067","1":"product","2":"type-product","3":"status-publish","4":"has-post-thumbnail","6":"product_cat-servicos-grande-rio-e-capital","7":"product_tag-casa-de-bombas","8":"product_tag-cmi","9":"product_tag-manutencao","11":"first","12":"instock","13":"sale","14":"virtual","15":"sold-individually","16":"purchasable","17":"product-type-simple"},"yoast_head":"<!-- This site is optimized with the Yoast SEO plugin v25.6 - https:\/\/yoast.com\/wordpress\/plugins\/seo\/ -->\n<title>Manuten\u00e7\u00e3o em Casas de Bombas de Inc\u00eandio (CMI) - Dagad Shopping<\/title>\n<meta name=\"robots\" content=\"index, follow, max-snippet:-1, max-image-preview:large, max-video-preview:-1\" \/>\n<link rel=\"canonical\" href=\"https:\/\/www.dagad.com.br\/shop\/produto\/manutencao-em-casas-de-bombas-de-incendio-cmi\/\" \/>\n<meta property=\"og:locale\" content=\"pt_BR\" \/>\n<meta property=\"og:type\" content=\"article\" \/>\n<meta property=\"og:title\" content=\"Manuten\u00e7\u00e3o em Casas de Bombas de Inc\u00eandio (CMI) - Dagad Shopping\" \/>\n<meta property=\"og:description\" content=\"Manuten\u00e7\u00e3o do Sistema de Bombas de Inc\u00eandio e Pressuriza\u00e7\u00e3o da Rede de combate \u00e0 Inc\u00eandio.\" \/>\n<meta property=\"og:url\" content=\"https:\/\/www.dagad.com.br\/shop\/produto\/manutencao-em-casas-de-bombas-de-incendio-cmi\/\" \/>\n<meta property=\"og:site_name\" content=\"Dagad Shopping\" \/>\n<meta property=\"article:publisher\" content=\"https:\/\/www.facebook.com\/dagadextintores\" \/>\n<meta property=\"article:modified_time\" content=\"2021-01-22T09:06:52+00:00\" \/>\n<meta property=\"og:image\" content=\"https:\/\/www.dagad.com.br\/shop\/wp-content\/uploads\/2017\/08\/esquema_simples.jpg\" \/>\n\t<meta property=\"og:image:width\" content=\"246\" \/>\n\t<meta property=\"og:image:height\" content=\"205\" \/>\n\t<meta property=\"og:image:type\" content=\"image\/jpeg\" \/>\n<meta name=\"twitter:card\" content=\"summary_large_image\" \/>\n<meta name=\"twitter:site\" content=\"@DAGADMAT\" \/>\n<meta name=\"twitter:label1\" content=\"Est. tempo de leitura\" \/>\n\t<meta name=\"twitter:data1\" content=\"2 minutos\" \/>\n<script type=\"application\/ld+json\" class=\"yoast-schema-graph\">{\"@context\":\"https:\/\/schema.org\",\"@graph\":[{\"@type\":\"WebPage\",\"@id\":\"https:\/\/www.dagad.com.br\/shop\/produto\/manutencao-em-casas-de-bombas-de-incendio-cmi\/\",\"url\":\"https:\/\/www.dagad.com.br\/shop\/produto\/manutencao-em-casas-de-bombas-de-incendio-cmi\/\",\"name\":\"Manuten\u00e7\u00e3o em Casas de Bombas de Inc\u00eandio (CMI) - Dagad Shopping\",\"isPartOf\":{\"@id\":\"https:\/\/www.dagad.com.br\/shop\/#website\"},\"primaryImageOfPage\":{\"@id\":\"https:\/\/www.dagad.com.br\/shop\/produto\/manutencao-em-casas-de-bombas-de-incendio-cmi\/#primaryimage\"},\"image\":{\"@id\":\"https:\/\/www.dagad.com.br\/shop\/produto\/manutencao-em-casas-de-bombas-de-incendio-cmi\/#primaryimage\"},\"thumbnailUrl\":\"https:\/\/www.dagad.com.br\/shop\/wp-content\/uploads\/2017\/08\/esquema_simples.jpg\",\"datePublished\":\"2018-03-01T12:06:48+00:00\",\"dateModified\":\"2021-01-22T09:06:52+00:00\",\"breadcrumb\":{\"@id\":\"https:\/\/www.dagad.com.br\/shop\/produto\/manutencao-em-casas-de-bombas-de-incendio-cmi\/#breadcrumb\"},\"inLanguage\":\"pt-BR\",\"potentialAction\":[{\"@type\":\"ReadAction\",\"target\":[\"https:\/\/www.dagad.com.br\/shop\/produto\/manutencao-em-casas-de-bombas-de-incendio-cmi\/\"]}]},{\"@type\":\"ImageObject\",\"inLanguage\":\"pt-BR\",\"@id\":\"https:\/\/www.dagad.com.br\/shop\/produto\/manutencao-em-casas-de-bombas-de-incendio-cmi\/#primaryimage\",\"url\":\"https:\/\/www.dagad.com.br\/shop\/wp-content\/uploads\/2017\/08\/esquema_simples.jpg\",\"contentUrl\":\"https:\/\/www.dagad.com.br\/shop\/wp-content\/uploads\/2017\/08\/esquema_simples.jpg\",\"width\":246,\"height\":205},{\"@type\":\"BreadcrumbList\",\"@id\":\"https:\/\/www.dagad.com.br\/shop\/produto\/manutencao-em-casas-de-bombas-de-incendio-cmi\/#breadcrumb\",\"itemListElement\":[{\"@type\":\"ListItem\",\"position\":1,\"name\":\"In\u00edcio\",\"item\":\"https:\/\/www.dagad.com.br\/shop\/\"},{\"@type\":\"ListItem\",\"position\":2,\"name\":\"Manuten\u00e7\u00e3o em Casas de Bombas de Inc\u00eandio (CMI)\"}]},{\"@type\":\"WebSite\",\"@id\":\"https:\/\/www.dagad.com.br\/shop\/#website\",\"url\":\"https:\/\/www.dagad.com.br\/shop\/\",\"name\":\"Dagad Shopping\",\"description\":\"Tudo para preven\u00e7\u00e3o e seguran\u00e7a.\",\"publisher\":{\"@id\":\"https:\/\/www.dagad.com.br\/shop\/#organization\"},\"potentialAction\":[{\"@type\":\"SearchAction\",\"target\":{\"@type\":\"EntryPoint\",\"urlTemplate\":\"https:\/\/www.dagad.com.br\/shop\/?s={search_term_string}\"},\"query-input\":{\"@type\":\"PropertyValueSpecification\",\"valueRequired\":true,\"valueName\":\"search_term_string\"}}],\"inLanguage\":\"pt-BR\"},{\"@type\":\"Organization\",\"@id\":\"https:\/\/www.dagad.com.br\/shop\/#organization\",\"name\":\"Dagad Shop - Materiais Contra Inc\u00eandio\",\"url\":\"https:\/\/www.dagad.com.br\/shop\/\",\"logo\":{\"@type\":\"ImageObject\",\"inLanguage\":\"pt-BR\",\"@id\":\"https:\/\/www.dagad.com.br\/shop\/#\/schema\/logo\/image\/\",\"url\":\"https:\/\/www.dagad.com.br\/shop\/wp-content\/uploads\/2017\/08\/logo-site2.jpg\",\"contentUrl\":\"https:\/\/www.dagad.com.br\/shop\/wp-content\/uploads\/2017\/08\/logo-site2.jpg\",\"width\":115,\"height\":115,\"caption\":\"Dagad Shop - Materiais Contra Inc\u00eandio\"},\"image\":{\"@id\":\"https:\/\/www.dagad.com.br\/shop\/#\/schema\/logo\/image\/\"},\"sameAs\":[\"https:\/\/www.facebook.com\/dagadextintores\",\"https:\/\/x.com\/DAGADMAT\",\"https:\/\/www.instagram.com\/dagad_extintores\/\",\"https:\/\/www.linkedin.com\/company\/dagad-materiais-de-seguran-a\",\"https:\/\/br.pinterest.com\/DagadShop\",\"http:\/\/www.youtube.com\/channel\/UCZNuW9Azjgylii7eNxvBQWg\"]}]}<\/script>\n<!-- \/ Yoast SEO plugin. -->","yoast_head_json":{"title":"Manuten\u00e7\u00e3o em Casas de Bombas de Inc\u00eandio (CMI) - Dagad Shopping","robots":{"index":"index","follow":"follow","max-snippet":"max-snippet:-1","max-image-preview":"max-image-preview:large","max-video-preview":"max-video-preview:-1"},"canonical":"https:\/\/www.dagad.com.br\/shop\/produto\/manutencao-em-casas-de-bombas-de-incendio-cmi\/","og_locale":"pt_BR","og_type":"article","og_title":"Manuten\u00e7\u00e3o em Casas de Bombas de Inc\u00eandio (CMI) - Dagad Shopping","og_description":"Manuten\u00e7\u00e3o do Sistema de Bombas de Inc\u00eandio e Pressuriza\u00e7\u00e3o da Rede de combate \u00e0 Inc\u00eandio.","og_url":"https:\/\/www.dagad.com.br\/shop\/produto\/manutencao-em-casas-de-bombas-de-incendio-cmi\/","og_site_name":"Dagad Shopping","article_publisher":"https:\/\/www.facebook.com\/dagadextintores","article_modified_time":"2021-01-22T09:06:52+00:00","og_image":[{"width":246,"height":205,"url":"https:\/\/www.dagad.com.br\/shop\/wp-content\/uploads\/2017\/08\/esquema_simples.jpg","type":"image\/jpeg"}],"twitter_card":"summary_large_image","twitter_site":"@DAGADMAT","twitter_misc":{"Est. tempo de leitura":"2 minutos"},"schema":{"@context":"https:\/\/schema.org","@graph":[{"@type":"WebPage","@id":"https:\/\/www.dagad.com.br\/shop\/produto\/manutencao-em-casas-de-bombas-de-incendio-cmi\/","url":"https:\/\/www.dagad.com.br\/shop\/produto\/manutencao-em-casas-de-bombas-de-incendio-cmi\/","name":"Manuten\u00e7\u00e3o em Casas de Bombas de Inc\u00eandio (CMI) - Dagad Shopping","isPartOf":{"@id":"https:\/\/www.dagad.com.br\/shop\/#website"},"primaryImageOfPage":{"@id":"https:\/\/www.dagad.com.br\/shop\/produto\/manutencao-em-casas-de-bombas-de-incendio-cmi\/#primaryimage"},"image":{"@id":"https:\/\/www.dagad.com.br\/shop\/produto\/manutencao-em-casas-de-bombas-de-incendio-cmi\/#primaryimage"},"thumbnailUrl":"https:\/\/www.dagad.com.br\/shop\/wp-content\/uploads\/2017\/08\/esquema_simples.jpg","datePublished":"2018-03-01T12:06:48+00:00","dateModified":"2021-01-22T09:06:52+00:00","breadcrumb":{"@id":"https:\/\/www.dagad.com.br\/shop\/produto\/manutencao-em-casas-de-bombas-de-incendio-cmi\/#breadcrumb"},"inLanguage":"pt-BR","potentialAction":[{"@type":"ReadAction","target":["https:\/\/www.dagad.com.br\/shop\/produto\/manutencao-em-casas-de-bombas-de-incendio-cmi\/"]}]},{"@type":"ImageObject","inLanguage":"pt-BR","@id":"https:\/\/www.dagad.com.br\/shop\/produto\/manutencao-em-casas-de-bombas-de-incendio-cmi\/#primaryimage","url":"https:\/\/www.dagad.com.br\/shop\/wp-content\/uploads\/2017\/08\/esquema_simples.jpg","contentUrl":"https:\/\/www.dagad.com.br\/shop\/wp-content\/uploads\/2017\/08\/esquema_simples.jpg","width":246,"height":205},{"@type":"BreadcrumbList","@id":"https:\/\/www.dagad.com.br\/shop\/produto\/manutencao-em-casas-de-bombas-de-incendio-cmi\/#breadcrumb","itemListElement":[{"@type":"ListItem","position":1,"name":"In\u00edcio","item":"https:\/\/www.dagad.com.br\/shop\/"},{"@type":"ListItem","position":2,"name":"Manuten\u00e7\u00e3o em Casas de Bombas de Inc\u00eandio (CMI)"}]},{"@type":"WebSite","@id":"https:\/\/www.dagad.com.br\/shop\/#website","url":"https:\/\/www.dagad.com.br\/shop\/","name":"Dagad Shopping","description":"Tudo para preven\u00e7\u00e3o e seguran\u00e7a.","publisher":{"@id":"https:\/\/www.dagad.com.br\/shop\/#organization"},"potentialAction":[{"@type":"SearchAction","target":{"@type":"EntryPoint","urlTemplate":"https:\/\/www.dagad.com.br\/shop\/?s={search_term_string}"},"query-input":{"@type":"PropertyValueSpecification","valueRequired":true,"valueName":"search_term_string"}}],"inLanguage":"pt-BR"},{"@type":"Organization","@id":"https:\/\/www.dagad.com.br\/shop\/#organization","name":"Dagad Shop - Materiais Contra Inc\u00eandio","url":"https:\/\/www.dagad.com.br\/shop\/","logo":{"@type":"ImageObject","inLanguage":"pt-BR","@id":"https:\/\/www.dagad.com.br\/shop\/#\/schema\/logo\/image\/","url":"https:\/\/www.dagad.com.br\/shop\/wp-content\/uploads\/2017\/08\/logo-site2.jpg","contentUrl":"https:\/\/www.dagad.com.br\/shop\/wp-content\/uploads\/2017\/08\/logo-site2.jpg","width":115,"height":115,"caption":"Dagad Shop - Materiais Contra Inc\u00eandio"},"image":{"@id":"https:\/\/www.dagad.com.br\/shop\/#\/schema\/logo\/image\/"},"sameAs":["https:\/\/www.facebook.com\/dagadextintores","https:\/\/x.com\/DAGADMAT","https:\/\/www.instagram.com\/dagad_extintores\/","https:\/\/www.linkedin.com\/company\/dagad-materiais-de-seguran-a","https:\/\/br.pinterest.com\/DagadShop","http:\/\/www.youtube.com\/channel\/UCZNuW9Azjgylii7eNxvBQWg"]}]}},"_links":{"self":[{"href":"https:\/\/www.dagad.com.br\/shop\/wp-json\/wp\/v2\/product\/1067","targetHints":{"allow":["GET"]}}],"collection":[{"href":"https:\/\/www.dagad.com.br\/shop\/wp-json\/wp\/v2\/product"}],"about":[{"href":"https:\/\/www.dagad.com.br\/shop\/wp-json\/wp\/v2\/types\/product"}],"replies":[{"embeddable":true,"href":"https:\/\/www.dagad.com.br\/shop\/wp-json\/wp\/v2\/comments?post=1067"}],"wp:featuredmedia":[{"embeddable":true,"href":"https:\/\/www.dagad.com.br\/shop\/wp-json\/wp\/v2\/media\/1068"}],"wp:attachment":[{"href":"https:\/\/www.dagad.com.br\/shop\/wp-json\/wp\/v2\/media?parent=1067"}],"wp:term":[{"taxonomy":"product_brand","embeddable":true,"href":"https:\/\/www.dagad.com.br\/shop\/wp-json\/wp\/v2\/product_brand?post=1067"},{"taxonomy":"product_cat","embeddable":true,"href":"https:\/\/www.dagad.com.br\/shop\/wp-json\/wp\/v2\/product_cat?post=1067"},{"taxonomy":"product_tag","embeddable":true,"href":"https:\/\/www.dagad.com.br\/shop\/wp-json\/wp\/v2\/product_tag?post=1067"}],"curies":[{"name":"wp","href":"https:\/\/api.w.org\/{rel}","templated":true}]}}