{"id":1215,"date":"2017-08-09T17:12:41","date_gmt":"2017-08-09T20:12:41","guid":{"rendered":"http:\/\/www.dagad.com.br\/shops\/?post_type=product&#038;p=1215"},"modified":"2019-03-14T11:22:57","modified_gmt":"2019-03-14T14:22:57","slug":"luminaria-de-emergencia-autonoma-30-leds","status":"publish","type":"product","link":"https:\/\/www.dagad.com.br\/shop\/produto\/luminaria-de-emergencia-autonoma-30-leds\/","title":{"rendered":"Lumin\u00e1ria de Emerg\u00eancia Aut\u00f4noma 30 LEDs"},"content":{"rendered":"<div><strong>Caracter\u00edsticas:<\/strong><\/div>\n<div>\u2022 Autonomia: 6 horas (fluxo m\u00ednimo);<br \/>\n\u2022 Autonomia: 3 horas (fluxo m\u00e1ximo);<br \/>\n\u2022 Fluxo luminoso m\u00e1ximo: 110lm \/ m\u00ednimo: 50lm;<br \/>\n\u2022 Bateria de Lithium 3,7V, 1.000mAh;<br \/>\n\u2022 Fabricado em pl\u00e1stico ABS;<br \/>\n\u2022 Dimens\u00f5es: 200X50X30mm;<br \/>\n\u2022 Led SMD de alta pot\u00eancia;<br \/>\n\u2022 Chave seletora para intensidade de luz;<br \/>\n\u2022 Design Slim;<br \/>\n\u2022 Al\u00e7a Retr\u00e1til;<br \/>\n\u2022 Bot\u00e3o de teste;<br \/>\n\u2022 Buchas e parafusos inclusos;<br \/>\n\u2022 Consumo de energia: 1W;<br \/>\n\u2022 Super compacta: 20x5x3cm;<br \/>\n\u2022 Led SMD de alta pot\u00eancia.<\/div>\n<div>Informa\u00e7\u00f5es T\u00e9cnicas:<br \/>\n\u2022 Alimenta\u00e7\u00e3o Bivolt autom\u00e1tico 110\/220V;<br \/>\n\u2022 Atende os requisitos exigidos pelas normas nacionais (NBR 10898);<br \/>\n\u2022 Este equipamento foi desenvolvido p\/ ilumina\u00e7\u00e3o de emerg\u00eancia (aclaramento) em Escadarias, escrit\u00f3rios, resid\u00eancias, camping e pesca;<br \/>\n\u2022 \u00c1rea de abrang\u00eancia: 25m\u00b2;<br \/>\n\u2022 Temperatura de cor do led: 6000 &#8211; 7000k;<br \/>\n\u2022 Grau de Prote\u00e7\u00e3o: IP-20;<br \/>\n\u2022 Fixa\u00e7\u00e3o: A lumin\u00e1ria pode ser fixada no teto e em paredes. Utilizar os parafusos e buchas fornecidos;<br \/>\n\u2022 Coloque a chave seletora na posi\u00e7\u00e3o desligada antes da primeira opera\u00e7\u00e3o, coloque o plug na tomada e carregue a bateria por no m\u00ednimo 48 horas;<br \/>\n\u2022 Caso a lumin\u00e1ria n\u00e3o seja utilizada, recomendamos que a cada 3 meses seja colocada em funcionamento at\u00e9 que os leds se apaguem. Em seguida efetuar uma carga de 48 horas, mantendo a chave seletora na posi\u00e7\u00e3o desligada, isso para uma vida \u00fatil mais longa da bateria.<\/div>\n<div><\/div>\n<div><strong>IMAGENS MERAMENTE ILUSTRATIVAS<\/strong><\/div>\n","protected":false},"excerpt":{"rendered":"<p>Lumin\u00e1ria de Emerg\u00eancia 30 LEDs<\/p>\n","protected":false},"featured_media":1216,"comment_status":"open","ping_status":"closed","template":"","meta":[],"product_brand":[],"product_cat":[33],"product_tag":[394,119,123],"class_list":{"0":"post-1215","1":"product","2":"type-product","3":"status-publish","4":"has-post-thumbnail","6":"product_cat-luminarias-de-emergencia","7":"product_tag-30-leds","8":"product_tag-emergencia","9":"product_tag-luminaria","11":"first","12":"outofstock","13":"shipping-taxable","14":"purchasable","15":"product-type-simple"},"yoast_head":"<!-- This site is optimized with the Yoast SEO plugin v25.6 - https:\/\/yoast.com\/wordpress\/plugins\/seo\/ -->\n<title>Lumin\u00e1ria de Emerg\u00eancia Aut\u00f4noma 30 LEDs - Dagad Shopping<\/title>\n<meta name=\"robots\" content=\"index, follow, max-snippet:-1, max-image-preview:large, max-video-preview:-1\" \/>\n<link rel=\"canonical\" href=\"https:\/\/www.dagad.com.br\/shop\/produto\/luminaria-de-emergencia-autonoma-30-leds\/\" \/>\n<meta property=\"og:locale\" content=\"pt_BR\" \/>\n<meta property=\"og:type\" content=\"article\" \/>\n<meta property=\"og:title\" content=\"Lumin\u00e1ria de Emerg\u00eancia Aut\u00f4noma 30 LEDs - Dagad Shopping\" \/>\n<meta property=\"og:description\" content=\"Lumin\u00e1ria de Emerg\u00eancia 30 LEDs\" \/>\n<meta property=\"og:url\" content=\"https:\/\/www.dagad.com.br\/shop\/produto\/luminaria-de-emergencia-autonoma-30-leds\/\" \/>\n<meta property=\"og:site_name\" content=\"Dagad Shopping\" \/>\n<meta property=\"article:publisher\" content=\"https:\/\/www.facebook.com\/dagadextintores\" \/>\n<meta property=\"article:modified_time\" content=\"2019-03-14T14:22:57+00:00\" \/>\n<meta property=\"og:image\" content=\"https:\/\/www.dagad.com.br\/shop\/wp-content\/uploads\/2017\/08\/4738a24ea15c58381586b4f21004d3be570c41c3.png\" \/>\n\t<meta property=\"og:image:width\" content=\"768\" \/>\n\t<meta property=\"og:image:height\" content=\"1024\" \/>\n\t<meta property=\"og:image:type\" content=\"image\/png\" \/>\n<meta name=\"twitter:card\" content=\"summary_large_image\" \/>\n<meta name=\"twitter:site\" content=\"@DAGADMAT\" \/>\n<meta name=\"twitter:label1\" content=\"Est. tempo de leitura\" \/>\n\t<meta name=\"twitter:data1\" content=\"1 minuto\" \/>\n<script type=\"application\/ld+json\" class=\"yoast-schema-graph\">{\"@context\":\"https:\/\/schema.org\",\"@graph\":[{\"@type\":\"WebPage\",\"@id\":\"https:\/\/www.dagad.com.br\/shop\/produto\/luminaria-de-emergencia-autonoma-30-leds\/\",\"url\":\"https:\/\/www.dagad.com.br\/shop\/produto\/luminaria-de-emergencia-autonoma-30-leds\/\",\"name\":\"Lumin\u00e1ria de Emerg\u00eancia Aut\u00f4noma 30 LEDs - Dagad Shopping\",\"isPartOf\":{\"@id\":\"https:\/\/www.dagad.com.br\/shop\/#website\"},\"primaryImageOfPage\":{\"@id\":\"https:\/\/www.dagad.com.br\/shop\/produto\/luminaria-de-emergencia-autonoma-30-leds\/#primaryimage\"},\"image\":{\"@id\":\"https:\/\/www.dagad.com.br\/shop\/produto\/luminaria-de-emergencia-autonoma-30-leds\/#primaryimage\"},\"thumbnailUrl\":\"https:\/\/www.dagad.com.br\/shop\/wp-content\/uploads\/2017\/08\/4738a24ea15c58381586b4f21004d3be570c41c3.png\",\"datePublished\":\"2017-08-09T20:12:41+00:00\",\"dateModified\":\"2019-03-14T14:22:57+00:00\",\"breadcrumb\":{\"@id\":\"https:\/\/www.dagad.com.br\/shop\/produto\/luminaria-de-emergencia-autonoma-30-leds\/#breadcrumb\"},\"inLanguage\":\"pt-BR\",\"potentialAction\":[{\"@type\":\"ReadAction\",\"target\":[\"https:\/\/www.dagad.com.br\/shop\/produto\/luminaria-de-emergencia-autonoma-30-leds\/\"]}]},{\"@type\":\"ImageObject\",\"inLanguage\":\"pt-BR\",\"@id\":\"https:\/\/www.dagad.com.br\/shop\/produto\/luminaria-de-emergencia-autonoma-30-leds\/#primaryimage\",\"url\":\"https:\/\/www.dagad.com.br\/shop\/wp-content\/uploads\/2017\/08\/4738a24ea15c58381586b4f21004d3be570c41c3.png\",\"contentUrl\":\"https:\/\/www.dagad.com.br\/shop\/wp-content\/uploads\/2017\/08\/4738a24ea15c58381586b4f21004d3be570c41c3.png\",\"width\":768,\"height\":1024},{\"@type\":\"BreadcrumbList\",\"@id\":\"https:\/\/www.dagad.com.br\/shop\/produto\/luminaria-de-emergencia-autonoma-30-leds\/#breadcrumb\",\"itemListElement\":[{\"@type\":\"ListItem\",\"position\":1,\"name\":\"In\u00edcio\",\"item\":\"https:\/\/www.dagad.com.br\/shop\/\"},{\"@type\":\"ListItem\",\"position\":2,\"name\":\"Lumin\u00e1ria de Emerg\u00eancia Aut\u00f4noma 30 LEDs\"}]},{\"@type\":\"WebSite\",\"@id\":\"https:\/\/www.dagad.com.br\/shop\/#website\",\"url\":\"https:\/\/www.dagad.com.br\/shop\/\",\"name\":\"Dagad Shopping\",\"description\":\"Tudo para preven\u00e7\u00e3o e seguran\u00e7a.\",\"publisher\":{\"@id\":\"https:\/\/www.dagad.com.br\/shop\/#organization\"},\"potentialAction\":[{\"@type\":\"SearchAction\",\"target\":{\"@type\":\"EntryPoint\",\"urlTemplate\":\"https:\/\/www.dagad.com.br\/shop\/?s={search_term_string}\"},\"query-input\":{\"@type\":\"PropertyValueSpecification\",\"valueRequired\":true,\"valueName\":\"search_term_string\"}}],\"inLanguage\":\"pt-BR\"},{\"@type\":\"Organization\",\"@id\":\"https:\/\/www.dagad.com.br\/shop\/#organization\",\"name\":\"Dagad Shop - Materiais Contra Inc\u00eandio\",\"url\":\"https:\/\/www.dagad.com.br\/shop\/\",\"logo\":{\"@type\":\"ImageObject\",\"inLanguage\":\"pt-BR\",\"@id\":\"https:\/\/www.dagad.com.br\/shop\/#\/schema\/logo\/image\/\",\"url\":\"https:\/\/www.dagad.com.br\/shop\/wp-content\/uploads\/2017\/08\/logo-site2.jpg\",\"contentUrl\":\"https:\/\/www.dagad.com.br\/shop\/wp-content\/uploads\/2017\/08\/logo-site2.jpg\",\"width\":115,\"height\":115,\"caption\":\"Dagad Shop - Materiais Contra Inc\u00eandio\"},\"image\":{\"@id\":\"https:\/\/www.dagad.com.br\/shop\/#\/schema\/logo\/image\/\"},\"sameAs\":[\"https:\/\/www.facebook.com\/dagadextintores\",\"https:\/\/x.com\/DAGADMAT\",\"https:\/\/www.instagram.com\/dagad_extintores\/\",\"https:\/\/www.linkedin.com\/company\/dagad-materiais-de-seguran-a\",\"https:\/\/br.pinterest.com\/DagadShop\",\"http:\/\/www.youtube.com\/channel\/UCZNuW9Azjgylii7eNxvBQWg\"]}]}<\/script>\n<!-- \/ Yoast SEO plugin. -->","yoast_head_json":{"title":"Lumin\u00e1ria de Emerg\u00eancia Aut\u00f4noma 30 LEDs - Dagad Shopping","robots":{"index":"index","follow":"follow","max-snippet":"max-snippet:-1","max-image-preview":"max-image-preview:large","max-video-preview":"max-video-preview:-1"},"canonical":"https:\/\/www.dagad.com.br\/shop\/produto\/luminaria-de-emergencia-autonoma-30-leds\/","og_locale":"pt_BR","og_type":"article","og_title":"Lumin\u00e1ria de Emerg\u00eancia Aut\u00f4noma 30 LEDs - Dagad Shopping","og_description":"Lumin\u00e1ria de Emerg\u00eancia 30 LEDs","og_url":"https:\/\/www.dagad.com.br\/shop\/produto\/luminaria-de-emergencia-autonoma-30-leds\/","og_site_name":"Dagad Shopping","article_publisher":"https:\/\/www.facebook.com\/dagadextintores","article_modified_time":"2019-03-14T14:22:57+00:00","og_image":[{"width":768,"height":1024,"url":"https:\/\/www.dagad.com.br\/shop\/wp-content\/uploads\/2017\/08\/4738a24ea15c58381586b4f21004d3be570c41c3.png","type":"image\/png"}],"twitter_card":"summary_large_image","twitter_site":"@DAGADMAT","twitter_misc":{"Est. tempo de leitura":"1 minuto"},"schema":{"@context":"https:\/\/schema.org","@graph":[{"@type":"WebPage","@id":"https:\/\/www.dagad.com.br\/shop\/produto\/luminaria-de-emergencia-autonoma-30-leds\/","url":"https:\/\/www.dagad.com.br\/shop\/produto\/luminaria-de-emergencia-autonoma-30-leds\/","name":"Lumin\u00e1ria de Emerg\u00eancia Aut\u00f4noma 30 LEDs - Dagad Shopping","isPartOf":{"@id":"https:\/\/www.dagad.com.br\/shop\/#website"},"primaryImageOfPage":{"@id":"https:\/\/www.dagad.com.br\/shop\/produto\/luminaria-de-emergencia-autonoma-30-leds\/#primaryimage"},"image":{"@id":"https:\/\/www.dagad.com.br\/shop\/produto\/luminaria-de-emergencia-autonoma-30-leds\/#primaryimage"},"thumbnailUrl":"https:\/\/www.dagad.com.br\/shop\/wp-content\/uploads\/2017\/08\/4738a24ea15c58381586b4f21004d3be570c41c3.png","datePublished":"2017-08-09T20:12:41+00:00","dateModified":"2019-03-14T14:22:57+00:00","breadcrumb":{"@id":"https:\/\/www.dagad.com.br\/shop\/produto\/luminaria-de-emergencia-autonoma-30-leds\/#breadcrumb"},"inLanguage":"pt-BR","potentialAction":[{"@type":"ReadAction","target":["https:\/\/www.dagad.com.br\/shop\/produto\/luminaria-de-emergencia-autonoma-30-leds\/"]}]},{"@type":"ImageObject","inLanguage":"pt-BR","@id":"https:\/\/www.dagad.com.br\/shop\/produto\/luminaria-de-emergencia-autonoma-30-leds\/#primaryimage","url":"https:\/\/www.dagad.com.br\/shop\/wp-content\/uploads\/2017\/08\/4738a24ea15c58381586b4f21004d3be570c41c3.png","contentUrl":"https:\/\/www.dagad.com.br\/shop\/wp-content\/uploads\/2017\/08\/4738a24ea15c58381586b4f21004d3be570c41c3.png","width":768,"height":1024},{"@type":"BreadcrumbList","@id":"https:\/\/www.dagad.com.br\/shop\/produto\/luminaria-de-emergencia-autonoma-30-leds\/#breadcrumb","itemListElement":[{"@type":"ListItem","position":1,"name":"In\u00edcio","item":"https:\/\/www.dagad.com.br\/shop\/"},{"@type":"ListItem","position":2,"name":"Lumin\u00e1ria de Emerg\u00eancia Aut\u00f4noma 30 LEDs"}]},{"@type":"WebSite","@id":"https:\/\/www.dagad.com.br\/shop\/#website","url":"https:\/\/www.dagad.com.br\/shop\/","name":"Dagad Shopping","description":"Tudo para preven\u00e7\u00e3o e seguran\u00e7a.","publisher":{"@id":"https:\/\/www.dagad.com.br\/shop\/#organization"},"potentialAction":[{"@type":"SearchAction","target":{"@type":"EntryPoint","urlTemplate":"https:\/\/www.dagad.com.br\/shop\/?s={search_term_string}"},"query-input":{"@type":"PropertyValueSpecification","valueRequired":true,"valueName":"search_term_string"}}],"inLanguage":"pt-BR"},{"@type":"Organization","@id":"https:\/\/www.dagad.com.br\/shop\/#organization","name":"Dagad Shop - Materiais Contra Inc\u00eandio","url":"https:\/\/www.dagad.com.br\/shop\/","logo":{"@type":"ImageObject","inLanguage":"pt-BR","@id":"https:\/\/www.dagad.com.br\/shop\/#\/schema\/logo\/image\/","url":"https:\/\/www.dagad.com.br\/shop\/wp-content\/uploads\/2017\/08\/logo-site2.jpg","contentUrl":"https:\/\/www.dagad.com.br\/shop\/wp-content\/uploads\/2017\/08\/logo-site2.jpg","width":115,"height":115,"caption":"Dagad Shop - Materiais Contra Inc\u00eandio"},"image":{"@id":"https:\/\/www.dagad.com.br\/shop\/#\/schema\/logo\/image\/"},"sameAs":["https:\/\/www.facebook.com\/dagadextintores","https:\/\/x.com\/DAGADMAT","https:\/\/www.instagram.com\/dagad_extintores\/","https:\/\/www.linkedin.com\/company\/dagad-materiais-de-seguran-a","https:\/\/br.pinterest.com\/DagadShop","http:\/\/www.youtube.com\/channel\/UCZNuW9Azjgylii7eNxvBQWg"]}]}},"_links":{"self":[{"href":"https:\/\/www.dagad.com.br\/shop\/wp-json\/wp\/v2\/product\/1215","targetHints":{"allow":["GET"]}}],"collection":[{"href":"https:\/\/www.dagad.com.br\/shop\/wp-json\/wp\/v2\/product"}],"about":[{"href":"https:\/\/www.dagad.com.br\/shop\/wp-json\/wp\/v2\/types\/product"}],"replies":[{"embeddable":true,"href":"https:\/\/www.dagad.com.br\/shop\/wp-json\/wp\/v2\/comments?post=1215"}],"wp:featuredmedia":[{"embeddable":true,"href":"https:\/\/www.dagad.com.br\/shop\/wp-json\/wp\/v2\/media\/1216"}],"wp:attachment":[{"href":"https:\/\/www.dagad.com.br\/shop\/wp-json\/wp\/v2\/media?parent=1215"}],"wp:term":[{"taxonomy":"product_brand","embeddable":true,"href":"https:\/\/www.dagad.com.br\/shop\/wp-json\/wp\/v2\/product_brand?post=1215"},{"taxonomy":"product_cat","embeddable":true,"href":"https:\/\/www.dagad.com.br\/shop\/wp-json\/wp\/v2\/product_cat?post=1215"},{"taxonomy":"product_tag","embeddable":true,"href":"https:\/\/www.dagad.com.br\/shop\/wp-json\/wp\/v2\/product_tag?post=1215"}],"curies":[{"name":"wp","href":"https:\/\/api.w.org\/{rel}","templated":true}]}}