{"id":132,"date":"2018-02-06T00:46:52","date_gmt":"2018-02-06T02:46:52","guid":{"rendered":"http:\/\/www.dagad.com.br\/shops\/?post_type=product&#038;p=132"},"modified":"2020-10-30T06:36:02","modified_gmt":"2020-10-30T09:36:02","slug":"mangueira-de-incendio-1-12-15m-tipo-1","status":"publish","type":"product","link":"https:\/\/www.dagad.com.br\/shop\/produto\/mangueira-de-incendio-1-12-15m-tipo-1\/","title":{"rendered":"Mangueira de Inc\u00eandio 1.1\/2&#8243; 15M &#8211; Tipo 1"},"content":{"rendered":"<div>Lance de Mangueira de Inc\u00eandio 1 1\/2&#8243; com 15 metros, tipo 1, na cor branca.<br \/>\nRevestida externamente com refor\u00e7o t\u00eaxtil, confeccionado 100% em fio poli\u00e9ster de alta tenacidade e internamente com tubo de borracha sint\u00e9tica na cor preta vulcanizado diretamente ao tecido.<br \/>\nCaracter\u00edsticas T\u00e9cnicas:<br \/>\nDotada de 01 par de uni\u00f5es tipo Engate R\u00e1pido (\u201cStorz\u201d) em Lat\u00e3o, conforme NBR 14349;<br \/>\nLeve e dur\u00e1vel pela excelente resist\u00eancia a ruptura, abras\u00e3o e deteriora\u00e7\u00e3o por bolor e fungos;<br \/>\nFabricada em conformidade com a norma ABNT \u2013 NBR 11861<br \/>\nUtiliza\u00e7\u00e3o recomendado para Edif\u00edcios Residenciais e Empresas com redes de inc\u00eandio de Press\u00e3o baixa \u00e0 moderada.<\/div>\n<div><\/div>\n<div><strong>N\u00c3O COMPRE MANGUEIRAS SEM APROVA\u00c7\u00c3O DA ABNT !!!!<\/strong><\/div>\n<div><\/div>\n<div><strong>IMAGENS MERAMENTE ILUSTRATIVAS<\/strong><\/div>\n","protected":false},"excerpt":{"rendered":"<p>Mangueira Predial de 1 1\/2&#8243;<\/p>\n","protected":false},"featured_media":134,"comment_status":"open","ping_status":"closed","template":"","meta":[],"product_brand":[],"product_cat":[27,64],"product_tag":[232,139,176,438],"class_list":{"0":"post-132","1":"product","2":"type-product","3":"status-publish","4":"has-post-thumbnail","6":"product_cat-mangueiras-de-incendio","7":"product_cat-manutencao-de-mangueiras","8":"product_tag-esguicho","9":"product_tag-mangueira","10":"product_tag-storz","11":"product_tag-uniao","13":"first","14":"instock","15":"featured","16":"shipping-taxable","17":"purchasable","18":"product-type-simple"},"yoast_head":"<!-- This site is optimized with the Yoast SEO plugin v25.6 - https:\/\/yoast.com\/wordpress\/plugins\/seo\/ -->\n<title>Mangueira de Inc\u00eandio 1.1\/2&quot; 15M - Tipo 1 - Dagad Shopping<\/title>\n<meta name=\"robots\" content=\"index, follow, max-snippet:-1, max-image-preview:large, max-video-preview:-1\" \/>\n<link rel=\"canonical\" href=\"https:\/\/www.dagad.com.br\/shop\/produto\/mangueira-de-incendio-1-12-15m-tipo-1\/\" \/>\n<meta property=\"og:locale\" content=\"pt_BR\" \/>\n<meta property=\"og:type\" content=\"article\" \/>\n<meta property=\"og:title\" content=\"Mangueira de Inc\u00eandio 1.1\/2&quot; 15M - Tipo 1 - Dagad Shopping\" \/>\n<meta property=\"og:description\" content=\"Mangueira Predial de 1 1\/2&quot;\" \/>\n<meta property=\"og:url\" content=\"https:\/\/www.dagad.com.br\/shop\/produto\/mangueira-de-incendio-1-12-15m-tipo-1\/\" \/>\n<meta property=\"og:site_name\" content=\"Dagad Shopping\" \/>\n<meta property=\"article:publisher\" content=\"https:\/\/www.facebook.com\/dagadextintores\" \/>\n<meta property=\"article:modified_time\" content=\"2020-10-30T09:36:02+00:00\" \/>\n<meta property=\"og:image\" content=\"https:\/\/www.dagad.com.br\/shop\/wp-content\/uploads\/2017\/07\/mang1.png\" \/>\n\t<meta property=\"og:image:width\" content=\"741\" \/>\n\t<meta property=\"og:image:height\" content=\"548\" \/>\n\t<meta property=\"og:image:type\" content=\"image\/png\" \/>\n<meta name=\"twitter:card\" content=\"summary_large_image\" \/>\n<meta name=\"twitter:site\" content=\"@DAGADMAT\" \/>\n<meta name=\"twitter:label1\" content=\"Est. tempo de leitura\" \/>\n\t<meta name=\"twitter:data1\" content=\"1 minuto\" \/>\n<script type=\"application\/ld+json\" class=\"yoast-schema-graph\">{\"@context\":\"https:\/\/schema.org\",\"@graph\":[{\"@type\":\"WebPage\",\"@id\":\"https:\/\/www.dagad.com.br\/shop\/produto\/mangueira-de-incendio-1-12-15m-tipo-1\/\",\"url\":\"https:\/\/www.dagad.com.br\/shop\/produto\/mangueira-de-incendio-1-12-15m-tipo-1\/\",\"name\":\"Mangueira de Inc\u00eandio 1.1\/2\\\" 15M - Tipo 1 - Dagad Shopping\",\"isPartOf\":{\"@id\":\"https:\/\/www.dagad.com.br\/shop\/#website\"},\"primaryImageOfPage\":{\"@id\":\"https:\/\/www.dagad.com.br\/shop\/produto\/mangueira-de-incendio-1-12-15m-tipo-1\/#primaryimage\"},\"image\":{\"@id\":\"https:\/\/www.dagad.com.br\/shop\/produto\/mangueira-de-incendio-1-12-15m-tipo-1\/#primaryimage\"},\"thumbnailUrl\":\"https:\/\/www.dagad.com.br\/shop\/wp-content\/uploads\/2017\/07\/mang1.png\",\"datePublished\":\"2018-02-06T02:46:52+00:00\",\"dateModified\":\"2020-10-30T09:36:02+00:00\",\"breadcrumb\":{\"@id\":\"https:\/\/www.dagad.com.br\/shop\/produto\/mangueira-de-incendio-1-12-15m-tipo-1\/#breadcrumb\"},\"inLanguage\":\"pt-BR\",\"potentialAction\":[{\"@type\":\"ReadAction\",\"target\":[\"https:\/\/www.dagad.com.br\/shop\/produto\/mangueira-de-incendio-1-12-15m-tipo-1\/\"]}]},{\"@type\":\"ImageObject\",\"inLanguage\":\"pt-BR\",\"@id\":\"https:\/\/www.dagad.com.br\/shop\/produto\/mangueira-de-incendio-1-12-15m-tipo-1\/#primaryimage\",\"url\":\"https:\/\/www.dagad.com.br\/shop\/wp-content\/uploads\/2017\/07\/mang1.png\",\"contentUrl\":\"https:\/\/www.dagad.com.br\/shop\/wp-content\/uploads\/2017\/07\/mang1.png\",\"width\":741,\"height\":548},{\"@type\":\"BreadcrumbList\",\"@id\":\"https:\/\/www.dagad.com.br\/shop\/produto\/mangueira-de-incendio-1-12-15m-tipo-1\/#breadcrumb\",\"itemListElement\":[{\"@type\":\"ListItem\",\"position\":1,\"name\":\"In\u00edcio\",\"item\":\"https:\/\/www.dagad.com.br\/shop\/\"},{\"@type\":\"ListItem\",\"position\":2,\"name\":\"Mangueira de Inc\u00eandio 1.1\/2&#8243; 15M &#8211; Tipo 1\"}]},{\"@type\":\"WebSite\",\"@id\":\"https:\/\/www.dagad.com.br\/shop\/#website\",\"url\":\"https:\/\/www.dagad.com.br\/shop\/\",\"name\":\"Dagad Shopping\",\"description\":\"Tudo para preven\u00e7\u00e3o e seguran\u00e7a.\",\"publisher\":{\"@id\":\"https:\/\/www.dagad.com.br\/shop\/#organization\"},\"potentialAction\":[{\"@type\":\"SearchAction\",\"target\":{\"@type\":\"EntryPoint\",\"urlTemplate\":\"https:\/\/www.dagad.com.br\/shop\/?s={search_term_string}\"},\"query-input\":{\"@type\":\"PropertyValueSpecification\",\"valueRequired\":true,\"valueName\":\"search_term_string\"}}],\"inLanguage\":\"pt-BR\"},{\"@type\":\"Organization\",\"@id\":\"https:\/\/www.dagad.com.br\/shop\/#organization\",\"name\":\"Dagad Shop - Materiais Contra Inc\u00eandio\",\"url\":\"https:\/\/www.dagad.com.br\/shop\/\",\"logo\":{\"@type\":\"ImageObject\",\"inLanguage\":\"pt-BR\",\"@id\":\"https:\/\/www.dagad.com.br\/shop\/#\/schema\/logo\/image\/\",\"url\":\"https:\/\/www.dagad.com.br\/shop\/wp-content\/uploads\/2017\/08\/logo-site2.jpg\",\"contentUrl\":\"https:\/\/www.dagad.com.br\/shop\/wp-content\/uploads\/2017\/08\/logo-site2.jpg\",\"width\":115,\"height\":115,\"caption\":\"Dagad Shop - Materiais Contra Inc\u00eandio\"},\"image\":{\"@id\":\"https:\/\/www.dagad.com.br\/shop\/#\/schema\/logo\/image\/\"},\"sameAs\":[\"https:\/\/www.facebook.com\/dagadextintores\",\"https:\/\/x.com\/DAGADMAT\",\"https:\/\/www.instagram.com\/dagad_extintores\/\",\"https:\/\/www.linkedin.com\/company\/dagad-materiais-de-seguran-a\",\"https:\/\/br.pinterest.com\/DagadShop\",\"http:\/\/www.youtube.com\/channel\/UCZNuW9Azjgylii7eNxvBQWg\"]}]}<\/script>\n<!-- \/ Yoast SEO plugin. -->","yoast_head_json":{"title":"Mangueira de Inc\u00eandio 1.1\/2\" 15M - Tipo 1 - Dagad Shopping","robots":{"index":"index","follow":"follow","max-snippet":"max-snippet:-1","max-image-preview":"max-image-preview:large","max-video-preview":"max-video-preview:-1"},"canonical":"https:\/\/www.dagad.com.br\/shop\/produto\/mangueira-de-incendio-1-12-15m-tipo-1\/","og_locale":"pt_BR","og_type":"article","og_title":"Mangueira de Inc\u00eandio 1.1\/2\" 15M - Tipo 1 - Dagad Shopping","og_description":"Mangueira Predial de 1 1\/2\"","og_url":"https:\/\/www.dagad.com.br\/shop\/produto\/mangueira-de-incendio-1-12-15m-tipo-1\/","og_site_name":"Dagad Shopping","article_publisher":"https:\/\/www.facebook.com\/dagadextintores","article_modified_time":"2020-10-30T09:36:02+00:00","og_image":[{"width":741,"height":548,"url":"https:\/\/www.dagad.com.br\/shop\/wp-content\/uploads\/2017\/07\/mang1.png","type":"image\/png"}],"twitter_card":"summary_large_image","twitter_site":"@DAGADMAT","twitter_misc":{"Est. tempo de leitura":"1 minuto"},"schema":{"@context":"https:\/\/schema.org","@graph":[{"@type":"WebPage","@id":"https:\/\/www.dagad.com.br\/shop\/produto\/mangueira-de-incendio-1-12-15m-tipo-1\/","url":"https:\/\/www.dagad.com.br\/shop\/produto\/mangueira-de-incendio-1-12-15m-tipo-1\/","name":"Mangueira de Inc\u00eandio 1.1\/2\" 15M - Tipo 1 - Dagad Shopping","isPartOf":{"@id":"https:\/\/www.dagad.com.br\/shop\/#website"},"primaryImageOfPage":{"@id":"https:\/\/www.dagad.com.br\/shop\/produto\/mangueira-de-incendio-1-12-15m-tipo-1\/#primaryimage"},"image":{"@id":"https:\/\/www.dagad.com.br\/shop\/produto\/mangueira-de-incendio-1-12-15m-tipo-1\/#primaryimage"},"thumbnailUrl":"https:\/\/www.dagad.com.br\/shop\/wp-content\/uploads\/2017\/07\/mang1.png","datePublished":"2018-02-06T02:46:52+00:00","dateModified":"2020-10-30T09:36:02+00:00","breadcrumb":{"@id":"https:\/\/www.dagad.com.br\/shop\/produto\/mangueira-de-incendio-1-12-15m-tipo-1\/#breadcrumb"},"inLanguage":"pt-BR","potentialAction":[{"@type":"ReadAction","target":["https:\/\/www.dagad.com.br\/shop\/produto\/mangueira-de-incendio-1-12-15m-tipo-1\/"]}]},{"@type":"ImageObject","inLanguage":"pt-BR","@id":"https:\/\/www.dagad.com.br\/shop\/produto\/mangueira-de-incendio-1-12-15m-tipo-1\/#primaryimage","url":"https:\/\/www.dagad.com.br\/shop\/wp-content\/uploads\/2017\/07\/mang1.png","contentUrl":"https:\/\/www.dagad.com.br\/shop\/wp-content\/uploads\/2017\/07\/mang1.png","width":741,"height":548},{"@type":"BreadcrumbList","@id":"https:\/\/www.dagad.com.br\/shop\/produto\/mangueira-de-incendio-1-12-15m-tipo-1\/#breadcrumb","itemListElement":[{"@type":"ListItem","position":1,"name":"In\u00edcio","item":"https:\/\/www.dagad.com.br\/shop\/"},{"@type":"ListItem","position":2,"name":"Mangueira de Inc\u00eandio 1.1\/2&#8243; 15M &#8211; Tipo 1"}]},{"@type":"WebSite","@id":"https:\/\/www.dagad.com.br\/shop\/#website","url":"https:\/\/www.dagad.com.br\/shop\/","name":"Dagad Shopping","description":"Tudo para preven\u00e7\u00e3o e seguran\u00e7a.","publisher":{"@id":"https:\/\/www.dagad.com.br\/shop\/#organization"},"potentialAction":[{"@type":"SearchAction","target":{"@type":"EntryPoint","urlTemplate":"https:\/\/www.dagad.com.br\/shop\/?s={search_term_string}"},"query-input":{"@type":"PropertyValueSpecification","valueRequired":true,"valueName":"search_term_string"}}],"inLanguage":"pt-BR"},{"@type":"Organization","@id":"https:\/\/www.dagad.com.br\/shop\/#organization","name":"Dagad Shop - Materiais Contra Inc\u00eandio","url":"https:\/\/www.dagad.com.br\/shop\/","logo":{"@type":"ImageObject","inLanguage":"pt-BR","@id":"https:\/\/www.dagad.com.br\/shop\/#\/schema\/logo\/image\/","url":"https:\/\/www.dagad.com.br\/shop\/wp-content\/uploads\/2017\/08\/logo-site2.jpg","contentUrl":"https:\/\/www.dagad.com.br\/shop\/wp-content\/uploads\/2017\/08\/logo-site2.jpg","width":115,"height":115,"caption":"Dagad Shop - Materiais Contra Inc\u00eandio"},"image":{"@id":"https:\/\/www.dagad.com.br\/shop\/#\/schema\/logo\/image\/"},"sameAs":["https:\/\/www.facebook.com\/dagadextintores","https:\/\/x.com\/DAGADMAT","https:\/\/www.instagram.com\/dagad_extintores\/","https:\/\/www.linkedin.com\/company\/dagad-materiais-de-seguran-a","https:\/\/br.pinterest.com\/DagadShop","http:\/\/www.youtube.com\/channel\/UCZNuW9Azjgylii7eNxvBQWg"]}]}},"_links":{"self":[{"href":"https:\/\/www.dagad.com.br\/shop\/wp-json\/wp\/v2\/product\/132","targetHints":{"allow":["GET"]}}],"collection":[{"href":"https:\/\/www.dagad.com.br\/shop\/wp-json\/wp\/v2\/product"}],"about":[{"href":"https:\/\/www.dagad.com.br\/shop\/wp-json\/wp\/v2\/types\/product"}],"replies":[{"embeddable":true,"href":"https:\/\/www.dagad.com.br\/shop\/wp-json\/wp\/v2\/comments?post=132"}],"wp:featuredmedia":[{"embeddable":true,"href":"https:\/\/www.dagad.com.br\/shop\/wp-json\/wp\/v2\/media\/134"}],"wp:attachment":[{"href":"https:\/\/www.dagad.com.br\/shop\/wp-json\/wp\/v2\/media?parent=132"}],"wp:term":[{"taxonomy":"product_brand","embeddable":true,"href":"https:\/\/www.dagad.com.br\/shop\/wp-json\/wp\/v2\/product_brand?post=132"},{"taxonomy":"product_cat","embeddable":true,"href":"https:\/\/www.dagad.com.br\/shop\/wp-json\/wp\/v2\/product_cat?post=132"},{"taxonomy":"product_tag","embeddable":true,"href":"https:\/\/www.dagad.com.br\/shop\/wp-json\/wp\/v2\/product_tag?post=132"}],"curies":[{"name":"wp","href":"https:\/\/api.w.org\/{rel}","templated":true}]}}