{"id":1343,"date":"2018-04-21T09:27:33","date_gmt":"2018-04-21T12:27:33","guid":{"rendered":"http:\/\/www.dagad.com.br\/shops\/?post_type=product&#038;p=1343"},"modified":"2021-01-22T06:04:33","modified_gmt":"2021-01-22T09:04:33","slug":"barra-antipanico-dupla-cromada","status":"publish","type":"product","link":"https:\/\/www.dagad.com.br\/shop\/produto\/barra-antipanico-dupla-cromada\/","title":{"rendered":"Barra Antip\u00e2nico Dupla &#8211; Cromada"},"content":{"rendered":"<div>\n<h2 id=\"hikashop_product_right_part\" class=\"hikashop_product_right_part \"><em>Barra Antip\u00e2nico para Porta Corta Fogo Dupla de 2 Folhas<\/em><\/h2>\n<\/div>\n<div>\n<div>\u00a0<strong>Composi\u00e7\u00e3o:<\/strong><\/div>\n<div>02 Barras de ferro cromada 1.100mm;<\/div>\n<div>04 Suportes para barra em metal duro;<\/div>\n<div>04 Acabamentos dos suportes em polietileno cor preto;<\/div>\n<div>02 Conjuntos de acess\u00f3rios de instala\u00e7\u00e3o;<\/div>\n<div>01 Conjunto de haste;<\/div>\n<div>01 Par de trincos &#8211; superior e inferior<\/div>\n<div><\/div>\n<div>Essa Barra Antip\u00e2nico \u00e9 indicada para sa\u00eddas de emerg\u00eancia em portas duplas de at\u00e9 200kg.<\/div>\n<div>As portas devem possuir, obrigatoriamente, o m\u00ednimo de 03 dobradi\u00e7as instaladas e apresentar movimenta\u00e7\u00e3o livre.<\/div>\n<div><\/div>\n<div><strong>Manuten\u00e7\u00e3o:<\/strong><\/div>\n<div>Dever\u00e3o ser realizadas inspe\u00e7\u00f5es visuais mensais nos seus dispositivos, assegurando a opera\u00e7\u00e3o das barras antip\u00e2nico de forma satisfat\u00f3ria.<\/div>\n<div>Dever\u00e3o ser reapertados os parafusos, caso seja necess\u00e1rio.<\/div>\n<div>Verificar se os alojadores est\u00e3o desobstru\u00eddos.<\/div>\n<div>Lubrifica\u00e7\u00e3o dos componentes alojados na caixa da fechadura, quando for notado grande atrito ou resist\u00eancia ao funcionamento.<\/div>\n<div><\/div>\n<div><strong>Garantia:<\/strong><\/div>\n<h3>5 ANOS<\/h3>\n<p>Contra defeitos de fabrica\u00e7\u00e3o no conjunto ou nas pe\u00e7as do mesmo.<br \/>\nA garantia se mant\u00e9m v\u00e1lida pelo per\u00edodo de 5 anos se, somente se:<\/p>\n<ul>\n<li>A barra antip\u00e2nico for instalada por empresa ou profissional especializado;<\/li>\n<li>N\u00e3o sofrer danos decorrentes de m\u00e1 utiliza\u00e7\u00e3o ou acidentes;<\/li>\n<li>Caso sejam instaladas em portas que n\u00e3o sejam corta fogo;<\/li>\n<\/ul>\n<div>\u00a0<strong>N\u00c3O ACOMPANHA FECHADURA COM MA\u00c7ANETA E CHAVE.<\/strong><\/div>\n<div><\/div>\n<div><\/div>\n<div><strong>IMAGENS MERAMENTE ILUSTRATIVAS<\/strong><\/div>\n<\/div>\n","protected":false},"excerpt":{"rendered":"<p>Conjunto de Barra Antip\u00e2nico<br \/>\nPorta Dupla &#8211; Cromada<\/p>\n","protected":false},"featured_media":3307,"comment_status":"open","ping_status":"closed","template":"","meta":[],"product_brand":[],"product_cat":[56,55],"product_tag":[335,198,148],"class_list":{"0":"post-1343","1":"product","2":"type-product","3":"status-publish","4":"has-post-thumbnail","6":"product_cat-barra-antipanico","7":"product_cat-porta-corta-fogo-acessorios","8":"product_tag-antipanico","9":"product_tag-barra","10":"product_tag-porta-dupla","12":"first","13":"instock","14":"shipping-taxable","15":"purchasable","16":"product-type-simple"},"yoast_head":"<!-- This site is optimized with the Yoast SEO plugin v25.6 - https:\/\/yoast.com\/wordpress\/plugins\/seo\/ -->\n<title>Barra Antip\u00e2nico Dupla - Cromada - Dagad Shopping<\/title>\n<meta name=\"robots\" content=\"index, follow, max-snippet:-1, max-image-preview:large, max-video-preview:-1\" \/>\n<link rel=\"canonical\" href=\"http:\/\/www.dagad.com.br\/shop\/produto\/barra-antipanico-dupla-cromada\/\" \/>\n<meta property=\"og:locale\" content=\"pt_BR\" \/>\n<meta property=\"og:type\" content=\"article\" \/>\n<meta property=\"og:title\" content=\"Barra Antip\u00e2nico Dupla - Cromada - Dagad Shopping\" \/>\n<meta property=\"og:description\" content=\"Conjunto de Barra Antip\u00e2nico Porta Dupla - Cromada\" \/>\n<meta property=\"og:url\" content=\"http:\/\/www.dagad.com.br\/shop\/produto\/barra-antipanico-dupla-cromada\/\" \/>\n<meta property=\"og:site_name\" content=\"Dagad Shopping\" \/>\n<meta property=\"article:publisher\" content=\"https:\/\/www.facebook.com\/dagadextintores\" \/>\n<meta property=\"article:modified_time\" content=\"2021-01-22T09:04:33+00:00\" \/>\n<meta property=\"og:image\" content=\"http:\/\/www.dagad.com.br\/shop\/wp-content\/uploads\/2018\/05\/IMG_20180327_211208892.jpg\" \/>\n\t<meta property=\"og:image:width\" content=\"2233\" \/>\n\t<meta property=\"og:image:height\" content=\"673\" \/>\n\t<meta property=\"og:image:type\" content=\"image\/jpeg\" \/>\n<meta name=\"twitter:card\" content=\"summary_large_image\" \/>\n<meta name=\"twitter:site\" content=\"@DAGADMAT\" \/>\n<meta name=\"twitter:label1\" content=\"Est. tempo de leitura\" \/>\n\t<meta name=\"twitter:data1\" content=\"1 minuto\" \/>\n<script type=\"application\/ld+json\" class=\"yoast-schema-graph\">{\"@context\":\"https:\/\/schema.org\",\"@graph\":[{\"@type\":\"WebPage\",\"@id\":\"http:\/\/www.dagad.com.br\/shop\/produto\/barra-antipanico-dupla-cromada\/\",\"url\":\"http:\/\/www.dagad.com.br\/shop\/produto\/barra-antipanico-dupla-cromada\/\",\"name\":\"Barra Antip\u00e2nico Dupla - Cromada - Dagad Shopping\",\"isPartOf\":{\"@id\":\"https:\/\/www.dagad.com.br\/shop\/#website\"},\"primaryImageOfPage\":{\"@id\":\"http:\/\/www.dagad.com.br\/shop\/produto\/barra-antipanico-dupla-cromada\/#primaryimage\"},\"image\":{\"@id\":\"http:\/\/www.dagad.com.br\/shop\/produto\/barra-antipanico-dupla-cromada\/#primaryimage\"},\"thumbnailUrl\":\"https:\/\/www.dagad.com.br\/shop\/wp-content\/uploads\/2018\/05\/IMG_20180327_211208892.jpg\",\"datePublished\":\"2018-04-21T12:27:33+00:00\",\"dateModified\":\"2021-01-22T09:04:33+00:00\",\"breadcrumb\":{\"@id\":\"http:\/\/www.dagad.com.br\/shop\/produto\/barra-antipanico-dupla-cromada\/#breadcrumb\"},\"inLanguage\":\"pt-BR\",\"potentialAction\":[{\"@type\":\"ReadAction\",\"target\":[\"http:\/\/www.dagad.com.br\/shop\/produto\/barra-antipanico-dupla-cromada\/\"]}]},{\"@type\":\"ImageObject\",\"inLanguage\":\"pt-BR\",\"@id\":\"http:\/\/www.dagad.com.br\/shop\/produto\/barra-antipanico-dupla-cromada\/#primaryimage\",\"url\":\"https:\/\/www.dagad.com.br\/shop\/wp-content\/uploads\/2018\/05\/IMG_20180327_211208892.jpg\",\"contentUrl\":\"https:\/\/www.dagad.com.br\/shop\/wp-content\/uploads\/2018\/05\/IMG_20180327_211208892.jpg\",\"width\":2233,\"height\":673},{\"@type\":\"BreadcrumbList\",\"@id\":\"http:\/\/www.dagad.com.br\/shop\/produto\/barra-antipanico-dupla-cromada\/#breadcrumb\",\"itemListElement\":[{\"@type\":\"ListItem\",\"position\":1,\"name\":\"In\u00edcio\",\"item\":\"https:\/\/www.dagad.com.br\/shop\/\"},{\"@type\":\"ListItem\",\"position\":2,\"name\":\"Barra Antip\u00e2nico Dupla &#8211; Cromada\"}]},{\"@type\":\"WebSite\",\"@id\":\"https:\/\/www.dagad.com.br\/shop\/#website\",\"url\":\"https:\/\/www.dagad.com.br\/shop\/\",\"name\":\"Dagad Shopping\",\"description\":\"Tudo para preven\u00e7\u00e3o e seguran\u00e7a.\",\"publisher\":{\"@id\":\"https:\/\/www.dagad.com.br\/shop\/#organization\"},\"potentialAction\":[{\"@type\":\"SearchAction\",\"target\":{\"@type\":\"EntryPoint\",\"urlTemplate\":\"https:\/\/www.dagad.com.br\/shop\/?s={search_term_string}\"},\"query-input\":{\"@type\":\"PropertyValueSpecification\",\"valueRequired\":true,\"valueName\":\"search_term_string\"}}],\"inLanguage\":\"pt-BR\"},{\"@type\":\"Organization\",\"@id\":\"https:\/\/www.dagad.com.br\/shop\/#organization\",\"name\":\"Dagad Shop - Materiais Contra Inc\u00eandio\",\"url\":\"https:\/\/www.dagad.com.br\/shop\/\",\"logo\":{\"@type\":\"ImageObject\",\"inLanguage\":\"pt-BR\",\"@id\":\"https:\/\/www.dagad.com.br\/shop\/#\/schema\/logo\/image\/\",\"url\":\"https:\/\/www.dagad.com.br\/shop\/wp-content\/uploads\/2017\/08\/logo-site2.jpg\",\"contentUrl\":\"https:\/\/www.dagad.com.br\/shop\/wp-content\/uploads\/2017\/08\/logo-site2.jpg\",\"width\":115,\"height\":115,\"caption\":\"Dagad Shop - Materiais Contra Inc\u00eandio\"},\"image\":{\"@id\":\"https:\/\/www.dagad.com.br\/shop\/#\/schema\/logo\/image\/\"},\"sameAs\":[\"https:\/\/www.facebook.com\/dagadextintores\",\"https:\/\/x.com\/DAGADMAT\",\"https:\/\/www.instagram.com\/dagad_extintores\/\",\"https:\/\/www.linkedin.com\/company\/dagad-materiais-de-seguran-a\",\"https:\/\/br.pinterest.com\/DagadShop\",\"http:\/\/www.youtube.com\/channel\/UCZNuW9Azjgylii7eNxvBQWg\"]}]}<\/script>\n<!-- \/ Yoast SEO plugin. -->","yoast_head_json":{"title":"Barra Antip\u00e2nico Dupla - Cromada - Dagad Shopping","robots":{"index":"index","follow":"follow","max-snippet":"max-snippet:-1","max-image-preview":"max-image-preview:large","max-video-preview":"max-video-preview:-1"},"canonical":"http:\/\/www.dagad.com.br\/shop\/produto\/barra-antipanico-dupla-cromada\/","og_locale":"pt_BR","og_type":"article","og_title":"Barra Antip\u00e2nico Dupla - Cromada - Dagad Shopping","og_description":"Conjunto de Barra Antip\u00e2nico Porta Dupla - Cromada","og_url":"http:\/\/www.dagad.com.br\/shop\/produto\/barra-antipanico-dupla-cromada\/","og_site_name":"Dagad Shopping","article_publisher":"https:\/\/www.facebook.com\/dagadextintores","article_modified_time":"2021-01-22T09:04:33+00:00","og_image":[{"width":2233,"height":673,"url":"http:\/\/www.dagad.com.br\/shop\/wp-content\/uploads\/2018\/05\/IMG_20180327_211208892.jpg","type":"image\/jpeg"}],"twitter_card":"summary_large_image","twitter_site":"@DAGADMAT","twitter_misc":{"Est. tempo de leitura":"1 minuto"},"schema":{"@context":"https:\/\/schema.org","@graph":[{"@type":"WebPage","@id":"http:\/\/www.dagad.com.br\/shop\/produto\/barra-antipanico-dupla-cromada\/","url":"http:\/\/www.dagad.com.br\/shop\/produto\/barra-antipanico-dupla-cromada\/","name":"Barra Antip\u00e2nico Dupla - Cromada - Dagad Shopping","isPartOf":{"@id":"https:\/\/www.dagad.com.br\/shop\/#website"},"primaryImageOfPage":{"@id":"http:\/\/www.dagad.com.br\/shop\/produto\/barra-antipanico-dupla-cromada\/#primaryimage"},"image":{"@id":"http:\/\/www.dagad.com.br\/shop\/produto\/barra-antipanico-dupla-cromada\/#primaryimage"},"thumbnailUrl":"https:\/\/www.dagad.com.br\/shop\/wp-content\/uploads\/2018\/05\/IMG_20180327_211208892.jpg","datePublished":"2018-04-21T12:27:33+00:00","dateModified":"2021-01-22T09:04:33+00:00","breadcrumb":{"@id":"http:\/\/www.dagad.com.br\/shop\/produto\/barra-antipanico-dupla-cromada\/#breadcrumb"},"inLanguage":"pt-BR","potentialAction":[{"@type":"ReadAction","target":["http:\/\/www.dagad.com.br\/shop\/produto\/barra-antipanico-dupla-cromada\/"]}]},{"@type":"ImageObject","inLanguage":"pt-BR","@id":"http:\/\/www.dagad.com.br\/shop\/produto\/barra-antipanico-dupla-cromada\/#primaryimage","url":"https:\/\/www.dagad.com.br\/shop\/wp-content\/uploads\/2018\/05\/IMG_20180327_211208892.jpg","contentUrl":"https:\/\/www.dagad.com.br\/shop\/wp-content\/uploads\/2018\/05\/IMG_20180327_211208892.jpg","width":2233,"height":673},{"@type":"BreadcrumbList","@id":"http:\/\/www.dagad.com.br\/shop\/produto\/barra-antipanico-dupla-cromada\/#breadcrumb","itemListElement":[{"@type":"ListItem","position":1,"name":"In\u00edcio","item":"https:\/\/www.dagad.com.br\/shop\/"},{"@type":"ListItem","position":2,"name":"Barra Antip\u00e2nico Dupla &#8211; Cromada"}]},{"@type":"WebSite","@id":"https:\/\/www.dagad.com.br\/shop\/#website","url":"https:\/\/www.dagad.com.br\/shop\/","name":"Dagad Shopping","description":"Tudo para preven\u00e7\u00e3o e seguran\u00e7a.","publisher":{"@id":"https:\/\/www.dagad.com.br\/shop\/#organization"},"potentialAction":[{"@type":"SearchAction","target":{"@type":"EntryPoint","urlTemplate":"https:\/\/www.dagad.com.br\/shop\/?s={search_term_string}"},"query-input":{"@type":"PropertyValueSpecification","valueRequired":true,"valueName":"search_term_string"}}],"inLanguage":"pt-BR"},{"@type":"Organization","@id":"https:\/\/www.dagad.com.br\/shop\/#organization","name":"Dagad Shop - Materiais Contra Inc\u00eandio","url":"https:\/\/www.dagad.com.br\/shop\/","logo":{"@type":"ImageObject","inLanguage":"pt-BR","@id":"https:\/\/www.dagad.com.br\/shop\/#\/schema\/logo\/image\/","url":"https:\/\/www.dagad.com.br\/shop\/wp-content\/uploads\/2017\/08\/logo-site2.jpg","contentUrl":"https:\/\/www.dagad.com.br\/shop\/wp-content\/uploads\/2017\/08\/logo-site2.jpg","width":115,"height":115,"caption":"Dagad Shop - Materiais Contra Inc\u00eandio"},"image":{"@id":"https:\/\/www.dagad.com.br\/shop\/#\/schema\/logo\/image\/"},"sameAs":["https:\/\/www.facebook.com\/dagadextintores","https:\/\/x.com\/DAGADMAT","https:\/\/www.instagram.com\/dagad_extintores\/","https:\/\/www.linkedin.com\/company\/dagad-materiais-de-seguran-a","https:\/\/br.pinterest.com\/DagadShop","http:\/\/www.youtube.com\/channel\/UCZNuW9Azjgylii7eNxvBQWg"]}]}},"_links":{"self":[{"href":"https:\/\/www.dagad.com.br\/shop\/wp-json\/wp\/v2\/product\/1343","targetHints":{"allow":["GET"]}}],"collection":[{"href":"https:\/\/www.dagad.com.br\/shop\/wp-json\/wp\/v2\/product"}],"about":[{"href":"https:\/\/www.dagad.com.br\/shop\/wp-json\/wp\/v2\/types\/product"}],"replies":[{"embeddable":true,"href":"https:\/\/www.dagad.com.br\/shop\/wp-json\/wp\/v2\/comments?post=1343"}],"wp:featuredmedia":[{"embeddable":true,"href":"https:\/\/www.dagad.com.br\/shop\/wp-json\/wp\/v2\/media\/3307"}],"wp:attachment":[{"href":"https:\/\/www.dagad.com.br\/shop\/wp-json\/wp\/v2\/media?parent=1343"}],"wp:term":[{"taxonomy":"product_brand","embeddable":true,"href":"https:\/\/www.dagad.com.br\/shop\/wp-json\/wp\/v2\/product_brand?post=1343"},{"taxonomy":"product_cat","embeddable":true,"href":"https:\/\/www.dagad.com.br\/shop\/wp-json\/wp\/v2\/product_cat?post=1343"},{"taxonomy":"product_tag","embeddable":true,"href":"https:\/\/www.dagad.com.br\/shop\/wp-json\/wp\/v2\/product_tag?post=1343"}],"curies":[{"name":"wp","href":"https:\/\/api.w.org\/{rel}","templated":true}]}}