{"id":1381,"date":"2017-08-15T13:57:15","date_gmt":"2017-08-15T16:57:15","guid":{"rendered":"http:\/\/www.dagad.com.br\/shops\/?post_type=product&#038;p=1381"},"modified":"2019-03-14T11:20:32","modified_gmt":"2019-03-14T14:20:32","slug":"luva-de-aproximacao-em-couro-termic-gg","status":"publish","type":"product","link":"https:\/\/www.dagad.com.br\/shop\/produto\/luva-de-aproximacao-em-couro-termic-gg\/","title":{"rendered":"Luva de Aproxima\u00e7\u00e3o em Couro Termic GG"},"content":{"rendered":"<div>Luva de aproxima\u00e7\u00e3o confeccionada em couro Termic, dorso liso tr\u00eas dedos mais indicador, com costura, el\u00e1stico de 20 mm, costurado em zig-zag a cerca de 40 mm da borda, tira de refor\u00e7o entre o polegar e indicador, dedo central com refor\u00e7o no mesmo material, punho em malha de para-aramida.<\/div>\n<div>Camada externa: Couro termic para resistir a temperaturas elevadas com resist\u00eancia \u00e0 abras\u00e3o e cortes;<br \/>\n1\u00b0 Camada interna: Barreira de vapor \u2013 filme de poliuretano anti-chamas, na cor branca, para inibir passagem de produtos qu\u00edmicos e l\u00edquidos;<br \/>\n2\u00b0 Camada interna: Barreira de calor \u2013 feltro com 240 g\/m\u00b2 atua como barreira t\u00e9rmica. El\u00e1stico no dorso em costura zig-zag com fios de para-aramida;<br \/>\nPunho: Em malha para-aramida 300g\/m\u00b2 para inibir a entrada de produtos e calor. Toda costura da luva \u00e9 feita em linha para-aramida.<\/div>\n<div><\/div>\n<div>Tamanhos M, G, GG e EG.<\/div>\n<div>Indicado para bombeiros e brigadistas;<br \/>\nResistentes a corte e \u00e0 abras\u00e3o;<br \/>\nResistente a temperatura de at\u00e9 300\u00b0C;<br \/>\nUtilizadas nas ind\u00fastrias que operam com m\u00e9dia\/baixa temperatura.<\/div>\n<div><strong>OBSERVA\u00c7\u00d5ES:<\/strong><br \/>\nEfetuar inspe\u00e7\u00e3o visual antes do uso a fim de garantir a integridade da luva e suas respectivas camadas de prote\u00e7\u00e3o.<br \/>\nNo caso de higienizac\u00e3o efetuar lavagem manual utilizando somente \u00e1gua e detergente neutro, enxague duplo e secagem a sombra.<br \/>\nNunca utilizar alvejantes ou produtos a base de cloro na higienizac\u00e3o.<\/div>\n<div><\/div>\n<div><strong>IMAGENS MERAMENTE ILUSTRATIVAS<\/strong><\/div>\n","protected":false},"excerpt":{"rendered":"<p>Par de luvas de aproxima\u00e7\u00e3o para bombeiro em couro termic GG com resist\u00eancia \u00e0 temperaturas elevadas, abras\u00e3o e cortes.<\/p>\n","protected":false},"featured_media":1380,"comment_status":"open","ping_status":"closed","template":"","meta":[],"product_brand":[],"product_cat":[495],"product_tag":[432,433,431,434],"class_list":{"0":"post-1381","1":"product","2":"type-product","3":"status-publish","4":"has-post-thumbnail","6":"product_cat-sem-categoria","7":"product_tag-aproximacao","8":"product_tag-couro","9":"product_tag-luva","10":"product_tag-termic","12":"first","13":"onbackorder","14":"shipping-taxable","15":"purchasable","16":"product-type-simple"},"yoast_head":"<!-- This site is optimized with the Yoast SEO plugin v25.6 - https:\/\/yoast.com\/wordpress\/plugins\/seo\/ -->\n<title>Luva de Aproxima\u00e7\u00e3o em Couro Termic GG - Dagad Shopping<\/title>\n<meta name=\"robots\" content=\"index, follow, max-snippet:-1, max-image-preview:large, max-video-preview:-1\" \/>\n<link rel=\"canonical\" href=\"http:\/\/www.dagad.com.br\/shop\/produto\/luva-de-aproximacao-em-couro-termic-gg\/\" \/>\n<meta property=\"og:locale\" content=\"pt_BR\" \/>\n<meta property=\"og:type\" content=\"article\" \/>\n<meta property=\"og:title\" content=\"Luva de Aproxima\u00e7\u00e3o em Couro Termic GG - Dagad Shopping\" \/>\n<meta property=\"og:description\" content=\"Par de luvas de aproxima\u00e7\u00e3o para bombeiro em couro termic GG com resist\u00eancia \u00e0 temperaturas elevadas, abras\u00e3o e cortes.\" \/>\n<meta property=\"og:url\" content=\"http:\/\/www.dagad.com.br\/shop\/produto\/luva-de-aproximacao-em-couro-termic-gg\/\" \/>\n<meta property=\"og:site_name\" content=\"Dagad Shopping\" \/>\n<meta property=\"article:publisher\" content=\"https:\/\/www.facebook.com\/dagadextintores\" \/>\n<meta property=\"article:modified_time\" content=\"2019-03-14T14:20:32+00:00\" \/>\n<meta property=\"og:image\" content=\"http:\/\/www.dagad.com.br\/shop\/wp-content\/uploads\/2017\/08\/luva_de_couro_termic.png\" \/>\n\t<meta property=\"og:image:width\" content=\"600\" \/>\n\t<meta property=\"og:image:height\" content=\"600\" \/>\n\t<meta property=\"og:image:type\" content=\"image\/png\" \/>\n<meta name=\"twitter:card\" content=\"summary_large_image\" \/>\n<meta name=\"twitter:site\" content=\"@DAGADMAT\" \/>\n<meta name=\"twitter:label1\" content=\"Est. tempo de leitura\" \/>\n\t<meta name=\"twitter:data1\" content=\"1 minuto\" \/>\n<script type=\"application\/ld+json\" class=\"yoast-schema-graph\">{\"@context\":\"https:\/\/schema.org\",\"@graph\":[{\"@type\":\"WebPage\",\"@id\":\"http:\/\/www.dagad.com.br\/shop\/produto\/luva-de-aproximacao-em-couro-termic-gg\/\",\"url\":\"http:\/\/www.dagad.com.br\/shop\/produto\/luva-de-aproximacao-em-couro-termic-gg\/\",\"name\":\"Luva de Aproxima\u00e7\u00e3o em Couro Termic GG - Dagad Shopping\",\"isPartOf\":{\"@id\":\"https:\/\/www.dagad.com.br\/shop\/#website\"},\"primaryImageOfPage\":{\"@id\":\"http:\/\/www.dagad.com.br\/shop\/produto\/luva-de-aproximacao-em-couro-termic-gg\/#primaryimage\"},\"image\":{\"@id\":\"http:\/\/www.dagad.com.br\/shop\/produto\/luva-de-aproximacao-em-couro-termic-gg\/#primaryimage\"},\"thumbnailUrl\":\"https:\/\/www.dagad.com.br\/shop\/wp-content\/uploads\/2017\/08\/luva_de_couro_termic.png\",\"datePublished\":\"2017-08-15T16:57:15+00:00\",\"dateModified\":\"2019-03-14T14:20:32+00:00\",\"breadcrumb\":{\"@id\":\"http:\/\/www.dagad.com.br\/shop\/produto\/luva-de-aproximacao-em-couro-termic-gg\/#breadcrumb\"},\"inLanguage\":\"pt-BR\",\"potentialAction\":[{\"@type\":\"ReadAction\",\"target\":[\"http:\/\/www.dagad.com.br\/shop\/produto\/luva-de-aproximacao-em-couro-termic-gg\/\"]}]},{\"@type\":\"ImageObject\",\"inLanguage\":\"pt-BR\",\"@id\":\"http:\/\/www.dagad.com.br\/shop\/produto\/luva-de-aproximacao-em-couro-termic-gg\/#primaryimage\",\"url\":\"https:\/\/www.dagad.com.br\/shop\/wp-content\/uploads\/2017\/08\/luva_de_couro_termic.png\",\"contentUrl\":\"https:\/\/www.dagad.com.br\/shop\/wp-content\/uploads\/2017\/08\/luva_de_couro_termic.png\",\"width\":600,\"height\":600},{\"@type\":\"BreadcrumbList\",\"@id\":\"http:\/\/www.dagad.com.br\/shop\/produto\/luva-de-aproximacao-em-couro-termic-gg\/#breadcrumb\",\"itemListElement\":[{\"@type\":\"ListItem\",\"position\":1,\"name\":\"In\u00edcio\",\"item\":\"https:\/\/www.dagad.com.br\/shop\/\"},{\"@type\":\"ListItem\",\"position\":2,\"name\":\"Luva de Aproxima\u00e7\u00e3o em Couro Termic GG\"}]},{\"@type\":\"WebSite\",\"@id\":\"https:\/\/www.dagad.com.br\/shop\/#website\",\"url\":\"https:\/\/www.dagad.com.br\/shop\/\",\"name\":\"Dagad Shopping\",\"description\":\"Tudo para preven\u00e7\u00e3o e seguran\u00e7a.\",\"publisher\":{\"@id\":\"https:\/\/www.dagad.com.br\/shop\/#organization\"},\"potentialAction\":[{\"@type\":\"SearchAction\",\"target\":{\"@type\":\"EntryPoint\",\"urlTemplate\":\"https:\/\/www.dagad.com.br\/shop\/?s={search_term_string}\"},\"query-input\":{\"@type\":\"PropertyValueSpecification\",\"valueRequired\":true,\"valueName\":\"search_term_string\"}}],\"inLanguage\":\"pt-BR\"},{\"@type\":\"Organization\",\"@id\":\"https:\/\/www.dagad.com.br\/shop\/#organization\",\"name\":\"Dagad Shop - Materiais Contra Inc\u00eandio\",\"url\":\"https:\/\/www.dagad.com.br\/shop\/\",\"logo\":{\"@type\":\"ImageObject\",\"inLanguage\":\"pt-BR\",\"@id\":\"https:\/\/www.dagad.com.br\/shop\/#\/schema\/logo\/image\/\",\"url\":\"https:\/\/www.dagad.com.br\/shop\/wp-content\/uploads\/2017\/08\/logo-site2.jpg\",\"contentUrl\":\"https:\/\/www.dagad.com.br\/shop\/wp-content\/uploads\/2017\/08\/logo-site2.jpg\",\"width\":115,\"height\":115,\"caption\":\"Dagad Shop - Materiais Contra Inc\u00eandio\"},\"image\":{\"@id\":\"https:\/\/www.dagad.com.br\/shop\/#\/schema\/logo\/image\/\"},\"sameAs\":[\"https:\/\/www.facebook.com\/dagadextintores\",\"https:\/\/x.com\/DAGADMAT\",\"https:\/\/www.instagram.com\/dagad_extintores\/\",\"https:\/\/www.linkedin.com\/company\/dagad-materiais-de-seguran-a\",\"https:\/\/br.pinterest.com\/DagadShop\",\"http:\/\/www.youtube.com\/channel\/UCZNuW9Azjgylii7eNxvBQWg\"]}]}<\/script>\n<!-- \/ Yoast SEO plugin. -->","yoast_head_json":{"title":"Luva de Aproxima\u00e7\u00e3o em Couro Termic GG - Dagad Shopping","robots":{"index":"index","follow":"follow","max-snippet":"max-snippet:-1","max-image-preview":"max-image-preview:large","max-video-preview":"max-video-preview:-1"},"canonical":"http:\/\/www.dagad.com.br\/shop\/produto\/luva-de-aproximacao-em-couro-termic-gg\/","og_locale":"pt_BR","og_type":"article","og_title":"Luva de Aproxima\u00e7\u00e3o em Couro Termic GG - Dagad Shopping","og_description":"Par de luvas de aproxima\u00e7\u00e3o para bombeiro em couro termic GG com resist\u00eancia \u00e0 temperaturas elevadas, abras\u00e3o e cortes.","og_url":"http:\/\/www.dagad.com.br\/shop\/produto\/luva-de-aproximacao-em-couro-termic-gg\/","og_site_name":"Dagad Shopping","article_publisher":"https:\/\/www.facebook.com\/dagadextintores","article_modified_time":"2019-03-14T14:20:32+00:00","og_image":[{"width":600,"height":600,"url":"http:\/\/www.dagad.com.br\/shop\/wp-content\/uploads\/2017\/08\/luva_de_couro_termic.png","type":"image\/png"}],"twitter_card":"summary_large_image","twitter_site":"@DAGADMAT","twitter_misc":{"Est. tempo de leitura":"1 minuto"},"schema":{"@context":"https:\/\/schema.org","@graph":[{"@type":"WebPage","@id":"http:\/\/www.dagad.com.br\/shop\/produto\/luva-de-aproximacao-em-couro-termic-gg\/","url":"http:\/\/www.dagad.com.br\/shop\/produto\/luva-de-aproximacao-em-couro-termic-gg\/","name":"Luva de Aproxima\u00e7\u00e3o em Couro Termic GG - Dagad Shopping","isPartOf":{"@id":"https:\/\/www.dagad.com.br\/shop\/#website"},"primaryImageOfPage":{"@id":"http:\/\/www.dagad.com.br\/shop\/produto\/luva-de-aproximacao-em-couro-termic-gg\/#primaryimage"},"image":{"@id":"http:\/\/www.dagad.com.br\/shop\/produto\/luva-de-aproximacao-em-couro-termic-gg\/#primaryimage"},"thumbnailUrl":"https:\/\/www.dagad.com.br\/shop\/wp-content\/uploads\/2017\/08\/luva_de_couro_termic.png","datePublished":"2017-08-15T16:57:15+00:00","dateModified":"2019-03-14T14:20:32+00:00","breadcrumb":{"@id":"http:\/\/www.dagad.com.br\/shop\/produto\/luva-de-aproximacao-em-couro-termic-gg\/#breadcrumb"},"inLanguage":"pt-BR","potentialAction":[{"@type":"ReadAction","target":["http:\/\/www.dagad.com.br\/shop\/produto\/luva-de-aproximacao-em-couro-termic-gg\/"]}]},{"@type":"ImageObject","inLanguage":"pt-BR","@id":"http:\/\/www.dagad.com.br\/shop\/produto\/luva-de-aproximacao-em-couro-termic-gg\/#primaryimage","url":"https:\/\/www.dagad.com.br\/shop\/wp-content\/uploads\/2017\/08\/luva_de_couro_termic.png","contentUrl":"https:\/\/www.dagad.com.br\/shop\/wp-content\/uploads\/2017\/08\/luva_de_couro_termic.png","width":600,"height":600},{"@type":"BreadcrumbList","@id":"http:\/\/www.dagad.com.br\/shop\/produto\/luva-de-aproximacao-em-couro-termic-gg\/#breadcrumb","itemListElement":[{"@type":"ListItem","position":1,"name":"In\u00edcio","item":"https:\/\/www.dagad.com.br\/shop\/"},{"@type":"ListItem","position":2,"name":"Luva de Aproxima\u00e7\u00e3o em Couro Termic GG"}]},{"@type":"WebSite","@id":"https:\/\/www.dagad.com.br\/shop\/#website","url":"https:\/\/www.dagad.com.br\/shop\/","name":"Dagad Shopping","description":"Tudo para preven\u00e7\u00e3o e seguran\u00e7a.","publisher":{"@id":"https:\/\/www.dagad.com.br\/shop\/#organization"},"potentialAction":[{"@type":"SearchAction","target":{"@type":"EntryPoint","urlTemplate":"https:\/\/www.dagad.com.br\/shop\/?s={search_term_string}"},"query-input":{"@type":"PropertyValueSpecification","valueRequired":true,"valueName":"search_term_string"}}],"inLanguage":"pt-BR"},{"@type":"Organization","@id":"https:\/\/www.dagad.com.br\/shop\/#organization","name":"Dagad Shop - Materiais Contra Inc\u00eandio","url":"https:\/\/www.dagad.com.br\/shop\/","logo":{"@type":"ImageObject","inLanguage":"pt-BR","@id":"https:\/\/www.dagad.com.br\/shop\/#\/schema\/logo\/image\/","url":"https:\/\/www.dagad.com.br\/shop\/wp-content\/uploads\/2017\/08\/logo-site2.jpg","contentUrl":"https:\/\/www.dagad.com.br\/shop\/wp-content\/uploads\/2017\/08\/logo-site2.jpg","width":115,"height":115,"caption":"Dagad Shop - Materiais Contra Inc\u00eandio"},"image":{"@id":"https:\/\/www.dagad.com.br\/shop\/#\/schema\/logo\/image\/"},"sameAs":["https:\/\/www.facebook.com\/dagadextintores","https:\/\/x.com\/DAGADMAT","https:\/\/www.instagram.com\/dagad_extintores\/","https:\/\/www.linkedin.com\/company\/dagad-materiais-de-seguran-a","https:\/\/br.pinterest.com\/DagadShop","http:\/\/www.youtube.com\/channel\/UCZNuW9Azjgylii7eNxvBQWg"]}]}},"_links":{"self":[{"href":"https:\/\/www.dagad.com.br\/shop\/wp-json\/wp\/v2\/product\/1381","targetHints":{"allow":["GET"]}}],"collection":[{"href":"https:\/\/www.dagad.com.br\/shop\/wp-json\/wp\/v2\/product"}],"about":[{"href":"https:\/\/www.dagad.com.br\/shop\/wp-json\/wp\/v2\/types\/product"}],"replies":[{"embeddable":true,"href":"https:\/\/www.dagad.com.br\/shop\/wp-json\/wp\/v2\/comments?post=1381"}],"wp:featuredmedia":[{"embeddable":true,"href":"https:\/\/www.dagad.com.br\/shop\/wp-json\/wp\/v2\/media\/1380"}],"wp:attachment":[{"href":"https:\/\/www.dagad.com.br\/shop\/wp-json\/wp\/v2\/media?parent=1381"}],"wp:term":[{"taxonomy":"product_brand","embeddable":true,"href":"https:\/\/www.dagad.com.br\/shop\/wp-json\/wp\/v2\/product_brand?post=1381"},{"taxonomy":"product_cat","embeddable":true,"href":"https:\/\/www.dagad.com.br\/shop\/wp-json\/wp\/v2\/product_cat?post=1381"},{"taxonomy":"product_tag","embeddable":true,"href":"https:\/\/www.dagad.com.br\/shop\/wp-json\/wp\/v2\/product_tag?post=1381"}],"curies":[{"name":"wp","href":"https:\/\/api.w.org\/{rel}","templated":true}]}}