{"id":1431,"date":"2017-08-17T10:16:16","date_gmt":"2017-08-17T13:16:16","guid":{"rendered":"http:\/\/www.dagad.com.br\/shops\/?post_type=product&#038;p=1431"},"modified":"2021-07-30T06:26:03","modified_gmt":"2021-07-30T09:26:03","slug":"porta-com-moldura-para-mangueira-70x50-padrao-rio","status":"publish","type":"product","link":"https:\/\/www.dagad.com.br\/shop\/produto\/porta-com-moldura-para-mangueira-70x50-padrao-rio\/","title":{"rendered":"Porta com Moldura para Mangueira 70&#215;50 &#8211; Padr\u00e3o Rio"},"content":{"rendered":"<div>Porta com moldura para abrigo de mangueira, fabricado em chapa de a\u00e7o, pintado em Vermelho;<\/div>\n<div><strong>OBS: IMAGEM DO VISOR MERAMENTE ILUSTRATIVA \/ N\u00c3O CONT\u00c9M VIDRO.<\/strong><\/div>\n","protected":false},"excerpt":{"rendered":"<p>Porta com Moldura para Abrigo de Mangueira 70&#215;50<\/p>\n","protected":false},"featured_media":1432,"comment_status":"open","ping_status":"closed","template":"","meta":[],"product_brand":[],"product_cat":[28],"product_tag":[445,444,149],"class_list":{"0":"post-1431","1":"product","2":"type-product","3":"status-publish","4":"has-post-thumbnail","6":"product_cat-abrigos-mangueiras-extintores","7":"product_tag-moldura","8":"product_tag-padrao-rio","9":"product_tag-porta","11":"first","12":"onbackorder","13":"shipping-taxable","14":"purchasable","15":"product-type-simple"},"yoast_head":"<!-- This site is optimized with the Yoast SEO plugin v25.6 - https:\/\/yoast.com\/wordpress\/plugins\/seo\/ -->\n<title>Porta com Moldura para Mangueira 70x50 - Padr\u00e3o Rio - Dagad Shopping<\/title>\n<meta name=\"robots\" content=\"index, follow, max-snippet:-1, max-image-preview:large, max-video-preview:-1\" \/>\n<link rel=\"canonical\" href=\"https:\/\/www.dagad.com.br\/shop\/produto\/porta-com-moldura-para-mangueira-70x50-padrao-rio\/\" \/>\n<meta property=\"og:locale\" content=\"pt_BR\" \/>\n<meta property=\"og:type\" content=\"article\" \/>\n<meta property=\"og:title\" content=\"Porta com Moldura para Mangueira 70x50 - Padr\u00e3o Rio - Dagad Shopping\" \/>\n<meta property=\"og:description\" content=\"Porta com Moldura para Abrigo de Mangueira 70x50\" \/>\n<meta property=\"og:url\" content=\"https:\/\/www.dagad.com.br\/shop\/produto\/porta-com-moldura-para-mangueira-70x50-padrao-rio\/\" \/>\n<meta property=\"og:site_name\" content=\"Dagad Shopping\" \/>\n<meta property=\"article:publisher\" content=\"https:\/\/www.facebook.com\/dagadextintores\" \/>\n<meta property=\"article:modified_time\" content=\"2021-07-30T09:26:03+00:00\" \/>\n<meta property=\"og:image\" content=\"https:\/\/www.dagad.com.br\/shop\/wp-content\/uploads\/2017\/08\/png-01.png\" \/>\n\t<meta property=\"og:image:width\" content=\"832\" \/>\n\t<meta property=\"og:image:height\" content=\"580\" \/>\n\t<meta property=\"og:image:type\" content=\"image\/png\" \/>\n<meta name=\"twitter:card\" content=\"summary_large_image\" \/>\n<meta name=\"twitter:site\" content=\"@DAGADMAT\" \/>\n<script type=\"application\/ld+json\" class=\"yoast-schema-graph\">{\"@context\":\"https:\/\/schema.org\",\"@graph\":[{\"@type\":\"WebPage\",\"@id\":\"https:\/\/www.dagad.com.br\/shop\/produto\/porta-com-moldura-para-mangueira-70x50-padrao-rio\/\",\"url\":\"https:\/\/www.dagad.com.br\/shop\/produto\/porta-com-moldura-para-mangueira-70x50-padrao-rio\/\",\"name\":\"Porta com Moldura para Mangueira 70x50 - Padr\u00e3o Rio - Dagad Shopping\",\"isPartOf\":{\"@id\":\"https:\/\/www.dagad.com.br\/shop\/#website\"},\"primaryImageOfPage\":{\"@id\":\"https:\/\/www.dagad.com.br\/shop\/produto\/porta-com-moldura-para-mangueira-70x50-padrao-rio\/#primaryimage\"},\"image\":{\"@id\":\"https:\/\/www.dagad.com.br\/shop\/produto\/porta-com-moldura-para-mangueira-70x50-padrao-rio\/#primaryimage\"},\"thumbnailUrl\":\"https:\/\/www.dagad.com.br\/shop\/wp-content\/uploads\/2017\/08\/png-01.png\",\"datePublished\":\"2017-08-17T13:16:16+00:00\",\"dateModified\":\"2021-07-30T09:26:03+00:00\",\"breadcrumb\":{\"@id\":\"https:\/\/www.dagad.com.br\/shop\/produto\/porta-com-moldura-para-mangueira-70x50-padrao-rio\/#breadcrumb\"},\"inLanguage\":\"pt-BR\",\"potentialAction\":[{\"@type\":\"ReadAction\",\"target\":[\"https:\/\/www.dagad.com.br\/shop\/produto\/porta-com-moldura-para-mangueira-70x50-padrao-rio\/\"]}]},{\"@type\":\"ImageObject\",\"inLanguage\":\"pt-BR\",\"@id\":\"https:\/\/www.dagad.com.br\/shop\/produto\/porta-com-moldura-para-mangueira-70x50-padrao-rio\/#primaryimage\",\"url\":\"https:\/\/www.dagad.com.br\/shop\/wp-content\/uploads\/2017\/08\/png-01.png\",\"contentUrl\":\"https:\/\/www.dagad.com.br\/shop\/wp-content\/uploads\/2017\/08\/png-01.png\",\"width\":832,\"height\":580},{\"@type\":\"BreadcrumbList\",\"@id\":\"https:\/\/www.dagad.com.br\/shop\/produto\/porta-com-moldura-para-mangueira-70x50-padrao-rio\/#breadcrumb\",\"itemListElement\":[{\"@type\":\"ListItem\",\"position\":1,\"name\":\"In\u00edcio\",\"item\":\"https:\/\/www.dagad.com.br\/shop\/\"},{\"@type\":\"ListItem\",\"position\":2,\"name\":\"Porta com Moldura para Mangueira 70&#215;50 &#8211; Padr\u00e3o Rio\"}]},{\"@type\":\"WebSite\",\"@id\":\"https:\/\/www.dagad.com.br\/shop\/#website\",\"url\":\"https:\/\/www.dagad.com.br\/shop\/\",\"name\":\"Dagad Shopping\",\"description\":\"Tudo para preven\u00e7\u00e3o e seguran\u00e7a.\",\"publisher\":{\"@id\":\"https:\/\/www.dagad.com.br\/shop\/#organization\"},\"potentialAction\":[{\"@type\":\"SearchAction\",\"target\":{\"@type\":\"EntryPoint\",\"urlTemplate\":\"https:\/\/www.dagad.com.br\/shop\/?s={search_term_string}\"},\"query-input\":{\"@type\":\"PropertyValueSpecification\",\"valueRequired\":true,\"valueName\":\"search_term_string\"}}],\"inLanguage\":\"pt-BR\"},{\"@type\":\"Organization\",\"@id\":\"https:\/\/www.dagad.com.br\/shop\/#organization\",\"name\":\"Dagad Shop - Materiais Contra Inc\u00eandio\",\"url\":\"https:\/\/www.dagad.com.br\/shop\/\",\"logo\":{\"@type\":\"ImageObject\",\"inLanguage\":\"pt-BR\",\"@id\":\"https:\/\/www.dagad.com.br\/shop\/#\/schema\/logo\/image\/\",\"url\":\"https:\/\/www.dagad.com.br\/shop\/wp-content\/uploads\/2017\/08\/logo-site2.jpg\",\"contentUrl\":\"https:\/\/www.dagad.com.br\/shop\/wp-content\/uploads\/2017\/08\/logo-site2.jpg\",\"width\":115,\"height\":115,\"caption\":\"Dagad Shop - Materiais Contra Inc\u00eandio\"},\"image\":{\"@id\":\"https:\/\/www.dagad.com.br\/shop\/#\/schema\/logo\/image\/\"},\"sameAs\":[\"https:\/\/www.facebook.com\/dagadextintores\",\"https:\/\/x.com\/DAGADMAT\",\"https:\/\/www.instagram.com\/dagad_extintores\/\",\"https:\/\/www.linkedin.com\/company\/dagad-materiais-de-seguran-a\",\"https:\/\/br.pinterest.com\/DagadShop\",\"http:\/\/www.youtube.com\/channel\/UCZNuW9Azjgylii7eNxvBQWg\"]}]}<\/script>\n<!-- \/ Yoast SEO plugin. -->","yoast_head_json":{"title":"Porta com Moldura para Mangueira 70x50 - Padr\u00e3o Rio - Dagad Shopping","robots":{"index":"index","follow":"follow","max-snippet":"max-snippet:-1","max-image-preview":"max-image-preview:large","max-video-preview":"max-video-preview:-1"},"canonical":"https:\/\/www.dagad.com.br\/shop\/produto\/porta-com-moldura-para-mangueira-70x50-padrao-rio\/","og_locale":"pt_BR","og_type":"article","og_title":"Porta com Moldura para Mangueira 70x50 - Padr\u00e3o Rio - Dagad Shopping","og_description":"Porta com Moldura para Abrigo de Mangueira 70x50","og_url":"https:\/\/www.dagad.com.br\/shop\/produto\/porta-com-moldura-para-mangueira-70x50-padrao-rio\/","og_site_name":"Dagad Shopping","article_publisher":"https:\/\/www.facebook.com\/dagadextintores","article_modified_time":"2021-07-30T09:26:03+00:00","og_image":[{"width":832,"height":580,"url":"https:\/\/www.dagad.com.br\/shop\/wp-content\/uploads\/2017\/08\/png-01.png","type":"image\/png"}],"twitter_card":"summary_large_image","twitter_site":"@DAGADMAT","schema":{"@context":"https:\/\/schema.org","@graph":[{"@type":"WebPage","@id":"https:\/\/www.dagad.com.br\/shop\/produto\/porta-com-moldura-para-mangueira-70x50-padrao-rio\/","url":"https:\/\/www.dagad.com.br\/shop\/produto\/porta-com-moldura-para-mangueira-70x50-padrao-rio\/","name":"Porta com Moldura para Mangueira 70x50 - Padr\u00e3o Rio - Dagad Shopping","isPartOf":{"@id":"https:\/\/www.dagad.com.br\/shop\/#website"},"primaryImageOfPage":{"@id":"https:\/\/www.dagad.com.br\/shop\/produto\/porta-com-moldura-para-mangueira-70x50-padrao-rio\/#primaryimage"},"image":{"@id":"https:\/\/www.dagad.com.br\/shop\/produto\/porta-com-moldura-para-mangueira-70x50-padrao-rio\/#primaryimage"},"thumbnailUrl":"https:\/\/www.dagad.com.br\/shop\/wp-content\/uploads\/2017\/08\/png-01.png","datePublished":"2017-08-17T13:16:16+00:00","dateModified":"2021-07-30T09:26:03+00:00","breadcrumb":{"@id":"https:\/\/www.dagad.com.br\/shop\/produto\/porta-com-moldura-para-mangueira-70x50-padrao-rio\/#breadcrumb"},"inLanguage":"pt-BR","potentialAction":[{"@type":"ReadAction","target":["https:\/\/www.dagad.com.br\/shop\/produto\/porta-com-moldura-para-mangueira-70x50-padrao-rio\/"]}]},{"@type":"ImageObject","inLanguage":"pt-BR","@id":"https:\/\/www.dagad.com.br\/shop\/produto\/porta-com-moldura-para-mangueira-70x50-padrao-rio\/#primaryimage","url":"https:\/\/www.dagad.com.br\/shop\/wp-content\/uploads\/2017\/08\/png-01.png","contentUrl":"https:\/\/www.dagad.com.br\/shop\/wp-content\/uploads\/2017\/08\/png-01.png","width":832,"height":580},{"@type":"BreadcrumbList","@id":"https:\/\/www.dagad.com.br\/shop\/produto\/porta-com-moldura-para-mangueira-70x50-padrao-rio\/#breadcrumb","itemListElement":[{"@type":"ListItem","position":1,"name":"In\u00edcio","item":"https:\/\/www.dagad.com.br\/shop\/"},{"@type":"ListItem","position":2,"name":"Porta com Moldura para Mangueira 70&#215;50 &#8211; Padr\u00e3o Rio"}]},{"@type":"WebSite","@id":"https:\/\/www.dagad.com.br\/shop\/#website","url":"https:\/\/www.dagad.com.br\/shop\/","name":"Dagad Shopping","description":"Tudo para preven\u00e7\u00e3o e seguran\u00e7a.","publisher":{"@id":"https:\/\/www.dagad.com.br\/shop\/#organization"},"potentialAction":[{"@type":"SearchAction","target":{"@type":"EntryPoint","urlTemplate":"https:\/\/www.dagad.com.br\/shop\/?s={search_term_string}"},"query-input":{"@type":"PropertyValueSpecification","valueRequired":true,"valueName":"search_term_string"}}],"inLanguage":"pt-BR"},{"@type":"Organization","@id":"https:\/\/www.dagad.com.br\/shop\/#organization","name":"Dagad Shop - Materiais Contra Inc\u00eandio","url":"https:\/\/www.dagad.com.br\/shop\/","logo":{"@type":"ImageObject","inLanguage":"pt-BR","@id":"https:\/\/www.dagad.com.br\/shop\/#\/schema\/logo\/image\/","url":"https:\/\/www.dagad.com.br\/shop\/wp-content\/uploads\/2017\/08\/logo-site2.jpg","contentUrl":"https:\/\/www.dagad.com.br\/shop\/wp-content\/uploads\/2017\/08\/logo-site2.jpg","width":115,"height":115,"caption":"Dagad Shop - Materiais Contra Inc\u00eandio"},"image":{"@id":"https:\/\/www.dagad.com.br\/shop\/#\/schema\/logo\/image\/"},"sameAs":["https:\/\/www.facebook.com\/dagadextintores","https:\/\/x.com\/DAGADMAT","https:\/\/www.instagram.com\/dagad_extintores\/","https:\/\/www.linkedin.com\/company\/dagad-materiais-de-seguran-a","https:\/\/br.pinterest.com\/DagadShop","http:\/\/www.youtube.com\/channel\/UCZNuW9Azjgylii7eNxvBQWg"]}]}},"_links":{"self":[{"href":"https:\/\/www.dagad.com.br\/shop\/wp-json\/wp\/v2\/product\/1431","targetHints":{"allow":["GET"]}}],"collection":[{"href":"https:\/\/www.dagad.com.br\/shop\/wp-json\/wp\/v2\/product"}],"about":[{"href":"https:\/\/www.dagad.com.br\/shop\/wp-json\/wp\/v2\/types\/product"}],"replies":[{"embeddable":true,"href":"https:\/\/www.dagad.com.br\/shop\/wp-json\/wp\/v2\/comments?post=1431"}],"wp:featuredmedia":[{"embeddable":true,"href":"https:\/\/www.dagad.com.br\/shop\/wp-json\/wp\/v2\/media\/1432"}],"wp:attachment":[{"href":"https:\/\/www.dagad.com.br\/shop\/wp-json\/wp\/v2\/media?parent=1431"}],"wp:term":[{"taxonomy":"product_brand","embeddable":true,"href":"https:\/\/www.dagad.com.br\/shop\/wp-json\/wp\/v2\/product_brand?post=1431"},{"taxonomy":"product_cat","embeddable":true,"href":"https:\/\/www.dagad.com.br\/shop\/wp-json\/wp\/v2\/product_cat?post=1431"},{"taxonomy":"product_tag","embeddable":true,"href":"https:\/\/www.dagad.com.br\/shop\/wp-json\/wp\/v2\/product_tag?post=1431"}],"curies":[{"name":"wp","href":"https:\/\/api.w.org\/{rel}","templated":true}]}}