{"id":1451,"date":"2017-11-06T01:16:03","date_gmt":"2017-11-06T03:16:03","guid":{"rendered":"http:\/\/www.dagad.com.br\/shops\/?post_type=product&#038;p=1451"},"modified":"2021-01-22T06:10:59","modified_gmt":"2021-01-22T09:10:59","slug":"aluguel-de-tripe-para-extintores-de-incendio","status":"publish","type":"product","link":"https:\/\/www.dagad.com.br\/shop\/produto\/aluguel-de-tripe-para-extintores-de-incendio\/","title":{"rendered":"Aluguel de Trip\u00e9 para Extintores de Inc\u00eandio"},"content":{"rendered":"<div>Loca\u00e7\u00e3o de Suporte Trip\u00e9 para Extintor de Inc\u00eandio de \u00c1gua, PQS ou CO\u00b2, pelo per\u00edodo do evento, n\u00e3o podendo este ser maior que 10 dias.<br \/>\nO servi\u00e7o \u00e9 disponibilizado apenas para os Munic\u00edpios do Rio de Janeiro e Grande Rio.<\/div>\n<div>Descri\u00e7\u00e3o do Funcionamento deste Sistema:<\/div>\n<div>Cliente efetua a compra deste servi\u00e7o diretamente pela Loja Virtual;<br \/>\nDurante seu cadastro, deve cadastrar tamb\u00e9m o local de entrega e retirada;<br \/>\nO per\u00edodo da loca\u00e7\u00e3o n\u00e3o deve ser superior a 10 dias, para cada equipamento;<br \/>\nAp\u00f3s a finaliza\u00e7\u00e3o da compra do servi\u00e7o, o Cliente deve entrar em contato atrav\u00e9s do nosso Chat (no rodap\u00e9 da tela) ou pelo e-mail:\u00a0<strong>sac@dagad.com.br<\/strong>\u00a0e informar os seguintes dados do evento:<br \/>\nNome-<\/div>\n<div>Per\u00edodo-<\/div>\n<div>Local-<br \/>\nHor\u00e1rios para entrega e retirada dos equipamentos-<br \/>\nPer\u00edodo de montagem e desmontagem-<br \/>\nNome e telefone celular do respons\u00e1vel que receber\u00e1 e devolver\u00e1 os equipamentos-<br \/>\nDever\u00e1 ser entregue \u00e0 nossa equipe, no ato da entrega dos equipamentos, um \u201ccheque garantia\u201d ou \u201ccau\u00e7\u00e3o\u201d no valor integral dos equipamentos locados, tendo como refer\u00eancia para valor total, o pre\u00e7o de cada equipamento em nossa Loja Virtual, sendo este cheque devolvido no mesmo dia da retirada dos equipamentos por nossa equipe.<br \/>\nOs hor\u00e1rios para entrega e retirada dos equipamentos locados ser\u00e3o sempre de Segunda \u00e0 Sexta-Feira (dia \u00fatil) de 08:00 \u00e0s 17:00h;<br \/>\nCaso haja obrigatoriedade de altera\u00e7\u00e3o no per\u00edodo de entrega ou retirada dos equipamentos, ser\u00e1 cobrado o valor R$ 25,00 HH com partida e chegada \u00e0 sede da empresa, sendo gerado uma fatura diretamente pelo sistema pagseguro.<br \/>\nOs equipamentos dever\u00e3o ser devolvidos no mesmo estado de conserva\u00e7\u00e3o em que foram entregues;<br \/>\nNos casos dos equipamentos sofrerem avarias, ser\u00e1 gerado uma fatura diretamente pelo sistema pagseguro no valor referente ao equipamento avariado.<\/div>\n","protected":false},"excerpt":{"rendered":"<p>Loca\u00e7\u00e3o de Suporte Trip\u00e9 para Extintor de Inc\u00eandio de \u00c1gua, PQS ou CO\u00b2, pelo per\u00edodo do evento, n\u00e3o podendo este ser maior que 10 dias. O servi\u00e7o \u00e9 disponibilizado apenas para os Munic\u00edpios do Rio de Janeiro e Grande Rio. Descri\u00e7\u00e3o do Funcionamento deste Sistema: Cliente efetua a compra deste servi\u00e7o diretamente pela Loja Virtual; [&hellip;]<\/p>\n","protected":false},"featured_media":1493,"comment_status":"closed","ping_status":"closed","template":"","meta":[],"product_brand":[],"product_cat":[65],"product_tag":[374,86,170,325],"class_list":{"0":"post-1451","1":"product","2":"type-product","3":"status-publish","4":"has-post-thumbnail","6":"product_cat-aluguel-de-equipamentos-rj-apenas","7":"product_tag-aluguel","8":"product_tag-extintor","9":"product_tag-suporte","10":"product_tag-tripe","11":"product_shipping_class-entrega-gratuita","13":"first","14":"instock","15":"shipping-taxable","16":"purchasable","17":"product-type-simple"},"yoast_head":"<!-- This site is optimized with the Yoast SEO plugin v25.6 - https:\/\/yoast.com\/wordpress\/plugins\/seo\/ -->\n<title>Aluguel de Trip\u00e9 para Extintores de Inc\u00eandio - Dagad Shopping<\/title>\n<meta name=\"robots\" content=\"index, follow, max-snippet:-1, max-image-preview:large, max-video-preview:-1\" \/>\n<link rel=\"canonical\" href=\"https:\/\/www.dagad.com.br\/shop\/produto\/aluguel-de-tripe-para-extintores-de-incendio\/\" \/>\n<meta property=\"og:locale\" content=\"pt_BR\" \/>\n<meta property=\"og:type\" content=\"article\" \/>\n<meta property=\"og:title\" content=\"Aluguel de Trip\u00e9 para Extintores de Inc\u00eandio - Dagad Shopping\" \/>\n<meta property=\"og:description\" content=\"Loca\u00e7\u00e3o de Suporte Trip\u00e9 para Extintor de Inc\u00eandio de \u00c1gua, PQS ou CO\u00b2, pelo per\u00edodo do evento, n\u00e3o podendo este ser maior que 10 dias. O servi\u00e7o \u00e9 disponibilizado apenas para os Munic\u00edpios do Rio de Janeiro e Grande Rio. Descri\u00e7\u00e3o do Funcionamento deste Sistema: Cliente efetua a compra deste servi\u00e7o diretamente pela Loja Virtual; [&hellip;]\" \/>\n<meta property=\"og:url\" content=\"https:\/\/www.dagad.com.br\/shop\/produto\/aluguel-de-tripe-para-extintores-de-incendio\/\" \/>\n<meta property=\"og:site_name\" content=\"Dagad Shopping\" \/>\n<meta property=\"article:publisher\" content=\"https:\/\/www.facebook.com\/dagadextintores\" \/>\n<meta property=\"article:modified_time\" content=\"2021-01-22T09:10:59+00:00\" \/>\n<meta property=\"og:image\" content=\"https:\/\/www.dagad.com.br\/shop\/wp-content\/uploads\/2017\/08\/pqs.png\" \/>\n\t<meta property=\"og:image:width\" content=\"600\" \/>\n\t<meta property=\"og:image:height\" content=\"600\" \/>\n\t<meta property=\"og:image:type\" content=\"image\/png\" \/>\n<meta name=\"twitter:card\" content=\"summary_large_image\" \/>\n<meta name=\"twitter:site\" content=\"@DAGADMAT\" \/>\n<meta name=\"twitter:label1\" content=\"Est. tempo de leitura\" \/>\n\t<meta name=\"twitter:data1\" content=\"2 minutos\" \/>\n<script type=\"application\/ld+json\" class=\"yoast-schema-graph\">{\"@context\":\"https:\/\/schema.org\",\"@graph\":[{\"@type\":\"WebPage\",\"@id\":\"https:\/\/www.dagad.com.br\/shop\/produto\/aluguel-de-tripe-para-extintores-de-incendio\/\",\"url\":\"https:\/\/www.dagad.com.br\/shop\/produto\/aluguel-de-tripe-para-extintores-de-incendio\/\",\"name\":\"Aluguel de Trip\u00e9 para Extintores de Inc\u00eandio - Dagad Shopping\",\"isPartOf\":{\"@id\":\"https:\/\/www.dagad.com.br\/shop\/#website\"},\"primaryImageOfPage\":{\"@id\":\"https:\/\/www.dagad.com.br\/shop\/produto\/aluguel-de-tripe-para-extintores-de-incendio\/#primaryimage\"},\"image\":{\"@id\":\"https:\/\/www.dagad.com.br\/shop\/produto\/aluguel-de-tripe-para-extintores-de-incendio\/#primaryimage\"},\"thumbnailUrl\":\"https:\/\/www.dagad.com.br\/shop\/wp-content\/uploads\/2017\/08\/pqs.png\",\"datePublished\":\"2017-11-06T03:16:03+00:00\",\"dateModified\":\"2021-01-22T09:10:59+00:00\",\"breadcrumb\":{\"@id\":\"https:\/\/www.dagad.com.br\/shop\/produto\/aluguel-de-tripe-para-extintores-de-incendio\/#breadcrumb\"},\"inLanguage\":\"pt-BR\",\"potentialAction\":[{\"@type\":\"ReadAction\",\"target\":[\"https:\/\/www.dagad.com.br\/shop\/produto\/aluguel-de-tripe-para-extintores-de-incendio\/\"]}]},{\"@type\":\"ImageObject\",\"inLanguage\":\"pt-BR\",\"@id\":\"https:\/\/www.dagad.com.br\/shop\/produto\/aluguel-de-tripe-para-extintores-de-incendio\/#primaryimage\",\"url\":\"https:\/\/www.dagad.com.br\/shop\/wp-content\/uploads\/2017\/08\/pqs.png\",\"contentUrl\":\"https:\/\/www.dagad.com.br\/shop\/wp-content\/uploads\/2017\/08\/pqs.png\",\"width\":600,\"height\":600},{\"@type\":\"BreadcrumbList\",\"@id\":\"https:\/\/www.dagad.com.br\/shop\/produto\/aluguel-de-tripe-para-extintores-de-incendio\/#breadcrumb\",\"itemListElement\":[{\"@type\":\"ListItem\",\"position\":1,\"name\":\"In\u00edcio\",\"item\":\"https:\/\/www.dagad.com.br\/shop\/\"},{\"@type\":\"ListItem\",\"position\":2,\"name\":\"Aluguel de Trip\u00e9 para Extintores de Inc\u00eandio\"}]},{\"@type\":\"WebSite\",\"@id\":\"https:\/\/www.dagad.com.br\/shop\/#website\",\"url\":\"https:\/\/www.dagad.com.br\/shop\/\",\"name\":\"Dagad Shopping\",\"description\":\"Tudo para preven\u00e7\u00e3o e seguran\u00e7a.\",\"publisher\":{\"@id\":\"https:\/\/www.dagad.com.br\/shop\/#organization\"},\"potentialAction\":[{\"@type\":\"SearchAction\",\"target\":{\"@type\":\"EntryPoint\",\"urlTemplate\":\"https:\/\/www.dagad.com.br\/shop\/?s={search_term_string}\"},\"query-input\":{\"@type\":\"PropertyValueSpecification\",\"valueRequired\":true,\"valueName\":\"search_term_string\"}}],\"inLanguage\":\"pt-BR\"},{\"@type\":\"Organization\",\"@id\":\"https:\/\/www.dagad.com.br\/shop\/#organization\",\"name\":\"Dagad Shop - Materiais Contra Inc\u00eandio\",\"url\":\"https:\/\/www.dagad.com.br\/shop\/\",\"logo\":{\"@type\":\"ImageObject\",\"inLanguage\":\"pt-BR\",\"@id\":\"https:\/\/www.dagad.com.br\/shop\/#\/schema\/logo\/image\/\",\"url\":\"https:\/\/www.dagad.com.br\/shop\/wp-content\/uploads\/2017\/08\/logo-site2.jpg\",\"contentUrl\":\"https:\/\/www.dagad.com.br\/shop\/wp-content\/uploads\/2017\/08\/logo-site2.jpg\",\"width\":115,\"height\":115,\"caption\":\"Dagad Shop - Materiais Contra Inc\u00eandio\"},\"image\":{\"@id\":\"https:\/\/www.dagad.com.br\/shop\/#\/schema\/logo\/image\/\"},\"sameAs\":[\"https:\/\/www.facebook.com\/dagadextintores\",\"https:\/\/x.com\/DAGADMAT\",\"https:\/\/www.instagram.com\/dagad_extintores\/\",\"https:\/\/www.linkedin.com\/company\/dagad-materiais-de-seguran-a\",\"https:\/\/br.pinterest.com\/DagadShop\",\"http:\/\/www.youtube.com\/channel\/UCZNuW9Azjgylii7eNxvBQWg\"]}]}<\/script>\n<!-- \/ Yoast SEO plugin. -->","yoast_head_json":{"title":"Aluguel de Trip\u00e9 para Extintores de Inc\u00eandio - Dagad Shopping","robots":{"index":"index","follow":"follow","max-snippet":"max-snippet:-1","max-image-preview":"max-image-preview:large","max-video-preview":"max-video-preview:-1"},"canonical":"https:\/\/www.dagad.com.br\/shop\/produto\/aluguel-de-tripe-para-extintores-de-incendio\/","og_locale":"pt_BR","og_type":"article","og_title":"Aluguel de Trip\u00e9 para Extintores de Inc\u00eandio - Dagad Shopping","og_description":"Loca\u00e7\u00e3o de Suporte Trip\u00e9 para Extintor de Inc\u00eandio de \u00c1gua, PQS ou CO\u00b2, pelo per\u00edodo do evento, n\u00e3o podendo este ser maior que 10 dias. O servi\u00e7o \u00e9 disponibilizado apenas para os Munic\u00edpios do Rio de Janeiro e Grande Rio. Descri\u00e7\u00e3o do Funcionamento deste Sistema: Cliente efetua a compra deste servi\u00e7o diretamente pela Loja Virtual; [&hellip;]","og_url":"https:\/\/www.dagad.com.br\/shop\/produto\/aluguel-de-tripe-para-extintores-de-incendio\/","og_site_name":"Dagad Shopping","article_publisher":"https:\/\/www.facebook.com\/dagadextintores","article_modified_time":"2021-01-22T09:10:59+00:00","og_image":[{"width":600,"height":600,"url":"https:\/\/www.dagad.com.br\/shop\/wp-content\/uploads\/2017\/08\/pqs.png","type":"image\/png"}],"twitter_card":"summary_large_image","twitter_site":"@DAGADMAT","twitter_misc":{"Est. tempo de leitura":"2 minutos"},"schema":{"@context":"https:\/\/schema.org","@graph":[{"@type":"WebPage","@id":"https:\/\/www.dagad.com.br\/shop\/produto\/aluguel-de-tripe-para-extintores-de-incendio\/","url":"https:\/\/www.dagad.com.br\/shop\/produto\/aluguel-de-tripe-para-extintores-de-incendio\/","name":"Aluguel de Trip\u00e9 para Extintores de Inc\u00eandio - Dagad Shopping","isPartOf":{"@id":"https:\/\/www.dagad.com.br\/shop\/#website"},"primaryImageOfPage":{"@id":"https:\/\/www.dagad.com.br\/shop\/produto\/aluguel-de-tripe-para-extintores-de-incendio\/#primaryimage"},"image":{"@id":"https:\/\/www.dagad.com.br\/shop\/produto\/aluguel-de-tripe-para-extintores-de-incendio\/#primaryimage"},"thumbnailUrl":"https:\/\/www.dagad.com.br\/shop\/wp-content\/uploads\/2017\/08\/pqs.png","datePublished":"2017-11-06T03:16:03+00:00","dateModified":"2021-01-22T09:10:59+00:00","breadcrumb":{"@id":"https:\/\/www.dagad.com.br\/shop\/produto\/aluguel-de-tripe-para-extintores-de-incendio\/#breadcrumb"},"inLanguage":"pt-BR","potentialAction":[{"@type":"ReadAction","target":["https:\/\/www.dagad.com.br\/shop\/produto\/aluguel-de-tripe-para-extintores-de-incendio\/"]}]},{"@type":"ImageObject","inLanguage":"pt-BR","@id":"https:\/\/www.dagad.com.br\/shop\/produto\/aluguel-de-tripe-para-extintores-de-incendio\/#primaryimage","url":"https:\/\/www.dagad.com.br\/shop\/wp-content\/uploads\/2017\/08\/pqs.png","contentUrl":"https:\/\/www.dagad.com.br\/shop\/wp-content\/uploads\/2017\/08\/pqs.png","width":600,"height":600},{"@type":"BreadcrumbList","@id":"https:\/\/www.dagad.com.br\/shop\/produto\/aluguel-de-tripe-para-extintores-de-incendio\/#breadcrumb","itemListElement":[{"@type":"ListItem","position":1,"name":"In\u00edcio","item":"https:\/\/www.dagad.com.br\/shop\/"},{"@type":"ListItem","position":2,"name":"Aluguel de Trip\u00e9 para Extintores de Inc\u00eandio"}]},{"@type":"WebSite","@id":"https:\/\/www.dagad.com.br\/shop\/#website","url":"https:\/\/www.dagad.com.br\/shop\/","name":"Dagad Shopping","description":"Tudo para preven\u00e7\u00e3o e seguran\u00e7a.","publisher":{"@id":"https:\/\/www.dagad.com.br\/shop\/#organization"},"potentialAction":[{"@type":"SearchAction","target":{"@type":"EntryPoint","urlTemplate":"https:\/\/www.dagad.com.br\/shop\/?s={search_term_string}"},"query-input":{"@type":"PropertyValueSpecification","valueRequired":true,"valueName":"search_term_string"}}],"inLanguage":"pt-BR"},{"@type":"Organization","@id":"https:\/\/www.dagad.com.br\/shop\/#organization","name":"Dagad Shop - Materiais Contra Inc\u00eandio","url":"https:\/\/www.dagad.com.br\/shop\/","logo":{"@type":"ImageObject","inLanguage":"pt-BR","@id":"https:\/\/www.dagad.com.br\/shop\/#\/schema\/logo\/image\/","url":"https:\/\/www.dagad.com.br\/shop\/wp-content\/uploads\/2017\/08\/logo-site2.jpg","contentUrl":"https:\/\/www.dagad.com.br\/shop\/wp-content\/uploads\/2017\/08\/logo-site2.jpg","width":115,"height":115,"caption":"Dagad Shop - Materiais Contra Inc\u00eandio"},"image":{"@id":"https:\/\/www.dagad.com.br\/shop\/#\/schema\/logo\/image\/"},"sameAs":["https:\/\/www.facebook.com\/dagadextintores","https:\/\/x.com\/DAGADMAT","https:\/\/www.instagram.com\/dagad_extintores\/","https:\/\/www.linkedin.com\/company\/dagad-materiais-de-seguran-a","https:\/\/br.pinterest.com\/DagadShop","http:\/\/www.youtube.com\/channel\/UCZNuW9Azjgylii7eNxvBQWg"]}]}},"_links":{"self":[{"href":"https:\/\/www.dagad.com.br\/shop\/wp-json\/wp\/v2\/product\/1451","targetHints":{"allow":["GET"]}}],"collection":[{"href":"https:\/\/www.dagad.com.br\/shop\/wp-json\/wp\/v2\/product"}],"about":[{"href":"https:\/\/www.dagad.com.br\/shop\/wp-json\/wp\/v2\/types\/product"}],"replies":[{"embeddable":true,"href":"https:\/\/www.dagad.com.br\/shop\/wp-json\/wp\/v2\/comments?post=1451"}],"wp:featuredmedia":[{"embeddable":true,"href":"https:\/\/www.dagad.com.br\/shop\/wp-json\/wp\/v2\/media\/1493"}],"wp:attachment":[{"href":"https:\/\/www.dagad.com.br\/shop\/wp-json\/wp\/v2\/media?parent=1451"}],"wp:term":[{"taxonomy":"product_brand","embeddable":true,"href":"https:\/\/www.dagad.com.br\/shop\/wp-json\/wp\/v2\/product_brand?post=1451"},{"taxonomy":"product_cat","embeddable":true,"href":"https:\/\/www.dagad.com.br\/shop\/wp-json\/wp\/v2\/product_cat?post=1451"},{"taxonomy":"product_tag","embeddable":true,"href":"https:\/\/www.dagad.com.br\/shop\/wp-json\/wp\/v2\/product_tag?post=1451"}],"curies":[{"name":"wp","href":"https:\/\/api.w.org\/{rel}","templated":true}]}}