{"id":16115,"date":"2020-02-29T10:16:15","date_gmt":"2020-02-29T13:16:15","guid":{"rendered":"https:\/\/www.dagad.com.br\/shop\/?post_type=product&#038;p=16115"},"modified":"2020-04-08T19:11:15","modified_gmt":"2020-04-08T22:11:15","slug":"mascara-semi-facial-dobravel-cg-421","status":"publish","type":"product","link":"https:\/\/www.dagad.com.br\/shop\/produto\/mascara-semi-facial-dobravel-cg-421\/","title":{"rendered":"M\u00e1scara &#8211; Respirador Semi-Facial Dobr\u00e1vel CG 421"},"content":{"rendered":"<div><strong>Detalhes<\/strong><\/div>\n<div>\n<div><\/div>\n<div><img decoding=\"async\" src=\"http:\/\/www.carbografite.com.br\/imagens\/ico-descricao-produto.png\" \/>\u00a0Respirador descart\u00e1vel dobr\u00e1vel.<br \/>\n<img decoding=\"async\" src=\"http:\/\/www.carbografite.com.br\/imagens\/ico-descricao-produto.png\" \/>\u00a0Prote\u00e7\u00e3o das vias respirat\u00f3rias do usu\u00e1rio contra a inala\u00e7\u00e3o de poeiras, n\u00e9voas e fumos.<br \/>\n<img decoding=\"async\" src=\"http:\/\/www.carbografite.com.br\/imagens\/ico-descricao-produto.png\" \/>\u00a0Possui camadas filtrantes sint\u00e9ticas tratadas por processo eletrost\u00e1tico.<br \/>\n<img decoding=\"async\" src=\"http:\/\/www.carbografite.com.br\/imagens\/ico-descricao-produto.png\" \/>\u00a0Classe PFF2 S.<br \/>\n<img decoding=\"async\" src=\"http:\/\/www.carbografite.com.br\/imagens\/ico-descricao-produto.png\" \/>\u00a0Certificado no \u00e2mbito do Sistema Brasileiro de Avalia\u00e7\u00e3o da Conformidade pelo Instituto Falc\u00e3o Bauer da Qualidade, organismo acreditado pela Coordena\u00e7\u00e3o Geral de Acredita\u00e7\u00e3o &#8211; Cgcre.<\/div>\n<\/div>\n<div><\/div>\n<div><strong>Aplica\u00e7\u00f5es sugeridas:<\/strong><\/div>\n<div>Indicado para prote\u00e7\u00e3o das vias respirat\u00f3rias contra poeiras, n\u00e9voas n\u00e3o oleosas e fumos met\u00e1licos ou pl\u00e1sticos, em concentra\u00e7\u00f5es n\u00e3o superiores a 10 (dez) vezes o limite de exposi\u00e7\u00e3o ocupacional (LT ou TLV) destes particulados podendo conter fibras t\u00eaxteis, cimento refinado (Portland\uf0d2), min\u00e9rio de ferro, min\u00e9rio de carv\u00e3o, min\u00e9rio de alum\u00ednio, sab\u00e3o em p\u00f3, talco, cal, soda c\u00e1ustica, poeiras vegetais (como trigo, arroz, milho, baga\u00e7o de cana, etc.),\u00a0poeiras de avi\u00e1rio contendo restos de ra\u00e7\u00e3o, fezes, plumas e penas de aves,\u00a0poeiras de lixamento e esmerilhamento, entre outros;<br \/>\nRecomendado ainda para redu\u00e7\u00e3o da exposi\u00e7\u00e3o ocupacional a aeross\u00f3is contendo agentes biol\u00f3gicos potencialmente patog\u00eanicos.<\/div>\n<div>N\u00e3o \u00e9 recomendado para uso hospitalar em procedimentos m\u00e9dicos ou odontol\u00f3gicos.<\/div>\n<div><\/div>\n<div><strong>IMAGENS MERAMENTE ILUSTRATIVAS<\/strong><\/div>\n","protected":false},"excerpt":{"rendered":"<p>M\u00e1scara de prote\u00e7\u00e3o facial dobr\u00e1vel.<\/p>\n","protected":false},"featured_media":16116,"comment_status":"open","ping_status":"closed","template":"","meta":[],"product_brand":[],"product_cat":[68,72],"product_tag":[160,530,159,161,157,158],"class_list":{"0":"post-16115","1":"product","2":"type-product","3":"status-publish","4":"has-post-thumbnail","6":"product_cat-epi","7":"product_cat-mascaras-respiratorias","8":"product_tag-3m","9":"product_tag-cg421","10":"product_tag-descartavel","11":"product_tag-epi","12":"product_tag-mascara","13":"product_tag-respiratoria","15":"first","16":"outofstock","17":"shipping-taxable","18":"purchasable","19":"product-type-simple"},"yoast_head":"<!-- This site is optimized with the Yoast SEO plugin v25.6 - https:\/\/yoast.com\/wordpress\/plugins\/seo\/ -->\n<title>M\u00e1scara - Respirador Semi-Facial Dobr\u00e1vel CG 421 - Dagad Shopping<\/title>\n<meta name=\"description\" content=\"Contra CORONAVIRUS e H1N1. \u00a0Respirador dobr\u00e1vel.\u00a0Classe PFF2 S. Prote\u00e7\u00e3o das vias respirat\u00f3rias do usu\u00e1rio contra a inala\u00e7\u00e3o de poeiras, n\u00e9voas e fumos.\u00a0Possui camadas filtrantes sint\u00e9ticas tratadas por processo eletrost\u00e1tico.\" \/>\n<meta name=\"robots\" content=\"index, follow, max-snippet:-1, max-image-preview:large, max-video-preview:-1\" \/>\n<link rel=\"canonical\" href=\"http:\/\/www.dagad.com.br\/shop\/produto\/mascara-semi-facial-dobravel-cg-421\/\" \/>\n<meta property=\"og:locale\" content=\"pt_BR\" \/>\n<meta property=\"og:type\" content=\"article\" \/>\n<meta property=\"og:title\" content=\"M\u00e1scara - Respirador Semi-Facial Dobr\u00e1vel CG 421 - Dagad Shopping\" \/>\n<meta property=\"og:description\" content=\"Contra CORONAVIRUS e H1N1. \u00a0Respirador dobr\u00e1vel.\u00a0Classe PFF2 S. Prote\u00e7\u00e3o das vias respirat\u00f3rias do usu\u00e1rio contra a inala\u00e7\u00e3o de poeiras, n\u00e9voas e fumos.\u00a0Possui camadas filtrantes sint\u00e9ticas tratadas por processo eletrost\u00e1tico.\" \/>\n<meta property=\"og:url\" content=\"http:\/\/www.dagad.com.br\/shop\/produto\/mascara-semi-facial-dobravel-cg-421\/\" \/>\n<meta property=\"og:site_name\" content=\"Dagad Shopping\" \/>\n<meta property=\"article:publisher\" content=\"https:\/\/www.facebook.com\/dagadextintores\" \/>\n<meta property=\"article:modified_time\" content=\"2020-04-08T22:11:15+00:00\" \/>\n<meta property=\"og:image\" content=\"http:\/\/www.dagad.com.br\/shop\/wp-content\/uploads\/2020\/02\/respirador-descartavel-cg421.jpg\" \/>\n\t<meta property=\"og:image:width\" content=\"534\" \/>\n\t<meta property=\"og:image:height\" content=\"501\" \/>\n\t<meta property=\"og:image:type\" content=\"image\/jpeg\" \/>\n<meta name=\"twitter:card\" content=\"summary_large_image\" \/>\n<meta name=\"twitter:site\" content=\"@DAGADMAT\" \/>\n<meta name=\"twitter:label1\" content=\"Est. tempo de leitura\" \/>\n\t<meta name=\"twitter:data1\" content=\"1 minuto\" \/>\n<script type=\"application\/ld+json\" class=\"yoast-schema-graph\">{\"@context\":\"https:\/\/schema.org\",\"@graph\":[{\"@type\":\"WebPage\",\"@id\":\"http:\/\/www.dagad.com.br\/shop\/produto\/mascara-semi-facial-dobravel-cg-421\/\",\"url\":\"http:\/\/www.dagad.com.br\/shop\/produto\/mascara-semi-facial-dobravel-cg-421\/\",\"name\":\"M\u00e1scara - Respirador Semi-Facial Dobr\u00e1vel CG 421 - Dagad Shopping\",\"isPartOf\":{\"@id\":\"https:\/\/www.dagad.com.br\/shop\/#website\"},\"primaryImageOfPage\":{\"@id\":\"http:\/\/www.dagad.com.br\/shop\/produto\/mascara-semi-facial-dobravel-cg-421\/#primaryimage\"},\"image\":{\"@id\":\"http:\/\/www.dagad.com.br\/shop\/produto\/mascara-semi-facial-dobravel-cg-421\/#primaryimage\"},\"thumbnailUrl\":\"https:\/\/www.dagad.com.br\/shop\/wp-content\/uploads\/2020\/02\/respirador-descartavel-cg421.jpg\",\"datePublished\":\"2020-02-29T13:16:15+00:00\",\"dateModified\":\"2020-04-08T22:11:15+00:00\",\"description\":\"Contra CORONAVIRUS e H1N1. \u00a0Respirador dobr\u00e1vel.\u00a0Classe PFF2 S. Prote\u00e7\u00e3o das vias respirat\u00f3rias do usu\u00e1rio contra a inala\u00e7\u00e3o de poeiras, n\u00e9voas e fumos.\u00a0Possui camadas filtrantes sint\u00e9ticas tratadas por processo eletrost\u00e1tico.\",\"breadcrumb\":{\"@id\":\"http:\/\/www.dagad.com.br\/shop\/produto\/mascara-semi-facial-dobravel-cg-421\/#breadcrumb\"},\"inLanguage\":\"pt-BR\",\"potentialAction\":[{\"@type\":\"ReadAction\",\"target\":[\"http:\/\/www.dagad.com.br\/shop\/produto\/mascara-semi-facial-dobravel-cg-421\/\"]}]},{\"@type\":\"ImageObject\",\"inLanguage\":\"pt-BR\",\"@id\":\"http:\/\/www.dagad.com.br\/shop\/produto\/mascara-semi-facial-dobravel-cg-421\/#primaryimage\",\"url\":\"https:\/\/www.dagad.com.br\/shop\/wp-content\/uploads\/2020\/02\/respirador-descartavel-cg421.jpg\",\"contentUrl\":\"https:\/\/www.dagad.com.br\/shop\/wp-content\/uploads\/2020\/02\/respirador-descartavel-cg421.jpg\",\"width\":534,\"height\":501},{\"@type\":\"BreadcrumbList\",\"@id\":\"http:\/\/www.dagad.com.br\/shop\/produto\/mascara-semi-facial-dobravel-cg-421\/#breadcrumb\",\"itemListElement\":[{\"@type\":\"ListItem\",\"position\":1,\"name\":\"In\u00edcio\",\"item\":\"https:\/\/www.dagad.com.br\/shop\/\"},{\"@type\":\"ListItem\",\"position\":2,\"name\":\"M\u00e1scara &#8211; Respirador Semi-Facial Dobr\u00e1vel CG 421\"}]},{\"@type\":\"WebSite\",\"@id\":\"https:\/\/www.dagad.com.br\/shop\/#website\",\"url\":\"https:\/\/www.dagad.com.br\/shop\/\",\"name\":\"Dagad Shopping\",\"description\":\"Tudo para preven\u00e7\u00e3o e seguran\u00e7a.\",\"publisher\":{\"@id\":\"https:\/\/www.dagad.com.br\/shop\/#organization\"},\"potentialAction\":[{\"@type\":\"SearchAction\",\"target\":{\"@type\":\"EntryPoint\",\"urlTemplate\":\"https:\/\/www.dagad.com.br\/shop\/?s={search_term_string}\"},\"query-input\":{\"@type\":\"PropertyValueSpecification\",\"valueRequired\":true,\"valueName\":\"search_term_string\"}}],\"inLanguage\":\"pt-BR\"},{\"@type\":\"Organization\",\"@id\":\"https:\/\/www.dagad.com.br\/shop\/#organization\",\"name\":\"Dagad Shop - Materiais Contra Inc\u00eandio\",\"url\":\"https:\/\/www.dagad.com.br\/shop\/\",\"logo\":{\"@type\":\"ImageObject\",\"inLanguage\":\"pt-BR\",\"@id\":\"https:\/\/www.dagad.com.br\/shop\/#\/schema\/logo\/image\/\",\"url\":\"https:\/\/www.dagad.com.br\/shop\/wp-content\/uploads\/2017\/08\/logo-site2.jpg\",\"contentUrl\":\"https:\/\/www.dagad.com.br\/shop\/wp-content\/uploads\/2017\/08\/logo-site2.jpg\",\"width\":115,\"height\":115,\"caption\":\"Dagad Shop - Materiais Contra Inc\u00eandio\"},\"image\":{\"@id\":\"https:\/\/www.dagad.com.br\/shop\/#\/schema\/logo\/image\/\"},\"sameAs\":[\"https:\/\/www.facebook.com\/dagadextintores\",\"https:\/\/x.com\/DAGADMAT\",\"https:\/\/www.instagram.com\/dagad_extintores\/\",\"https:\/\/www.linkedin.com\/company\/dagad-materiais-de-seguran-a\",\"https:\/\/br.pinterest.com\/DagadShop\",\"http:\/\/www.youtube.com\/channel\/UCZNuW9Azjgylii7eNxvBQWg\"]}]}<\/script>\n<!-- \/ Yoast SEO plugin. -->","yoast_head_json":{"title":"M\u00e1scara - Respirador Semi-Facial Dobr\u00e1vel CG 421 - Dagad Shopping","description":"Contra CORONAVIRUS e H1N1. \u00a0Respirador dobr\u00e1vel.\u00a0Classe PFF2 S. Prote\u00e7\u00e3o das vias respirat\u00f3rias do usu\u00e1rio contra a inala\u00e7\u00e3o de poeiras, n\u00e9voas e fumos.\u00a0Possui camadas filtrantes sint\u00e9ticas tratadas por processo eletrost\u00e1tico.","robots":{"index":"index","follow":"follow","max-snippet":"max-snippet:-1","max-image-preview":"max-image-preview:large","max-video-preview":"max-video-preview:-1"},"canonical":"http:\/\/www.dagad.com.br\/shop\/produto\/mascara-semi-facial-dobravel-cg-421\/","og_locale":"pt_BR","og_type":"article","og_title":"M\u00e1scara - Respirador Semi-Facial Dobr\u00e1vel CG 421 - Dagad Shopping","og_description":"Contra CORONAVIRUS e H1N1. \u00a0Respirador dobr\u00e1vel.\u00a0Classe PFF2 S. Prote\u00e7\u00e3o das vias respirat\u00f3rias do usu\u00e1rio contra a inala\u00e7\u00e3o de poeiras, n\u00e9voas e fumos.\u00a0Possui camadas filtrantes sint\u00e9ticas tratadas por processo eletrost\u00e1tico.","og_url":"http:\/\/www.dagad.com.br\/shop\/produto\/mascara-semi-facial-dobravel-cg-421\/","og_site_name":"Dagad Shopping","article_publisher":"https:\/\/www.facebook.com\/dagadextintores","article_modified_time":"2020-04-08T22:11:15+00:00","og_image":[{"width":534,"height":501,"url":"http:\/\/www.dagad.com.br\/shop\/wp-content\/uploads\/2020\/02\/respirador-descartavel-cg421.jpg","type":"image\/jpeg"}],"twitter_card":"summary_large_image","twitter_site":"@DAGADMAT","twitter_misc":{"Est. tempo de leitura":"1 minuto"},"schema":{"@context":"https:\/\/schema.org","@graph":[{"@type":"WebPage","@id":"http:\/\/www.dagad.com.br\/shop\/produto\/mascara-semi-facial-dobravel-cg-421\/","url":"http:\/\/www.dagad.com.br\/shop\/produto\/mascara-semi-facial-dobravel-cg-421\/","name":"M\u00e1scara - Respirador Semi-Facial Dobr\u00e1vel CG 421 - Dagad Shopping","isPartOf":{"@id":"https:\/\/www.dagad.com.br\/shop\/#website"},"primaryImageOfPage":{"@id":"http:\/\/www.dagad.com.br\/shop\/produto\/mascara-semi-facial-dobravel-cg-421\/#primaryimage"},"image":{"@id":"http:\/\/www.dagad.com.br\/shop\/produto\/mascara-semi-facial-dobravel-cg-421\/#primaryimage"},"thumbnailUrl":"https:\/\/www.dagad.com.br\/shop\/wp-content\/uploads\/2020\/02\/respirador-descartavel-cg421.jpg","datePublished":"2020-02-29T13:16:15+00:00","dateModified":"2020-04-08T22:11:15+00:00","description":"Contra CORONAVIRUS e H1N1. \u00a0Respirador dobr\u00e1vel.\u00a0Classe PFF2 S. Prote\u00e7\u00e3o das vias respirat\u00f3rias do usu\u00e1rio contra a inala\u00e7\u00e3o de poeiras, n\u00e9voas e fumos.\u00a0Possui camadas filtrantes sint\u00e9ticas tratadas por processo eletrost\u00e1tico.","breadcrumb":{"@id":"http:\/\/www.dagad.com.br\/shop\/produto\/mascara-semi-facial-dobravel-cg-421\/#breadcrumb"},"inLanguage":"pt-BR","potentialAction":[{"@type":"ReadAction","target":["http:\/\/www.dagad.com.br\/shop\/produto\/mascara-semi-facial-dobravel-cg-421\/"]}]},{"@type":"ImageObject","inLanguage":"pt-BR","@id":"http:\/\/www.dagad.com.br\/shop\/produto\/mascara-semi-facial-dobravel-cg-421\/#primaryimage","url":"https:\/\/www.dagad.com.br\/shop\/wp-content\/uploads\/2020\/02\/respirador-descartavel-cg421.jpg","contentUrl":"https:\/\/www.dagad.com.br\/shop\/wp-content\/uploads\/2020\/02\/respirador-descartavel-cg421.jpg","width":534,"height":501},{"@type":"BreadcrumbList","@id":"http:\/\/www.dagad.com.br\/shop\/produto\/mascara-semi-facial-dobravel-cg-421\/#breadcrumb","itemListElement":[{"@type":"ListItem","position":1,"name":"In\u00edcio","item":"https:\/\/www.dagad.com.br\/shop\/"},{"@type":"ListItem","position":2,"name":"M\u00e1scara &#8211; Respirador Semi-Facial Dobr\u00e1vel CG 421"}]},{"@type":"WebSite","@id":"https:\/\/www.dagad.com.br\/shop\/#website","url":"https:\/\/www.dagad.com.br\/shop\/","name":"Dagad Shopping","description":"Tudo para preven\u00e7\u00e3o e seguran\u00e7a.","publisher":{"@id":"https:\/\/www.dagad.com.br\/shop\/#organization"},"potentialAction":[{"@type":"SearchAction","target":{"@type":"EntryPoint","urlTemplate":"https:\/\/www.dagad.com.br\/shop\/?s={search_term_string}"},"query-input":{"@type":"PropertyValueSpecification","valueRequired":true,"valueName":"search_term_string"}}],"inLanguage":"pt-BR"},{"@type":"Organization","@id":"https:\/\/www.dagad.com.br\/shop\/#organization","name":"Dagad Shop - Materiais Contra Inc\u00eandio","url":"https:\/\/www.dagad.com.br\/shop\/","logo":{"@type":"ImageObject","inLanguage":"pt-BR","@id":"https:\/\/www.dagad.com.br\/shop\/#\/schema\/logo\/image\/","url":"https:\/\/www.dagad.com.br\/shop\/wp-content\/uploads\/2017\/08\/logo-site2.jpg","contentUrl":"https:\/\/www.dagad.com.br\/shop\/wp-content\/uploads\/2017\/08\/logo-site2.jpg","width":115,"height":115,"caption":"Dagad Shop - Materiais Contra Inc\u00eandio"},"image":{"@id":"https:\/\/www.dagad.com.br\/shop\/#\/schema\/logo\/image\/"},"sameAs":["https:\/\/www.facebook.com\/dagadextintores","https:\/\/x.com\/DAGADMAT","https:\/\/www.instagram.com\/dagad_extintores\/","https:\/\/www.linkedin.com\/company\/dagad-materiais-de-seguran-a","https:\/\/br.pinterest.com\/DagadShop","http:\/\/www.youtube.com\/channel\/UCZNuW9Azjgylii7eNxvBQWg"]}]}},"_links":{"self":[{"href":"https:\/\/www.dagad.com.br\/shop\/wp-json\/wp\/v2\/product\/16115","targetHints":{"allow":["GET"]}}],"collection":[{"href":"https:\/\/www.dagad.com.br\/shop\/wp-json\/wp\/v2\/product"}],"about":[{"href":"https:\/\/www.dagad.com.br\/shop\/wp-json\/wp\/v2\/types\/product"}],"replies":[{"embeddable":true,"href":"https:\/\/www.dagad.com.br\/shop\/wp-json\/wp\/v2\/comments?post=16115"}],"wp:featuredmedia":[{"embeddable":true,"href":"https:\/\/www.dagad.com.br\/shop\/wp-json\/wp\/v2\/media\/16116"}],"wp:attachment":[{"href":"https:\/\/www.dagad.com.br\/shop\/wp-json\/wp\/v2\/media?parent=16115"}],"wp:term":[{"taxonomy":"product_brand","embeddable":true,"href":"https:\/\/www.dagad.com.br\/shop\/wp-json\/wp\/v2\/product_brand?post=16115"},{"taxonomy":"product_cat","embeddable":true,"href":"https:\/\/www.dagad.com.br\/shop\/wp-json\/wp\/v2\/product_cat?post=16115"},{"taxonomy":"product_tag","embeddable":true,"href":"https:\/\/www.dagad.com.br\/shop\/wp-json\/wp\/v2\/product_tag?post=16115"}],"curies":[{"name":"wp","href":"https:\/\/api.w.org\/{rel}","templated":true}]}}