{"id":187,"date":"2017-07-19T09:34:50","date_gmt":"2017-07-19T12:34:50","guid":{"rendered":"http:\/\/www.dagad.com.br\/shops\/?post_type=product&#038;p=187"},"modified":"2019-03-14T11:28:11","modified_gmt":"2019-03-14T14:28:11","slug":"luminaria-de-emergencia-20-leds-iled-40","status":"publish","type":"product","link":"https:\/\/www.dagad.com.br\/shop\/produto\/luminaria-de-emergencia-20-leds-iled-40\/","title":{"rendered":"Lumin\u00e1ria de Emerg\u00eancia 20 LEDs ILED 40"},"content":{"rendered":"<div>Lumin\u00e1ria de emerg\u00eancia com 20 leds, tipo &#8220;Bloco Aut\u00f4nomo.<\/div>\n<div>Fabricado com alta-luminosidade capaz de produzir um fluxo luminoso superior as l\u00e2mpadas fluorescentes;<\/div>\n<div>Possui consumo inferior a 3 watts;<\/div>\n<div>Design moderno, compacto, de f\u00e1cil instala\u00e7\u00e3o;<\/div>\n<div>Utiliza bateria Ni-MH (N\u00edquel-Hidreto Met\u00e1lico) de longa vida e recarga autom\u00e1tica;<\/div>\n<div>Proporciona autonomia superior a 3 horas.<\/div>\n<div>Tens\u00e3o de Alimenta\u00e7\u00e3o &#8211; 100 \u00e0 240VAC &#8211; 60Hz<br \/>\nConsumo de Energia &#8211; &lt;3W<br \/>\nTempo de Recarga da Bateria &#8211; &lt;18 Horas<br \/>\nAutonomia &#8211; Superior \u00e0 3 horas<br \/>\nFluxo Luminoso &#8211; 500 Lux \/ 360 Lux ap\u00f3s 1 hora<br \/>\nTemperatura &#8211; 6.000k<br \/>\nBateria &#8211; 3,6V x 600mA\/h Nicd<br \/>\nConex\u00e3o &#8211; Plug conforme NBR 14.136<br \/>\nSinaliza\u00e7\u00e3o &#8211; LED verde indica presen\u00e7a da rede<br \/>\nGrau de Prote\u00e7\u00e3o &#8211; IP20 (uso interno)<br \/>\nDimens\u00f5es &#8211; 158x68x52 mm (AxPxL)<br \/>\nPeso &#8211; 240g<br \/>\nMaterial da Caixa &#8211; Pl\u00e1stica na cor branca com difusor de acr\u00edlico<\/div>\n<div><\/div>\n<div><\/div>\n<div><strong>IMAGENS MERAMENTE ILUSTRATIVAS<\/strong><\/div>\n","protected":false},"excerpt":{"rendered":"<p>Lumin\u00e1ria de emerg\u00eancia com 20 leds, tipo &#8220;Bloco Aut\u00f4nomo. Fabricado com alta-luminosidade capaz de produzir um fluxo luminoso superior as l\u00e2mpadas fluorescentes; Possui consumo inferior a 3 watts; Design moderno, compacto, de f\u00e1cil instala\u00e7\u00e3o; Utiliza bateria Ni-MH (N\u00edquel-Hidreto Met\u00e1lico) de longa vida e recarga autom\u00e1tica; Proporciona autonomia superior a 3 horas. Tens\u00e3o de Alimenta\u00e7\u00e3o &#8211; [&hellip;]<\/p>\n","protected":false},"featured_media":188,"comment_status":"open","ping_status":"closed","template":"","meta":[],"product_brand":[],"product_cat":[33],"product_tag":[121,119,122,120,123],"class_list":{"0":"post-187","1":"product","2":"type-product","3":"status-publish","4":"has-post-thumbnail","6":"product_cat-luminarias-de-emergencia","7":"product_tag-20-leds","8":"product_tag-emergencia","9":"product_tag-iled","10":"product_tag-led","11":"product_tag-luminaria","13":"first","14":"instock","15":"shipping-taxable","16":"purchasable","17":"product-type-simple"},"yoast_head":"<!-- This site is optimized with the Yoast SEO plugin v25.6 - https:\/\/yoast.com\/wordpress\/plugins\/seo\/ -->\n<title>Lumin\u00e1ria de Emerg\u00eancia 20 LEDs ILED 40 - Dagad Shopping<\/title>\n<meta name=\"robots\" content=\"index, follow, max-snippet:-1, max-image-preview:large, max-video-preview:-1\" \/>\n<link rel=\"canonical\" href=\"https:\/\/www.dagad.com.br\/shop\/produto\/luminaria-de-emergencia-20-leds-iled-40\/\" \/>\n<meta property=\"og:locale\" content=\"pt_BR\" \/>\n<meta property=\"og:type\" content=\"article\" \/>\n<meta property=\"og:title\" content=\"Lumin\u00e1ria de Emerg\u00eancia 20 LEDs ILED 40 - Dagad Shopping\" \/>\n<meta property=\"og:description\" content=\"Lumin\u00e1ria de emerg\u00eancia com 20 leds, tipo &#8220;Bloco Aut\u00f4nomo. Fabricado com alta-luminosidade capaz de produzir um fluxo luminoso superior as l\u00e2mpadas fluorescentes; Possui consumo inferior a 3 watts; Design moderno, compacto, de f\u00e1cil instala\u00e7\u00e3o; Utiliza bateria Ni-MH (N\u00edquel-Hidreto Met\u00e1lico) de longa vida e recarga autom\u00e1tica; Proporciona autonomia superior a 3 horas. Tens\u00e3o de Alimenta\u00e7\u00e3o &#8211; [&hellip;]\" \/>\n<meta property=\"og:url\" content=\"https:\/\/www.dagad.com.br\/shop\/produto\/luminaria-de-emergencia-20-leds-iled-40\/\" \/>\n<meta property=\"og:site_name\" content=\"Dagad Shopping\" \/>\n<meta property=\"article:publisher\" content=\"https:\/\/www.facebook.com\/dagadextintores\" \/>\n<meta property=\"article:modified_time\" content=\"2019-03-14T14:28:11+00:00\" \/>\n<meta property=\"og:image\" content=\"https:\/\/www.dagad.com.br\/shop\/wp-content\/uploads\/2017\/07\/luminariaemergencia20ledsiled40.png\" \/>\n\t<meta property=\"og:image:width\" content=\"843\" \/>\n\t<meta property=\"og:image:height\" content=\"624\" \/>\n\t<meta property=\"og:image:type\" content=\"image\/png\" \/>\n<meta name=\"twitter:card\" content=\"summary_large_image\" \/>\n<meta name=\"twitter:site\" content=\"@DAGADMAT\" \/>\n<meta name=\"twitter:label1\" content=\"Est. tempo de leitura\" \/>\n\t<meta name=\"twitter:data1\" content=\"1 minuto\" \/>\n<script type=\"application\/ld+json\" class=\"yoast-schema-graph\">{\"@context\":\"https:\/\/schema.org\",\"@graph\":[{\"@type\":\"WebPage\",\"@id\":\"https:\/\/www.dagad.com.br\/shop\/produto\/luminaria-de-emergencia-20-leds-iled-40\/\",\"url\":\"https:\/\/www.dagad.com.br\/shop\/produto\/luminaria-de-emergencia-20-leds-iled-40\/\",\"name\":\"Lumin\u00e1ria de Emerg\u00eancia 20 LEDs ILED 40 - Dagad Shopping\",\"isPartOf\":{\"@id\":\"https:\/\/www.dagad.com.br\/shop\/#website\"},\"primaryImageOfPage\":{\"@id\":\"https:\/\/www.dagad.com.br\/shop\/produto\/luminaria-de-emergencia-20-leds-iled-40\/#primaryimage\"},\"image\":{\"@id\":\"https:\/\/www.dagad.com.br\/shop\/produto\/luminaria-de-emergencia-20-leds-iled-40\/#primaryimage\"},\"thumbnailUrl\":\"https:\/\/www.dagad.com.br\/shop\/wp-content\/uploads\/2017\/07\/luminariaemergencia20ledsiled40.png\",\"datePublished\":\"2017-07-19T12:34:50+00:00\",\"dateModified\":\"2019-03-14T14:28:11+00:00\",\"breadcrumb\":{\"@id\":\"https:\/\/www.dagad.com.br\/shop\/produto\/luminaria-de-emergencia-20-leds-iled-40\/#breadcrumb\"},\"inLanguage\":\"pt-BR\",\"potentialAction\":[{\"@type\":\"ReadAction\",\"target\":[\"https:\/\/www.dagad.com.br\/shop\/produto\/luminaria-de-emergencia-20-leds-iled-40\/\"]}]},{\"@type\":\"ImageObject\",\"inLanguage\":\"pt-BR\",\"@id\":\"https:\/\/www.dagad.com.br\/shop\/produto\/luminaria-de-emergencia-20-leds-iled-40\/#primaryimage\",\"url\":\"https:\/\/www.dagad.com.br\/shop\/wp-content\/uploads\/2017\/07\/luminariaemergencia20ledsiled40.png\",\"contentUrl\":\"https:\/\/www.dagad.com.br\/shop\/wp-content\/uploads\/2017\/07\/luminariaemergencia20ledsiled40.png\",\"width\":843,\"height\":624},{\"@type\":\"BreadcrumbList\",\"@id\":\"https:\/\/www.dagad.com.br\/shop\/produto\/luminaria-de-emergencia-20-leds-iled-40\/#breadcrumb\",\"itemListElement\":[{\"@type\":\"ListItem\",\"position\":1,\"name\":\"In\u00edcio\",\"item\":\"https:\/\/www.dagad.com.br\/shop\/\"},{\"@type\":\"ListItem\",\"position\":2,\"name\":\"Lumin\u00e1ria de Emerg\u00eancia 20 LEDs ILED 40\"}]},{\"@type\":\"WebSite\",\"@id\":\"https:\/\/www.dagad.com.br\/shop\/#website\",\"url\":\"https:\/\/www.dagad.com.br\/shop\/\",\"name\":\"Dagad Shopping\",\"description\":\"Tudo para preven\u00e7\u00e3o e seguran\u00e7a.\",\"publisher\":{\"@id\":\"https:\/\/www.dagad.com.br\/shop\/#organization\"},\"potentialAction\":[{\"@type\":\"SearchAction\",\"target\":{\"@type\":\"EntryPoint\",\"urlTemplate\":\"https:\/\/www.dagad.com.br\/shop\/?s={search_term_string}\"},\"query-input\":{\"@type\":\"PropertyValueSpecification\",\"valueRequired\":true,\"valueName\":\"search_term_string\"}}],\"inLanguage\":\"pt-BR\"},{\"@type\":\"Organization\",\"@id\":\"https:\/\/www.dagad.com.br\/shop\/#organization\",\"name\":\"Dagad Shop - Materiais Contra Inc\u00eandio\",\"url\":\"https:\/\/www.dagad.com.br\/shop\/\",\"logo\":{\"@type\":\"ImageObject\",\"inLanguage\":\"pt-BR\",\"@id\":\"https:\/\/www.dagad.com.br\/shop\/#\/schema\/logo\/image\/\",\"url\":\"https:\/\/www.dagad.com.br\/shop\/wp-content\/uploads\/2017\/08\/logo-site2.jpg\",\"contentUrl\":\"https:\/\/www.dagad.com.br\/shop\/wp-content\/uploads\/2017\/08\/logo-site2.jpg\",\"width\":115,\"height\":115,\"caption\":\"Dagad Shop - Materiais Contra Inc\u00eandio\"},\"image\":{\"@id\":\"https:\/\/www.dagad.com.br\/shop\/#\/schema\/logo\/image\/\"},\"sameAs\":[\"https:\/\/www.facebook.com\/dagadextintores\",\"https:\/\/x.com\/DAGADMAT\",\"https:\/\/www.instagram.com\/dagad_extintores\/\",\"https:\/\/www.linkedin.com\/company\/dagad-materiais-de-seguran-a\",\"https:\/\/br.pinterest.com\/DagadShop\",\"http:\/\/www.youtube.com\/channel\/UCZNuW9Azjgylii7eNxvBQWg\"]}]}<\/script>\n<!-- \/ Yoast SEO plugin. -->","yoast_head_json":{"title":"Lumin\u00e1ria de Emerg\u00eancia 20 LEDs ILED 40 - Dagad Shopping","robots":{"index":"index","follow":"follow","max-snippet":"max-snippet:-1","max-image-preview":"max-image-preview:large","max-video-preview":"max-video-preview:-1"},"canonical":"https:\/\/www.dagad.com.br\/shop\/produto\/luminaria-de-emergencia-20-leds-iled-40\/","og_locale":"pt_BR","og_type":"article","og_title":"Lumin\u00e1ria de Emerg\u00eancia 20 LEDs ILED 40 - Dagad Shopping","og_description":"Lumin\u00e1ria de emerg\u00eancia com 20 leds, tipo &#8220;Bloco Aut\u00f4nomo. Fabricado com alta-luminosidade capaz de produzir um fluxo luminoso superior as l\u00e2mpadas fluorescentes; Possui consumo inferior a 3 watts; Design moderno, compacto, de f\u00e1cil instala\u00e7\u00e3o; Utiliza bateria Ni-MH (N\u00edquel-Hidreto Met\u00e1lico) de longa vida e recarga autom\u00e1tica; Proporciona autonomia superior a 3 horas. Tens\u00e3o de Alimenta\u00e7\u00e3o &#8211; [&hellip;]","og_url":"https:\/\/www.dagad.com.br\/shop\/produto\/luminaria-de-emergencia-20-leds-iled-40\/","og_site_name":"Dagad Shopping","article_publisher":"https:\/\/www.facebook.com\/dagadextintores","article_modified_time":"2019-03-14T14:28:11+00:00","og_image":[{"width":843,"height":624,"url":"https:\/\/www.dagad.com.br\/shop\/wp-content\/uploads\/2017\/07\/luminariaemergencia20ledsiled40.png","type":"image\/png"}],"twitter_card":"summary_large_image","twitter_site":"@DAGADMAT","twitter_misc":{"Est. tempo de leitura":"1 minuto"},"schema":{"@context":"https:\/\/schema.org","@graph":[{"@type":"WebPage","@id":"https:\/\/www.dagad.com.br\/shop\/produto\/luminaria-de-emergencia-20-leds-iled-40\/","url":"https:\/\/www.dagad.com.br\/shop\/produto\/luminaria-de-emergencia-20-leds-iled-40\/","name":"Lumin\u00e1ria de Emerg\u00eancia 20 LEDs ILED 40 - Dagad Shopping","isPartOf":{"@id":"https:\/\/www.dagad.com.br\/shop\/#website"},"primaryImageOfPage":{"@id":"https:\/\/www.dagad.com.br\/shop\/produto\/luminaria-de-emergencia-20-leds-iled-40\/#primaryimage"},"image":{"@id":"https:\/\/www.dagad.com.br\/shop\/produto\/luminaria-de-emergencia-20-leds-iled-40\/#primaryimage"},"thumbnailUrl":"https:\/\/www.dagad.com.br\/shop\/wp-content\/uploads\/2017\/07\/luminariaemergencia20ledsiled40.png","datePublished":"2017-07-19T12:34:50+00:00","dateModified":"2019-03-14T14:28:11+00:00","breadcrumb":{"@id":"https:\/\/www.dagad.com.br\/shop\/produto\/luminaria-de-emergencia-20-leds-iled-40\/#breadcrumb"},"inLanguage":"pt-BR","potentialAction":[{"@type":"ReadAction","target":["https:\/\/www.dagad.com.br\/shop\/produto\/luminaria-de-emergencia-20-leds-iled-40\/"]}]},{"@type":"ImageObject","inLanguage":"pt-BR","@id":"https:\/\/www.dagad.com.br\/shop\/produto\/luminaria-de-emergencia-20-leds-iled-40\/#primaryimage","url":"https:\/\/www.dagad.com.br\/shop\/wp-content\/uploads\/2017\/07\/luminariaemergencia20ledsiled40.png","contentUrl":"https:\/\/www.dagad.com.br\/shop\/wp-content\/uploads\/2017\/07\/luminariaemergencia20ledsiled40.png","width":843,"height":624},{"@type":"BreadcrumbList","@id":"https:\/\/www.dagad.com.br\/shop\/produto\/luminaria-de-emergencia-20-leds-iled-40\/#breadcrumb","itemListElement":[{"@type":"ListItem","position":1,"name":"In\u00edcio","item":"https:\/\/www.dagad.com.br\/shop\/"},{"@type":"ListItem","position":2,"name":"Lumin\u00e1ria de Emerg\u00eancia 20 LEDs ILED 40"}]},{"@type":"WebSite","@id":"https:\/\/www.dagad.com.br\/shop\/#website","url":"https:\/\/www.dagad.com.br\/shop\/","name":"Dagad Shopping","description":"Tudo para preven\u00e7\u00e3o e seguran\u00e7a.","publisher":{"@id":"https:\/\/www.dagad.com.br\/shop\/#organization"},"potentialAction":[{"@type":"SearchAction","target":{"@type":"EntryPoint","urlTemplate":"https:\/\/www.dagad.com.br\/shop\/?s={search_term_string}"},"query-input":{"@type":"PropertyValueSpecification","valueRequired":true,"valueName":"search_term_string"}}],"inLanguage":"pt-BR"},{"@type":"Organization","@id":"https:\/\/www.dagad.com.br\/shop\/#organization","name":"Dagad Shop - Materiais Contra Inc\u00eandio","url":"https:\/\/www.dagad.com.br\/shop\/","logo":{"@type":"ImageObject","inLanguage":"pt-BR","@id":"https:\/\/www.dagad.com.br\/shop\/#\/schema\/logo\/image\/","url":"https:\/\/www.dagad.com.br\/shop\/wp-content\/uploads\/2017\/08\/logo-site2.jpg","contentUrl":"https:\/\/www.dagad.com.br\/shop\/wp-content\/uploads\/2017\/08\/logo-site2.jpg","width":115,"height":115,"caption":"Dagad Shop - Materiais Contra Inc\u00eandio"},"image":{"@id":"https:\/\/www.dagad.com.br\/shop\/#\/schema\/logo\/image\/"},"sameAs":["https:\/\/www.facebook.com\/dagadextintores","https:\/\/x.com\/DAGADMAT","https:\/\/www.instagram.com\/dagad_extintores\/","https:\/\/www.linkedin.com\/company\/dagad-materiais-de-seguran-a","https:\/\/br.pinterest.com\/DagadShop","http:\/\/www.youtube.com\/channel\/UCZNuW9Azjgylii7eNxvBQWg"]}]}},"_links":{"self":[{"href":"https:\/\/www.dagad.com.br\/shop\/wp-json\/wp\/v2\/product\/187","targetHints":{"allow":["GET"]}}],"collection":[{"href":"https:\/\/www.dagad.com.br\/shop\/wp-json\/wp\/v2\/product"}],"about":[{"href":"https:\/\/www.dagad.com.br\/shop\/wp-json\/wp\/v2\/types\/product"}],"replies":[{"embeddable":true,"href":"https:\/\/www.dagad.com.br\/shop\/wp-json\/wp\/v2\/comments?post=187"}],"wp:featuredmedia":[{"embeddable":true,"href":"https:\/\/www.dagad.com.br\/shop\/wp-json\/wp\/v2\/media\/188"}],"wp:attachment":[{"href":"https:\/\/www.dagad.com.br\/shop\/wp-json\/wp\/v2\/media?parent=187"}],"wp:term":[{"taxonomy":"product_brand","embeddable":true,"href":"https:\/\/www.dagad.com.br\/shop\/wp-json\/wp\/v2\/product_brand?post=187"},{"taxonomy":"product_cat","embeddable":true,"href":"https:\/\/www.dagad.com.br\/shop\/wp-json\/wp\/v2\/product_cat?post=187"},{"taxonomy":"product_tag","embeddable":true,"href":"https:\/\/www.dagad.com.br\/shop\/wp-json\/wp\/v2\/product_tag?post=187"}],"curies":[{"name":"wp","href":"https:\/\/api.w.org\/{rel}","templated":true}]}}