{"id":205,"date":"2020-07-19T10:51:24","date_gmt":"2020-07-19T13:51:24","guid":{"rendered":"http:\/\/www.dagad.com.br\/shops\/?post_type=product&#038;p=205"},"modified":"2021-08-19T23:19:53","modified_gmt":"2021-08-20T02:19:53","slug":"abrigo-de-mangueira-90x60x17-sobrepor","status":"publish","type":"product","link":"https:\/\/www.dagad.com.br\/shop\/produto\/abrigo-de-mangueira-90x60x17-sobrepor\/","title":{"rendered":"Abrigo de Mangueira 90x60x17 &#8211; Sobrepor"},"content":{"rendered":"<div>Caixa para Mangueiras de Inc\u00eandio, fabricada em chapa de a\u00e7o.<br \/>\nAcabamento com pintura eletrost\u00e1tica Vermelho Munsel 5R4\/14.<br \/>\nPossui suporte meia lua para apoio das mangueiras evitando encostar no fundo da caixa.<br \/>\nIdeal para 02 lances de mangueira de inc\u00eandio de 1 1\/2&#8243; ou 2 1\/2&#8243;<br \/>\nPeso: 10.560Kg<\/div>\n<div><\/div>\n<div><strong>IMAGENS MERAMENTE ILUSTRATIVAS \/ N\u00c3O CONT\u00c9M VIDRO<\/strong><\/div>\n<div><\/div>\n","protected":false},"excerpt":{"rendered":"<p>Caixa para Mangueiras de Inc\u00eandio, fabricada em chapa de a\u00e7o. Acabamento com pintura eletrost\u00e1tica Vermelho Munsel 5R4\/14. Possui suporte meia lua para apoio das mangueiras evitando encostar no fundo da caixa. Ideal para 02 lances de mangueira de inc\u00eandio de 1 1\/2&#8243; ou 2 1\/2&#8243; Peso: 10.560Kg IMAGENS MERAMENTE ILUSTRATIVAS \/ N\u00c3O CONT\u00c9M VIDRO<\/p>\n","protected":false},"featured_media":204,"comment_status":"open","ping_status":"closed","template":"","meta":[],"product_brand":[],"product_cat":[29,28],"product_tag":[138,145,141,139,146],"class_list":{"0":"post-205","1":"product","2":"type-product","3":"status-publish","4":"has-post-thumbnail","6":"product_cat-abrigos-de-mangueira-sobrepor","7":"product_cat-abrigos-mangueiras-extintores","8":"product_tag-abrigo","9":"product_tag-chave-storz","10":"product_tag-hidrante","11":"product_tag-mangueira","12":"product_tag-registro","14":"first","15":"onbackorder","16":"shipping-taxable","17":"purchasable","18":"product-type-simple"},"yoast_head":"<!-- This site is optimized with the Yoast SEO plugin v25.6 - https:\/\/yoast.com\/wordpress\/plugins\/seo\/ -->\n<title>Abrigo de Mangueira 90x60x17 - Sobrepor - Dagad Shopping<\/title>\n<meta name=\"robots\" content=\"index, follow, max-snippet:-1, max-image-preview:large, max-video-preview:-1\" \/>\n<link rel=\"canonical\" href=\"https:\/\/www.dagad.com.br\/shop\/produto\/abrigo-de-mangueira-90x60x17-sobrepor\/\" \/>\n<meta property=\"og:locale\" content=\"pt_BR\" \/>\n<meta property=\"og:type\" content=\"article\" \/>\n<meta property=\"og:title\" content=\"Abrigo de Mangueira 90x60x17 - Sobrepor - Dagad Shopping\" \/>\n<meta property=\"og:description\" content=\"Caixa para Mangueiras de Inc\u00eandio, fabricada em chapa de a\u00e7o. Acabamento com pintura eletrost\u00e1tica Vermelho Munsel 5R4\/14. Possui suporte meia lua para apoio das mangueiras evitando encostar no fundo da caixa. Ideal para 02 lances de mangueira de inc\u00eandio de 1 1\/2&#8243; ou 2 1\/2&#8243; Peso: 10.560Kg IMAGENS MERAMENTE ILUSTRATIVAS \/ N\u00c3O CONT\u00c9M VIDRO\" \/>\n<meta property=\"og:url\" content=\"https:\/\/www.dagad.com.br\/shop\/produto\/abrigo-de-mangueira-90x60x17-sobrepor\/\" \/>\n<meta property=\"og:site_name\" content=\"Dagad Shopping\" \/>\n<meta property=\"article:publisher\" content=\"https:\/\/www.facebook.com\/dagadextintores\" \/>\n<meta property=\"article:modified_time\" content=\"2021-08-20T02:19:53+00:00\" \/>\n<meta property=\"og:image\" content=\"https:\/\/www.dagad.com.br\/shop\/wp-content\/uploads\/2017\/07\/sobrepor_5.png\" \/>\n\t<meta property=\"og:image:width\" content=\"600\" \/>\n\t<meta property=\"og:image:height\" content=\"600\" \/>\n\t<meta property=\"og:image:type\" content=\"image\/png\" \/>\n<meta name=\"twitter:card\" content=\"summary_large_image\" \/>\n<meta name=\"twitter:site\" content=\"@DAGADMAT\" \/>\n<script type=\"application\/ld+json\" class=\"yoast-schema-graph\">{\"@context\":\"https:\/\/schema.org\",\"@graph\":[{\"@type\":\"WebPage\",\"@id\":\"https:\/\/www.dagad.com.br\/shop\/produto\/abrigo-de-mangueira-90x60x17-sobrepor\/\",\"url\":\"https:\/\/www.dagad.com.br\/shop\/produto\/abrigo-de-mangueira-90x60x17-sobrepor\/\",\"name\":\"Abrigo de Mangueira 90x60x17 - Sobrepor - Dagad Shopping\",\"isPartOf\":{\"@id\":\"https:\/\/www.dagad.com.br\/shop\/#website\"},\"primaryImageOfPage\":{\"@id\":\"https:\/\/www.dagad.com.br\/shop\/produto\/abrigo-de-mangueira-90x60x17-sobrepor\/#primaryimage\"},\"image\":{\"@id\":\"https:\/\/www.dagad.com.br\/shop\/produto\/abrigo-de-mangueira-90x60x17-sobrepor\/#primaryimage\"},\"thumbnailUrl\":\"https:\/\/www.dagad.com.br\/shop\/wp-content\/uploads\/2017\/07\/sobrepor_5.png\",\"datePublished\":\"2020-07-19T13:51:24+00:00\",\"dateModified\":\"2021-08-20T02:19:53+00:00\",\"breadcrumb\":{\"@id\":\"https:\/\/www.dagad.com.br\/shop\/produto\/abrigo-de-mangueira-90x60x17-sobrepor\/#breadcrumb\"},\"inLanguage\":\"pt-BR\",\"potentialAction\":[{\"@type\":\"ReadAction\",\"target\":[\"https:\/\/www.dagad.com.br\/shop\/produto\/abrigo-de-mangueira-90x60x17-sobrepor\/\"]}]},{\"@type\":\"ImageObject\",\"inLanguage\":\"pt-BR\",\"@id\":\"https:\/\/www.dagad.com.br\/shop\/produto\/abrigo-de-mangueira-90x60x17-sobrepor\/#primaryimage\",\"url\":\"https:\/\/www.dagad.com.br\/shop\/wp-content\/uploads\/2017\/07\/sobrepor_5.png\",\"contentUrl\":\"https:\/\/www.dagad.com.br\/shop\/wp-content\/uploads\/2017\/07\/sobrepor_5.png\",\"width\":600,\"height\":600},{\"@type\":\"BreadcrumbList\",\"@id\":\"https:\/\/www.dagad.com.br\/shop\/produto\/abrigo-de-mangueira-90x60x17-sobrepor\/#breadcrumb\",\"itemListElement\":[{\"@type\":\"ListItem\",\"position\":1,\"name\":\"In\u00edcio\",\"item\":\"https:\/\/www.dagad.com.br\/shop\/\"},{\"@type\":\"ListItem\",\"position\":2,\"name\":\"Abrigo de Mangueira 90x60x17 &#8211; Sobrepor\"}]},{\"@type\":\"WebSite\",\"@id\":\"https:\/\/www.dagad.com.br\/shop\/#website\",\"url\":\"https:\/\/www.dagad.com.br\/shop\/\",\"name\":\"Dagad Shopping\",\"description\":\"Tudo para preven\u00e7\u00e3o e seguran\u00e7a.\",\"publisher\":{\"@id\":\"https:\/\/www.dagad.com.br\/shop\/#organization\"},\"potentialAction\":[{\"@type\":\"SearchAction\",\"target\":{\"@type\":\"EntryPoint\",\"urlTemplate\":\"https:\/\/www.dagad.com.br\/shop\/?s={search_term_string}\"},\"query-input\":{\"@type\":\"PropertyValueSpecification\",\"valueRequired\":true,\"valueName\":\"search_term_string\"}}],\"inLanguage\":\"pt-BR\"},{\"@type\":\"Organization\",\"@id\":\"https:\/\/www.dagad.com.br\/shop\/#organization\",\"name\":\"Dagad Shop - Materiais Contra Inc\u00eandio\",\"url\":\"https:\/\/www.dagad.com.br\/shop\/\",\"logo\":{\"@type\":\"ImageObject\",\"inLanguage\":\"pt-BR\",\"@id\":\"https:\/\/www.dagad.com.br\/shop\/#\/schema\/logo\/image\/\",\"url\":\"https:\/\/www.dagad.com.br\/shop\/wp-content\/uploads\/2017\/08\/logo-site2.jpg\",\"contentUrl\":\"https:\/\/www.dagad.com.br\/shop\/wp-content\/uploads\/2017\/08\/logo-site2.jpg\",\"width\":115,\"height\":115,\"caption\":\"Dagad Shop - Materiais Contra Inc\u00eandio\"},\"image\":{\"@id\":\"https:\/\/www.dagad.com.br\/shop\/#\/schema\/logo\/image\/\"},\"sameAs\":[\"https:\/\/www.facebook.com\/dagadextintores\",\"https:\/\/x.com\/DAGADMAT\",\"https:\/\/www.instagram.com\/dagad_extintores\/\",\"https:\/\/www.linkedin.com\/company\/dagad-materiais-de-seguran-a\",\"https:\/\/br.pinterest.com\/DagadShop\",\"http:\/\/www.youtube.com\/channel\/UCZNuW9Azjgylii7eNxvBQWg\"]}]}<\/script>\n<!-- \/ Yoast SEO plugin. -->","yoast_head_json":{"title":"Abrigo de Mangueira 90x60x17 - Sobrepor - Dagad Shopping","robots":{"index":"index","follow":"follow","max-snippet":"max-snippet:-1","max-image-preview":"max-image-preview:large","max-video-preview":"max-video-preview:-1"},"canonical":"https:\/\/www.dagad.com.br\/shop\/produto\/abrigo-de-mangueira-90x60x17-sobrepor\/","og_locale":"pt_BR","og_type":"article","og_title":"Abrigo de Mangueira 90x60x17 - Sobrepor - Dagad Shopping","og_description":"Caixa para Mangueiras de Inc\u00eandio, fabricada em chapa de a\u00e7o. Acabamento com pintura eletrost\u00e1tica Vermelho Munsel 5R4\/14. Possui suporte meia lua para apoio das mangueiras evitando encostar no fundo da caixa. Ideal para 02 lances de mangueira de inc\u00eandio de 1 1\/2&#8243; ou 2 1\/2&#8243; Peso: 10.560Kg IMAGENS MERAMENTE ILUSTRATIVAS \/ N\u00c3O CONT\u00c9M VIDRO","og_url":"https:\/\/www.dagad.com.br\/shop\/produto\/abrigo-de-mangueira-90x60x17-sobrepor\/","og_site_name":"Dagad Shopping","article_publisher":"https:\/\/www.facebook.com\/dagadextintores","article_modified_time":"2021-08-20T02:19:53+00:00","og_image":[{"width":600,"height":600,"url":"https:\/\/www.dagad.com.br\/shop\/wp-content\/uploads\/2017\/07\/sobrepor_5.png","type":"image\/png"}],"twitter_card":"summary_large_image","twitter_site":"@DAGADMAT","schema":{"@context":"https:\/\/schema.org","@graph":[{"@type":"WebPage","@id":"https:\/\/www.dagad.com.br\/shop\/produto\/abrigo-de-mangueira-90x60x17-sobrepor\/","url":"https:\/\/www.dagad.com.br\/shop\/produto\/abrigo-de-mangueira-90x60x17-sobrepor\/","name":"Abrigo de Mangueira 90x60x17 - Sobrepor - Dagad Shopping","isPartOf":{"@id":"https:\/\/www.dagad.com.br\/shop\/#website"},"primaryImageOfPage":{"@id":"https:\/\/www.dagad.com.br\/shop\/produto\/abrigo-de-mangueira-90x60x17-sobrepor\/#primaryimage"},"image":{"@id":"https:\/\/www.dagad.com.br\/shop\/produto\/abrigo-de-mangueira-90x60x17-sobrepor\/#primaryimage"},"thumbnailUrl":"https:\/\/www.dagad.com.br\/shop\/wp-content\/uploads\/2017\/07\/sobrepor_5.png","datePublished":"2020-07-19T13:51:24+00:00","dateModified":"2021-08-20T02:19:53+00:00","breadcrumb":{"@id":"https:\/\/www.dagad.com.br\/shop\/produto\/abrigo-de-mangueira-90x60x17-sobrepor\/#breadcrumb"},"inLanguage":"pt-BR","potentialAction":[{"@type":"ReadAction","target":["https:\/\/www.dagad.com.br\/shop\/produto\/abrigo-de-mangueira-90x60x17-sobrepor\/"]}]},{"@type":"ImageObject","inLanguage":"pt-BR","@id":"https:\/\/www.dagad.com.br\/shop\/produto\/abrigo-de-mangueira-90x60x17-sobrepor\/#primaryimage","url":"https:\/\/www.dagad.com.br\/shop\/wp-content\/uploads\/2017\/07\/sobrepor_5.png","contentUrl":"https:\/\/www.dagad.com.br\/shop\/wp-content\/uploads\/2017\/07\/sobrepor_5.png","width":600,"height":600},{"@type":"BreadcrumbList","@id":"https:\/\/www.dagad.com.br\/shop\/produto\/abrigo-de-mangueira-90x60x17-sobrepor\/#breadcrumb","itemListElement":[{"@type":"ListItem","position":1,"name":"In\u00edcio","item":"https:\/\/www.dagad.com.br\/shop\/"},{"@type":"ListItem","position":2,"name":"Abrigo de Mangueira 90x60x17 &#8211; Sobrepor"}]},{"@type":"WebSite","@id":"https:\/\/www.dagad.com.br\/shop\/#website","url":"https:\/\/www.dagad.com.br\/shop\/","name":"Dagad Shopping","description":"Tudo para preven\u00e7\u00e3o e seguran\u00e7a.","publisher":{"@id":"https:\/\/www.dagad.com.br\/shop\/#organization"},"potentialAction":[{"@type":"SearchAction","target":{"@type":"EntryPoint","urlTemplate":"https:\/\/www.dagad.com.br\/shop\/?s={search_term_string}"},"query-input":{"@type":"PropertyValueSpecification","valueRequired":true,"valueName":"search_term_string"}}],"inLanguage":"pt-BR"},{"@type":"Organization","@id":"https:\/\/www.dagad.com.br\/shop\/#organization","name":"Dagad Shop - Materiais Contra Inc\u00eandio","url":"https:\/\/www.dagad.com.br\/shop\/","logo":{"@type":"ImageObject","inLanguage":"pt-BR","@id":"https:\/\/www.dagad.com.br\/shop\/#\/schema\/logo\/image\/","url":"https:\/\/www.dagad.com.br\/shop\/wp-content\/uploads\/2017\/08\/logo-site2.jpg","contentUrl":"https:\/\/www.dagad.com.br\/shop\/wp-content\/uploads\/2017\/08\/logo-site2.jpg","width":115,"height":115,"caption":"Dagad Shop - Materiais Contra Inc\u00eandio"},"image":{"@id":"https:\/\/www.dagad.com.br\/shop\/#\/schema\/logo\/image\/"},"sameAs":["https:\/\/www.facebook.com\/dagadextintores","https:\/\/x.com\/DAGADMAT","https:\/\/www.instagram.com\/dagad_extintores\/","https:\/\/www.linkedin.com\/company\/dagad-materiais-de-seguran-a","https:\/\/br.pinterest.com\/DagadShop","http:\/\/www.youtube.com\/channel\/UCZNuW9Azjgylii7eNxvBQWg"]}]}},"_links":{"self":[{"href":"https:\/\/www.dagad.com.br\/shop\/wp-json\/wp\/v2\/product\/205","targetHints":{"allow":["GET"]}}],"collection":[{"href":"https:\/\/www.dagad.com.br\/shop\/wp-json\/wp\/v2\/product"}],"about":[{"href":"https:\/\/www.dagad.com.br\/shop\/wp-json\/wp\/v2\/types\/product"}],"replies":[{"embeddable":true,"href":"https:\/\/www.dagad.com.br\/shop\/wp-json\/wp\/v2\/comments?post=205"}],"wp:featuredmedia":[{"embeddable":true,"href":"https:\/\/www.dagad.com.br\/shop\/wp-json\/wp\/v2\/media\/204"}],"wp:attachment":[{"href":"https:\/\/www.dagad.com.br\/shop\/wp-json\/wp\/v2\/media?parent=205"}],"wp:term":[{"taxonomy":"product_brand","embeddable":true,"href":"https:\/\/www.dagad.com.br\/shop\/wp-json\/wp\/v2\/product_brand?post=205"},{"taxonomy":"product_cat","embeddable":true,"href":"https:\/\/www.dagad.com.br\/shop\/wp-json\/wp\/v2\/product_cat?post=205"},{"taxonomy":"product_tag","embeddable":true,"href":"https:\/\/www.dagad.com.br\/shop\/wp-json\/wp\/v2\/product_tag?post=205"}],"curies":[{"name":"wp","href":"https:\/\/api.w.org\/{rel}","templated":true}]}}