{"id":224,"date":"2017-07-19T16:32:11","date_gmt":"2017-07-19T19:32:11","guid":{"rendered":"http:\/\/www.dagad.com.br\/shops\/?post_type=product&#038;p=224"},"modified":"2020-02-29T10:16:08","modified_gmt":"2020-02-29T13:16:08","slug":"mascara-semi-facial-descartavel-3m","status":"publish","type":"product","link":"https:\/\/www.dagad.com.br\/shop\/produto\/mascara-semi-facial-descartavel-3m\/","title":{"rendered":"M\u00e1scara Semi-Facial Descart\u00e1vel 3M"},"content":{"rendered":"<div><strong>Detalhes<\/strong><br \/>\nClasse PFF-2 (S)<br \/>\nFiltro 3M com tratamento eletrost\u00e1tico \u2013 f\u00e1cil para respirar com alta capacidade de reten\u00e7\u00e3o de part\u00edculas.<br \/>\nFormato dobr\u00e1vel 2 pain\u00e9is.<br \/>\nEmbalado individualmente.<br \/>\nCA: 18684<br \/>\nO respirador descart\u00e1vel 3M 9902 oferece prote\u00e7\u00e3o contra poeiras, n\u00e9voas e fumos. Seu formato dobr\u00e1vel \u00e9 pr\u00e1tico de usar e armazenar.<\/div>\n<div>O respirador descart\u00e1vel 3M 9902 possui a inovadora tecnologia 3M de tratamento eletrost\u00e1tico das microfibras, que proporciona prote\u00e7\u00e3o e conforto ao usu\u00e1rio. Com uma excelente rela\u00e7\u00e3o custo-benef\u00edcio, apresenta as seguintes caracter\u00edsticas: Clipe nasal &#8211; facilita veda\u00e7\u00e3o; El\u00e1sticos revestidos \u2013 Flex\u00edveis e confort\u00e1veis; Aus\u00eancia de emenda inferior &#8211; se molda melhor ao queixo.<\/div>\n<div><\/div>\n<div><strong>Aplica\u00e7\u00f5es sugeridas<\/strong><\/div>\n<div>Indicado para prote\u00e7\u00e3o das vias respirat\u00f3rias contra poeiras, n\u00e9voas n\u00e3o oleosas e fumos met\u00e1licos ou pl\u00e1sticos, em concentra\u00e7\u00f5es n\u00e3o superiores a 10 (dez) vezes o limite de exposi\u00e7\u00e3o ocupacional (LT ou TLV) destes particulados podendo conter fibras t\u00eaxteis, cimento refinado (Portland\uf0d2), min\u00e9rio de ferro, min\u00e9rio de carv\u00e3o, min\u00e9rio de alum\u00ednio, sab\u00e3o em p\u00f3, talco, cal, soda c\u00e1ustica, poeiras vegetais (como trigo, arroz, milho, baga\u00e7o de cana, etc.), poeiras de avi\u00e1rio contendo restos de ra\u00e7\u00e3o, fezes, plumas e penas de aves, poeiras de lixamento e esmerilhamento, entre outros.<br \/>\nRecomendado ainda para redu\u00e7\u00e3o da exposi\u00e7\u00e3o ocupacional a aeross\u00f3is contendo agentes biol\u00f3gicos potencialmente patog\u00eanicos. N\u00e3o \u00e9 recomendado para uso hospitalar em procedimentos m\u00e9dicos ou odontol\u00f3gicos.<\/div>\n<div><\/div>\n<div><strong>IMAGENS MERAMENTE ILUSTRATIVAS<\/strong><\/div>\n","protected":false},"excerpt":{"rendered":"<p>Detalhes Classe PFF-2 (S) Filtro 3M com tratamento eletrost\u00e1tico \u2013 f\u00e1cil para respirar com alta capacidade de reten\u00e7\u00e3o de part\u00edculas. Formato dobr\u00e1vel 2 pain\u00e9is. Embalado individualmente. CA: 18684 O respirador descart\u00e1vel 3M 9902 oferece prote\u00e7\u00e3o contra poeiras, n\u00e9voas e fumos. Seu formato dobr\u00e1vel \u00e9 pr\u00e1tico de usar e armazenar. O respirador descart\u00e1vel 3M 9902 possui [&hellip;]<\/p>\n","protected":false},"featured_media":225,"comment_status":"open","ping_status":"closed","template":"","meta":[],"product_brand":[],"product_cat":[68,72],"product_tag":[160,159,161,157,158],"class_list":{"0":"post-224","1":"product","2":"type-product","3":"status-publish","4":"has-post-thumbnail","6":"product_cat-epi","7":"product_cat-mascaras-respiratorias","8":"product_tag-3m","9":"product_tag-descartavel","10":"product_tag-epi","11":"product_tag-mascara","12":"product_tag-respiratoria","14":"first","15":"outofstock","16":"shipping-taxable","17":"purchasable","18":"product-type-simple"},"yoast_head":"<!-- This site is optimized with the Yoast SEO plugin v25.6 - https:\/\/yoast.com\/wordpress\/plugins\/seo\/ -->\n<title>M\u00e1scara Semi-Facial Descart\u00e1vel 3M - Dagad Shopping<\/title>\n<meta name=\"robots\" content=\"index, follow, max-snippet:-1, max-image-preview:large, max-video-preview:-1\" \/>\n<link rel=\"canonical\" href=\"http:\/\/www.dagad.com.br\/shop\/produto\/mascara-semi-facial-descartavel-3m\/\" \/>\n<meta property=\"og:locale\" content=\"pt_BR\" \/>\n<meta property=\"og:type\" content=\"article\" \/>\n<meta property=\"og:title\" content=\"M\u00e1scara Semi-Facial Descart\u00e1vel 3M - Dagad Shopping\" \/>\n<meta property=\"og:description\" content=\"Detalhes Classe PFF-2 (S) Filtro 3M com tratamento eletrost\u00e1tico \u2013 f\u00e1cil para respirar com alta capacidade de reten\u00e7\u00e3o de part\u00edculas. Formato dobr\u00e1vel 2 pain\u00e9is. Embalado individualmente. CA: 18684 O respirador descart\u00e1vel 3M 9902 oferece prote\u00e7\u00e3o contra poeiras, n\u00e9voas e fumos. Seu formato dobr\u00e1vel \u00e9 pr\u00e1tico de usar e armazenar. O respirador descart\u00e1vel 3M 9902 possui [&hellip;]\" \/>\n<meta property=\"og:url\" content=\"http:\/\/www.dagad.com.br\/shop\/produto\/mascara-semi-facial-descartavel-3m\/\" \/>\n<meta property=\"og:site_name\" content=\"Dagad Shopping\" \/>\n<meta property=\"article:publisher\" content=\"https:\/\/www.facebook.com\/dagadextintores\" \/>\n<meta property=\"article:modified_time\" content=\"2020-02-29T13:16:08+00:00\" \/>\n<meta property=\"og:image\" content=\"http:\/\/www.dagad.com.br\/shop\/wp-content\/uploads\/2017\/07\/respirador_3m_9902.jpg\" \/>\n\t<meta property=\"og:image:width\" content=\"1278\" \/>\n\t<meta property=\"og:image:height\" content=\"1500\" \/>\n\t<meta property=\"og:image:type\" content=\"image\/jpeg\" \/>\n<meta name=\"twitter:card\" content=\"summary_large_image\" \/>\n<meta name=\"twitter:site\" content=\"@DAGADMAT\" \/>\n<meta name=\"twitter:label1\" content=\"Est. tempo de leitura\" \/>\n\t<meta name=\"twitter:data1\" content=\"1 minuto\" \/>\n<script type=\"application\/ld+json\" class=\"yoast-schema-graph\">{\"@context\":\"https:\/\/schema.org\",\"@graph\":[{\"@type\":\"WebPage\",\"@id\":\"http:\/\/www.dagad.com.br\/shop\/produto\/mascara-semi-facial-descartavel-3m\/\",\"url\":\"http:\/\/www.dagad.com.br\/shop\/produto\/mascara-semi-facial-descartavel-3m\/\",\"name\":\"M\u00e1scara Semi-Facial Descart\u00e1vel 3M - Dagad Shopping\",\"isPartOf\":{\"@id\":\"https:\/\/www.dagad.com.br\/shop\/#website\"},\"primaryImageOfPage\":{\"@id\":\"http:\/\/www.dagad.com.br\/shop\/produto\/mascara-semi-facial-descartavel-3m\/#primaryimage\"},\"image\":{\"@id\":\"http:\/\/www.dagad.com.br\/shop\/produto\/mascara-semi-facial-descartavel-3m\/#primaryimage\"},\"thumbnailUrl\":\"https:\/\/www.dagad.com.br\/shop\/wp-content\/uploads\/2017\/07\/respirador_3m_9902.jpg\",\"datePublished\":\"2017-07-19T19:32:11+00:00\",\"dateModified\":\"2020-02-29T13:16:08+00:00\",\"breadcrumb\":{\"@id\":\"http:\/\/www.dagad.com.br\/shop\/produto\/mascara-semi-facial-descartavel-3m\/#breadcrumb\"},\"inLanguage\":\"pt-BR\",\"potentialAction\":[{\"@type\":\"ReadAction\",\"target\":[\"http:\/\/www.dagad.com.br\/shop\/produto\/mascara-semi-facial-descartavel-3m\/\"]}]},{\"@type\":\"ImageObject\",\"inLanguage\":\"pt-BR\",\"@id\":\"http:\/\/www.dagad.com.br\/shop\/produto\/mascara-semi-facial-descartavel-3m\/#primaryimage\",\"url\":\"https:\/\/www.dagad.com.br\/shop\/wp-content\/uploads\/2017\/07\/respirador_3m_9902.jpg\",\"contentUrl\":\"https:\/\/www.dagad.com.br\/shop\/wp-content\/uploads\/2017\/07\/respirador_3m_9902.jpg\",\"width\":1278,\"height\":1500},{\"@type\":\"BreadcrumbList\",\"@id\":\"http:\/\/www.dagad.com.br\/shop\/produto\/mascara-semi-facial-descartavel-3m\/#breadcrumb\",\"itemListElement\":[{\"@type\":\"ListItem\",\"position\":1,\"name\":\"In\u00edcio\",\"item\":\"https:\/\/www.dagad.com.br\/shop\/\"},{\"@type\":\"ListItem\",\"position\":2,\"name\":\"M\u00e1scara Semi-Facial Descart\u00e1vel 3M\"}]},{\"@type\":\"WebSite\",\"@id\":\"https:\/\/www.dagad.com.br\/shop\/#website\",\"url\":\"https:\/\/www.dagad.com.br\/shop\/\",\"name\":\"Dagad Shopping\",\"description\":\"Tudo para preven\u00e7\u00e3o e seguran\u00e7a.\",\"publisher\":{\"@id\":\"https:\/\/www.dagad.com.br\/shop\/#organization\"},\"potentialAction\":[{\"@type\":\"SearchAction\",\"target\":{\"@type\":\"EntryPoint\",\"urlTemplate\":\"https:\/\/www.dagad.com.br\/shop\/?s={search_term_string}\"},\"query-input\":{\"@type\":\"PropertyValueSpecification\",\"valueRequired\":true,\"valueName\":\"search_term_string\"}}],\"inLanguage\":\"pt-BR\"},{\"@type\":\"Organization\",\"@id\":\"https:\/\/www.dagad.com.br\/shop\/#organization\",\"name\":\"Dagad Shop - Materiais Contra Inc\u00eandio\",\"url\":\"https:\/\/www.dagad.com.br\/shop\/\",\"logo\":{\"@type\":\"ImageObject\",\"inLanguage\":\"pt-BR\",\"@id\":\"https:\/\/www.dagad.com.br\/shop\/#\/schema\/logo\/image\/\",\"url\":\"https:\/\/www.dagad.com.br\/shop\/wp-content\/uploads\/2017\/08\/logo-site2.jpg\",\"contentUrl\":\"https:\/\/www.dagad.com.br\/shop\/wp-content\/uploads\/2017\/08\/logo-site2.jpg\",\"width\":115,\"height\":115,\"caption\":\"Dagad Shop - Materiais Contra Inc\u00eandio\"},\"image\":{\"@id\":\"https:\/\/www.dagad.com.br\/shop\/#\/schema\/logo\/image\/\"},\"sameAs\":[\"https:\/\/www.facebook.com\/dagadextintores\",\"https:\/\/x.com\/DAGADMAT\",\"https:\/\/www.instagram.com\/dagad_extintores\/\",\"https:\/\/www.linkedin.com\/company\/dagad-materiais-de-seguran-a\",\"https:\/\/br.pinterest.com\/DagadShop\",\"http:\/\/www.youtube.com\/channel\/UCZNuW9Azjgylii7eNxvBQWg\"]}]}<\/script>\n<!-- \/ Yoast SEO plugin. -->","yoast_head_json":{"title":"M\u00e1scara Semi-Facial Descart\u00e1vel 3M - Dagad Shopping","robots":{"index":"index","follow":"follow","max-snippet":"max-snippet:-1","max-image-preview":"max-image-preview:large","max-video-preview":"max-video-preview:-1"},"canonical":"http:\/\/www.dagad.com.br\/shop\/produto\/mascara-semi-facial-descartavel-3m\/","og_locale":"pt_BR","og_type":"article","og_title":"M\u00e1scara Semi-Facial Descart\u00e1vel 3M - Dagad Shopping","og_description":"Detalhes Classe PFF-2 (S) Filtro 3M com tratamento eletrost\u00e1tico \u2013 f\u00e1cil para respirar com alta capacidade de reten\u00e7\u00e3o de part\u00edculas. Formato dobr\u00e1vel 2 pain\u00e9is. Embalado individualmente. CA: 18684 O respirador descart\u00e1vel 3M 9902 oferece prote\u00e7\u00e3o contra poeiras, n\u00e9voas e fumos. Seu formato dobr\u00e1vel \u00e9 pr\u00e1tico de usar e armazenar. O respirador descart\u00e1vel 3M 9902 possui [&hellip;]","og_url":"http:\/\/www.dagad.com.br\/shop\/produto\/mascara-semi-facial-descartavel-3m\/","og_site_name":"Dagad Shopping","article_publisher":"https:\/\/www.facebook.com\/dagadextintores","article_modified_time":"2020-02-29T13:16:08+00:00","og_image":[{"width":1278,"height":1500,"url":"http:\/\/www.dagad.com.br\/shop\/wp-content\/uploads\/2017\/07\/respirador_3m_9902.jpg","type":"image\/jpeg"}],"twitter_card":"summary_large_image","twitter_site":"@DAGADMAT","twitter_misc":{"Est. tempo de leitura":"1 minuto"},"schema":{"@context":"https:\/\/schema.org","@graph":[{"@type":"WebPage","@id":"http:\/\/www.dagad.com.br\/shop\/produto\/mascara-semi-facial-descartavel-3m\/","url":"http:\/\/www.dagad.com.br\/shop\/produto\/mascara-semi-facial-descartavel-3m\/","name":"M\u00e1scara Semi-Facial Descart\u00e1vel 3M - Dagad Shopping","isPartOf":{"@id":"https:\/\/www.dagad.com.br\/shop\/#website"},"primaryImageOfPage":{"@id":"http:\/\/www.dagad.com.br\/shop\/produto\/mascara-semi-facial-descartavel-3m\/#primaryimage"},"image":{"@id":"http:\/\/www.dagad.com.br\/shop\/produto\/mascara-semi-facial-descartavel-3m\/#primaryimage"},"thumbnailUrl":"https:\/\/www.dagad.com.br\/shop\/wp-content\/uploads\/2017\/07\/respirador_3m_9902.jpg","datePublished":"2017-07-19T19:32:11+00:00","dateModified":"2020-02-29T13:16:08+00:00","breadcrumb":{"@id":"http:\/\/www.dagad.com.br\/shop\/produto\/mascara-semi-facial-descartavel-3m\/#breadcrumb"},"inLanguage":"pt-BR","potentialAction":[{"@type":"ReadAction","target":["http:\/\/www.dagad.com.br\/shop\/produto\/mascara-semi-facial-descartavel-3m\/"]}]},{"@type":"ImageObject","inLanguage":"pt-BR","@id":"http:\/\/www.dagad.com.br\/shop\/produto\/mascara-semi-facial-descartavel-3m\/#primaryimage","url":"https:\/\/www.dagad.com.br\/shop\/wp-content\/uploads\/2017\/07\/respirador_3m_9902.jpg","contentUrl":"https:\/\/www.dagad.com.br\/shop\/wp-content\/uploads\/2017\/07\/respirador_3m_9902.jpg","width":1278,"height":1500},{"@type":"BreadcrumbList","@id":"http:\/\/www.dagad.com.br\/shop\/produto\/mascara-semi-facial-descartavel-3m\/#breadcrumb","itemListElement":[{"@type":"ListItem","position":1,"name":"In\u00edcio","item":"https:\/\/www.dagad.com.br\/shop\/"},{"@type":"ListItem","position":2,"name":"M\u00e1scara Semi-Facial Descart\u00e1vel 3M"}]},{"@type":"WebSite","@id":"https:\/\/www.dagad.com.br\/shop\/#website","url":"https:\/\/www.dagad.com.br\/shop\/","name":"Dagad Shopping","description":"Tudo para preven\u00e7\u00e3o e seguran\u00e7a.","publisher":{"@id":"https:\/\/www.dagad.com.br\/shop\/#organization"},"potentialAction":[{"@type":"SearchAction","target":{"@type":"EntryPoint","urlTemplate":"https:\/\/www.dagad.com.br\/shop\/?s={search_term_string}"},"query-input":{"@type":"PropertyValueSpecification","valueRequired":true,"valueName":"search_term_string"}}],"inLanguage":"pt-BR"},{"@type":"Organization","@id":"https:\/\/www.dagad.com.br\/shop\/#organization","name":"Dagad Shop - Materiais Contra Inc\u00eandio","url":"https:\/\/www.dagad.com.br\/shop\/","logo":{"@type":"ImageObject","inLanguage":"pt-BR","@id":"https:\/\/www.dagad.com.br\/shop\/#\/schema\/logo\/image\/","url":"https:\/\/www.dagad.com.br\/shop\/wp-content\/uploads\/2017\/08\/logo-site2.jpg","contentUrl":"https:\/\/www.dagad.com.br\/shop\/wp-content\/uploads\/2017\/08\/logo-site2.jpg","width":115,"height":115,"caption":"Dagad Shop - Materiais Contra Inc\u00eandio"},"image":{"@id":"https:\/\/www.dagad.com.br\/shop\/#\/schema\/logo\/image\/"},"sameAs":["https:\/\/www.facebook.com\/dagadextintores","https:\/\/x.com\/DAGADMAT","https:\/\/www.instagram.com\/dagad_extintores\/","https:\/\/www.linkedin.com\/company\/dagad-materiais-de-seguran-a","https:\/\/br.pinterest.com\/DagadShop","http:\/\/www.youtube.com\/channel\/UCZNuW9Azjgylii7eNxvBQWg"]}]}},"_links":{"self":[{"href":"https:\/\/www.dagad.com.br\/shop\/wp-json\/wp\/v2\/product\/224","targetHints":{"allow":["GET"]}}],"collection":[{"href":"https:\/\/www.dagad.com.br\/shop\/wp-json\/wp\/v2\/product"}],"about":[{"href":"https:\/\/www.dagad.com.br\/shop\/wp-json\/wp\/v2\/types\/product"}],"replies":[{"embeddable":true,"href":"https:\/\/www.dagad.com.br\/shop\/wp-json\/wp\/v2\/comments?post=224"}],"wp:featuredmedia":[{"embeddable":true,"href":"https:\/\/www.dagad.com.br\/shop\/wp-json\/wp\/v2\/media\/225"}],"wp:attachment":[{"href":"https:\/\/www.dagad.com.br\/shop\/wp-json\/wp\/v2\/media?parent=224"}],"wp:term":[{"taxonomy":"product_brand","embeddable":true,"href":"https:\/\/www.dagad.com.br\/shop\/wp-json\/wp\/v2\/product_brand?post=224"},{"taxonomy":"product_cat","embeddable":true,"href":"https:\/\/www.dagad.com.br\/shop\/wp-json\/wp\/v2\/product_cat?post=224"},{"taxonomy":"product_tag","embeddable":true,"href":"https:\/\/www.dagad.com.br\/shop\/wp-json\/wp\/v2\/product_tag?post=224"}],"curies":[{"name":"wp","href":"https:\/\/api.w.org\/{rel}","templated":true}]}}