{"id":2493,"date":"2019-08-29T15:12:45","date_gmt":"2019-08-29T18:12:45","guid":{"rendered":"http:\/\/www.dagad.com.br\/shop\/?post_type=product&#038;p=2493"},"modified":"2020-02-29T11:14:52","modified_gmt":"2020-02-29T14:14:52","slug":"oculos-de-seguranca-spectra-2000","status":"publish","type":"product","link":"https:\/\/www.dagad.com.br\/shop\/produto\/oculos-de-seguranca-spectra-2000\/","title":{"rendered":"\u00d3culos de Seguran\u00e7a Spectra 2000"},"content":{"rendered":"<p>Caracter\u00edsticas do Produto:<\/p>\n<p>\u2022 Lente \u00fanica com prote\u00e7\u00e3o lateral;<br \/>\n\u2022 Fabricada em uma s\u00f3 pe\u00e7a de duropolicarbonato com tratamento anti-risco;<br \/>\n\u2022 Arma\u00e7\u00e3o com encaixe para a lente, hastes regul\u00e1veis e orif\u00edcios para cord\u00e3o;<br \/>\n\u2022 Filtra 99,9% ultra-violeta.<br \/>\n\u2022 Marca:\u00a0<strong>CARBOGRAFITE<\/strong><\/p>\n","protected":false},"excerpt":{"rendered":"<p>Prote\u00e7\u00e3o dos olhos do usu\u00e1rio contra impactos de part\u00edculas volantes multidirecionais.<\/p>\n","protected":false},"featured_media":2494,"comment_status":"open","ping_status":"closed","template":"","meta":[],"product_brand":[],"product_cat":[68,73],"product_tag":[461,462],"class_list":{"0":"post-2493","1":"product","2":"type-product","3":"status-publish","4":"has-post-thumbnail","6":"product_cat-epi","7":"product_cat-protecoes-diversas","8":"product_tag-oculos","9":"product_tag-seguranca","11":"first","12":"instock","13":"shipping-taxable","14":"purchasable","15":"product-type-simple"},"yoast_head":"<!-- This site is optimized with the Yoast SEO plugin v25.6 - https:\/\/yoast.com\/wordpress\/plugins\/seo\/ -->\n<title>\u00d3culos de Seguran\u00e7a Spectra 2000 - Dagad Shopping<\/title>\n<meta name=\"description\" content=\"\u00d3culos de Prote\u00e7\u00e3o Facial Carbografite modelo Spectra 2000. Haste retr\u00e1til e flex\u00edvel. Incolor. Uso em qualquer atividade\" \/>\n<meta name=\"robots\" content=\"index, follow, max-snippet:-1, max-image-preview:large, max-video-preview:-1\" \/>\n<link rel=\"canonical\" href=\"http:\/\/www.dagad.com.br\/shop\/produto\/oculos-de-seguranca-spectra-2000\/\" \/>\n<meta property=\"og:locale\" content=\"pt_BR\" \/>\n<meta property=\"og:type\" content=\"article\" \/>\n<meta property=\"og:title\" content=\"\u00d3culos de Seguran\u00e7a Spectra 2000 - Dagad Shopping\" \/>\n<meta property=\"og:description\" content=\"\u00d3culos de Prote\u00e7\u00e3o Facial Carbografite modelo Spectra 2000. Haste retr\u00e1til e flex\u00edvel. Incolor. Uso em qualquer atividade\" \/>\n<meta property=\"og:url\" content=\"http:\/\/www.dagad.com.br\/shop\/produto\/oculos-de-seguranca-spectra-2000\/\" \/>\n<meta property=\"og:site_name\" content=\"Dagad Shopping\" \/>\n<meta property=\"article:publisher\" content=\"https:\/\/www.facebook.com\/dagadextintores\" \/>\n<meta property=\"article:modified_time\" content=\"2020-02-29T14:14:52+00:00\" \/>\n<meta property=\"og:image\" content=\"http:\/\/www.dagad.com.br\/shop\/wp-content\/uploads\/2017\/08\/produto355-425.png\" \/>\n\t<meta property=\"og:image:width\" content=\"1093\" \/>\n\t<meta property=\"og:image:height\" content=\"818\" \/>\n\t<meta property=\"og:image:type\" content=\"image\/png\" \/>\n<meta name=\"twitter:card\" content=\"summary_large_image\" \/>\n<meta name=\"twitter:site\" content=\"@DAGADMAT\" \/>\n<script type=\"application\/ld+json\" class=\"yoast-schema-graph\">{\"@context\":\"https:\/\/schema.org\",\"@graph\":[{\"@type\":\"WebPage\",\"@id\":\"http:\/\/www.dagad.com.br\/shop\/produto\/oculos-de-seguranca-spectra-2000\/\",\"url\":\"http:\/\/www.dagad.com.br\/shop\/produto\/oculos-de-seguranca-spectra-2000\/\",\"name\":\"\u00d3culos de Seguran\u00e7a Spectra 2000 - Dagad Shopping\",\"isPartOf\":{\"@id\":\"https:\/\/www.dagad.com.br\/shop\/#website\"},\"primaryImageOfPage\":{\"@id\":\"http:\/\/www.dagad.com.br\/shop\/produto\/oculos-de-seguranca-spectra-2000\/#primaryimage\"},\"image\":{\"@id\":\"http:\/\/www.dagad.com.br\/shop\/produto\/oculos-de-seguranca-spectra-2000\/#primaryimage\"},\"thumbnailUrl\":\"https:\/\/www.dagad.com.br\/shop\/wp-content\/uploads\/2017\/08\/produto355-425.png\",\"datePublished\":\"2019-08-29T18:12:45+00:00\",\"dateModified\":\"2020-02-29T14:14:52+00:00\",\"description\":\"\u00d3culos de Prote\u00e7\u00e3o Facial Carbografite modelo Spectra 2000. Haste retr\u00e1til e flex\u00edvel. Incolor. Uso em qualquer atividade\",\"breadcrumb\":{\"@id\":\"http:\/\/www.dagad.com.br\/shop\/produto\/oculos-de-seguranca-spectra-2000\/#breadcrumb\"},\"inLanguage\":\"pt-BR\",\"potentialAction\":[{\"@type\":\"ReadAction\",\"target\":[\"http:\/\/www.dagad.com.br\/shop\/produto\/oculos-de-seguranca-spectra-2000\/\"]}]},{\"@type\":\"ImageObject\",\"inLanguage\":\"pt-BR\",\"@id\":\"http:\/\/www.dagad.com.br\/shop\/produto\/oculos-de-seguranca-spectra-2000\/#primaryimage\",\"url\":\"https:\/\/www.dagad.com.br\/shop\/wp-content\/uploads\/2017\/08\/produto355-425.png\",\"contentUrl\":\"https:\/\/www.dagad.com.br\/shop\/wp-content\/uploads\/2017\/08\/produto355-425.png\",\"width\":1093,\"height\":818},{\"@type\":\"BreadcrumbList\",\"@id\":\"http:\/\/www.dagad.com.br\/shop\/produto\/oculos-de-seguranca-spectra-2000\/#breadcrumb\",\"itemListElement\":[{\"@type\":\"ListItem\",\"position\":1,\"name\":\"In\u00edcio\",\"item\":\"https:\/\/www.dagad.com.br\/shop\/\"},{\"@type\":\"ListItem\",\"position\":2,\"name\":\"\u00d3culos de Seguran\u00e7a Spectra 2000\"}]},{\"@type\":\"WebSite\",\"@id\":\"https:\/\/www.dagad.com.br\/shop\/#website\",\"url\":\"https:\/\/www.dagad.com.br\/shop\/\",\"name\":\"Dagad Shopping\",\"description\":\"Tudo para preven\u00e7\u00e3o e seguran\u00e7a.\",\"publisher\":{\"@id\":\"https:\/\/www.dagad.com.br\/shop\/#organization\"},\"potentialAction\":[{\"@type\":\"SearchAction\",\"target\":{\"@type\":\"EntryPoint\",\"urlTemplate\":\"https:\/\/www.dagad.com.br\/shop\/?s={search_term_string}\"},\"query-input\":{\"@type\":\"PropertyValueSpecification\",\"valueRequired\":true,\"valueName\":\"search_term_string\"}}],\"inLanguage\":\"pt-BR\"},{\"@type\":\"Organization\",\"@id\":\"https:\/\/www.dagad.com.br\/shop\/#organization\",\"name\":\"Dagad Shop - Materiais Contra Inc\u00eandio\",\"url\":\"https:\/\/www.dagad.com.br\/shop\/\",\"logo\":{\"@type\":\"ImageObject\",\"inLanguage\":\"pt-BR\",\"@id\":\"https:\/\/www.dagad.com.br\/shop\/#\/schema\/logo\/image\/\",\"url\":\"https:\/\/www.dagad.com.br\/shop\/wp-content\/uploads\/2017\/08\/logo-site2.jpg\",\"contentUrl\":\"https:\/\/www.dagad.com.br\/shop\/wp-content\/uploads\/2017\/08\/logo-site2.jpg\",\"width\":115,\"height\":115,\"caption\":\"Dagad Shop - Materiais Contra Inc\u00eandio\"},\"image\":{\"@id\":\"https:\/\/www.dagad.com.br\/shop\/#\/schema\/logo\/image\/\"},\"sameAs\":[\"https:\/\/www.facebook.com\/dagadextintores\",\"https:\/\/x.com\/DAGADMAT\",\"https:\/\/www.instagram.com\/dagad_extintores\/\",\"https:\/\/www.linkedin.com\/company\/dagad-materiais-de-seguran-a\",\"https:\/\/br.pinterest.com\/DagadShop\",\"http:\/\/www.youtube.com\/channel\/UCZNuW9Azjgylii7eNxvBQWg\"]}]}<\/script>\n<!-- \/ Yoast SEO plugin. -->","yoast_head_json":{"title":"\u00d3culos de Seguran\u00e7a Spectra 2000 - Dagad Shopping","description":"\u00d3culos de Prote\u00e7\u00e3o Facial Carbografite modelo Spectra 2000. Haste retr\u00e1til e flex\u00edvel. Incolor. Uso em qualquer atividade","robots":{"index":"index","follow":"follow","max-snippet":"max-snippet:-1","max-image-preview":"max-image-preview:large","max-video-preview":"max-video-preview:-1"},"canonical":"http:\/\/www.dagad.com.br\/shop\/produto\/oculos-de-seguranca-spectra-2000\/","og_locale":"pt_BR","og_type":"article","og_title":"\u00d3culos de Seguran\u00e7a Spectra 2000 - Dagad Shopping","og_description":"\u00d3culos de Prote\u00e7\u00e3o Facial Carbografite modelo Spectra 2000. Haste retr\u00e1til e flex\u00edvel. Incolor. Uso em qualquer atividade","og_url":"http:\/\/www.dagad.com.br\/shop\/produto\/oculos-de-seguranca-spectra-2000\/","og_site_name":"Dagad Shopping","article_publisher":"https:\/\/www.facebook.com\/dagadextintores","article_modified_time":"2020-02-29T14:14:52+00:00","og_image":[{"width":1093,"height":818,"url":"http:\/\/www.dagad.com.br\/shop\/wp-content\/uploads\/2017\/08\/produto355-425.png","type":"image\/png"}],"twitter_card":"summary_large_image","twitter_site":"@DAGADMAT","schema":{"@context":"https:\/\/schema.org","@graph":[{"@type":"WebPage","@id":"http:\/\/www.dagad.com.br\/shop\/produto\/oculos-de-seguranca-spectra-2000\/","url":"http:\/\/www.dagad.com.br\/shop\/produto\/oculos-de-seguranca-spectra-2000\/","name":"\u00d3culos de Seguran\u00e7a Spectra 2000 - Dagad Shopping","isPartOf":{"@id":"https:\/\/www.dagad.com.br\/shop\/#website"},"primaryImageOfPage":{"@id":"http:\/\/www.dagad.com.br\/shop\/produto\/oculos-de-seguranca-spectra-2000\/#primaryimage"},"image":{"@id":"http:\/\/www.dagad.com.br\/shop\/produto\/oculos-de-seguranca-spectra-2000\/#primaryimage"},"thumbnailUrl":"https:\/\/www.dagad.com.br\/shop\/wp-content\/uploads\/2017\/08\/produto355-425.png","datePublished":"2019-08-29T18:12:45+00:00","dateModified":"2020-02-29T14:14:52+00:00","description":"\u00d3culos de Prote\u00e7\u00e3o Facial Carbografite modelo Spectra 2000. Haste retr\u00e1til e flex\u00edvel. Incolor. Uso em qualquer atividade","breadcrumb":{"@id":"http:\/\/www.dagad.com.br\/shop\/produto\/oculos-de-seguranca-spectra-2000\/#breadcrumb"},"inLanguage":"pt-BR","potentialAction":[{"@type":"ReadAction","target":["http:\/\/www.dagad.com.br\/shop\/produto\/oculos-de-seguranca-spectra-2000\/"]}]},{"@type":"ImageObject","inLanguage":"pt-BR","@id":"http:\/\/www.dagad.com.br\/shop\/produto\/oculos-de-seguranca-spectra-2000\/#primaryimage","url":"https:\/\/www.dagad.com.br\/shop\/wp-content\/uploads\/2017\/08\/produto355-425.png","contentUrl":"https:\/\/www.dagad.com.br\/shop\/wp-content\/uploads\/2017\/08\/produto355-425.png","width":1093,"height":818},{"@type":"BreadcrumbList","@id":"http:\/\/www.dagad.com.br\/shop\/produto\/oculos-de-seguranca-spectra-2000\/#breadcrumb","itemListElement":[{"@type":"ListItem","position":1,"name":"In\u00edcio","item":"https:\/\/www.dagad.com.br\/shop\/"},{"@type":"ListItem","position":2,"name":"\u00d3culos de Seguran\u00e7a Spectra 2000"}]},{"@type":"WebSite","@id":"https:\/\/www.dagad.com.br\/shop\/#website","url":"https:\/\/www.dagad.com.br\/shop\/","name":"Dagad Shopping","description":"Tudo para preven\u00e7\u00e3o e seguran\u00e7a.","publisher":{"@id":"https:\/\/www.dagad.com.br\/shop\/#organization"},"potentialAction":[{"@type":"SearchAction","target":{"@type":"EntryPoint","urlTemplate":"https:\/\/www.dagad.com.br\/shop\/?s={search_term_string}"},"query-input":{"@type":"PropertyValueSpecification","valueRequired":true,"valueName":"search_term_string"}}],"inLanguage":"pt-BR"},{"@type":"Organization","@id":"https:\/\/www.dagad.com.br\/shop\/#organization","name":"Dagad Shop - Materiais Contra Inc\u00eandio","url":"https:\/\/www.dagad.com.br\/shop\/","logo":{"@type":"ImageObject","inLanguage":"pt-BR","@id":"https:\/\/www.dagad.com.br\/shop\/#\/schema\/logo\/image\/","url":"https:\/\/www.dagad.com.br\/shop\/wp-content\/uploads\/2017\/08\/logo-site2.jpg","contentUrl":"https:\/\/www.dagad.com.br\/shop\/wp-content\/uploads\/2017\/08\/logo-site2.jpg","width":115,"height":115,"caption":"Dagad Shop - Materiais Contra Inc\u00eandio"},"image":{"@id":"https:\/\/www.dagad.com.br\/shop\/#\/schema\/logo\/image\/"},"sameAs":["https:\/\/www.facebook.com\/dagadextintores","https:\/\/x.com\/DAGADMAT","https:\/\/www.instagram.com\/dagad_extintores\/","https:\/\/www.linkedin.com\/company\/dagad-materiais-de-seguran-a","https:\/\/br.pinterest.com\/DagadShop","http:\/\/www.youtube.com\/channel\/UCZNuW9Azjgylii7eNxvBQWg"]}]}},"_links":{"self":[{"href":"https:\/\/www.dagad.com.br\/shop\/wp-json\/wp\/v2\/product\/2493","targetHints":{"allow":["GET"]}}],"collection":[{"href":"https:\/\/www.dagad.com.br\/shop\/wp-json\/wp\/v2\/product"}],"about":[{"href":"https:\/\/www.dagad.com.br\/shop\/wp-json\/wp\/v2\/types\/product"}],"replies":[{"embeddable":true,"href":"https:\/\/www.dagad.com.br\/shop\/wp-json\/wp\/v2\/comments?post=2493"}],"wp:featuredmedia":[{"embeddable":true,"href":"https:\/\/www.dagad.com.br\/shop\/wp-json\/wp\/v2\/media\/2494"}],"wp:attachment":[{"href":"https:\/\/www.dagad.com.br\/shop\/wp-json\/wp\/v2\/media?parent=2493"}],"wp:term":[{"taxonomy":"product_brand","embeddable":true,"href":"https:\/\/www.dagad.com.br\/shop\/wp-json\/wp\/v2\/product_brand?post=2493"},{"taxonomy":"product_cat","embeddable":true,"href":"https:\/\/www.dagad.com.br\/shop\/wp-json\/wp\/v2\/product_cat?post=2493"},{"taxonomy":"product_tag","embeddable":true,"href":"https:\/\/www.dagad.com.br\/shop\/wp-json\/wp\/v2\/product_tag?post=2493"}],"curies":[{"name":"wp","href":"https:\/\/api.w.org\/{rel}","templated":true}]}}