{"id":252,"date":"2017-07-20T11:39:20","date_gmt":"2017-07-20T14:39:20","guid":{"rendered":"http:\/\/www.dagad.com.br\/shops\/?post_type=product&#038;p=252"},"modified":"2019-03-14T11:27:48","modified_gmt":"2019-03-14T14:27:48","slug":"fita-dupla-face","status":"publish","type":"product","link":"https:\/\/www.dagad.com.br\/shop\/produto\/fita-dupla-face\/","title":{"rendered":"Fita Dupla Face"},"content":{"rendered":"<div>As fitas dupla face (banana) substituem com vantagem as fixa\u00e7\u00f5es feitas com parafusos e rebites, evitando furos, atenuando vibra\u00e7\u00f5es e ru\u00eddos. Com ela voc\u00ea vai pendurar canaletas, espelhos e objetos de decora\u00e7\u00e3o em superf\u00edcies limpas, lisas e secas sem ter nenhum trabalho ou sujeira.<\/div>\n<div><\/div>\n<div><strong>Principais caracter\u00edsticas:<\/strong><\/div>\n<div>Diminuem as condi\u00e7\u00f5es de corros\u00e3o;<br \/>\nExcelente conforma\u00e7\u00e3o e alongamento;<br \/>\nAlta resist\u00eancia a degrada\u00e7\u00e3o;<br \/>\nDiferentes larguras para adapta\u00e7\u00e3o a necessidade da instala\u00e7\u00e3o.<\/div>\n<div><strong>Especifica\u00e7\u00f5es: <\/strong><br \/>\nEspuma acr\u00edlica transparente de c\u00e9lula fechada, adesivo acr\u00edlico de alto desempenho em ambas as faces, liner PE verde.<\/div>\n<div>Para utiliz\u00e1-la basta cortar a quantidade de fita necess\u00e1ria para suportar o peso do objeto e aplic\u00e1-la no verso, pressionando a fita firmemente por alguns segundos. Depois, retire a prote\u00e7\u00e3o na outra face, aplique na superf\u00edcie desejada e pressione por alguns segundos. N\u00e3o \u00e9 f\u00e1cil? Ent\u00e3o garanta j\u00e1 a sua!<\/div>\n<div><\/div>\n<div><strong>IMAGENS MERAMENTE ILUSTRATIVAS<\/strong><\/div>\n<div><strong>\u00a0<\/strong><\/div>\n","protected":false},"excerpt":{"rendered":"<p>As fitas dupla face (banana) substituem com vantagem as fixa\u00e7\u00f5es feitas com parafusos e rebites, evitando furos, atenuando vibra\u00e7\u00f5es e ru\u00eddos. Com ela voc\u00ea vai pendurar canaletas, espelhos e objetos de decora\u00e7\u00e3o em superf\u00edcies limpas, lisas e secas sem ter nenhum trabalho ou sujeira. Principais caracter\u00edsticas: Diminuem as condi\u00e7\u00f5es de corros\u00e3o; Excelente conforma\u00e7\u00e3o e alongamento; [&hellip;]<\/p>\n","protected":false},"featured_media":253,"comment_status":"open","ping_status":"closed","template":"","meta":[],"product_brand":[],"product_cat":[51,46],"product_tag":[184,147,183,179,185,186],"class_list":{"0":"post-252","1":"product","2":"type-product","3":"status-publish","4":"has-post-thumbnail","6":"product_cat-fitas-adesivas","7":"product_cat-sinalizacao-e-sinalizadores","8":"product_tag-acrilica","9":"product_tag-dupla","10":"product_tag-facea","11":"product_tag-fita","12":"product_tag-fita-adesiva","13":"product_tag-fita-dupla-face","15":"first","16":"instock","17":"shipping-taxable","18":"purchasable","19":"product-type-simple"},"yoast_head":"<!-- This site is optimized with the Yoast SEO plugin v25.6 - https:\/\/yoast.com\/wordpress\/plugins\/seo\/ -->\n<title>Fita Dupla Face - Dagad Shopping<\/title>\n<meta name=\"robots\" content=\"index, follow, max-snippet:-1, max-image-preview:large, max-video-preview:-1\" \/>\n<link rel=\"canonical\" href=\"http:\/\/www.dagad.com.br\/shop\/produto\/fita-dupla-face\/\" \/>\n<meta property=\"og:locale\" content=\"pt_BR\" \/>\n<meta property=\"og:type\" content=\"article\" \/>\n<meta property=\"og:title\" content=\"Fita Dupla Face - Dagad Shopping\" \/>\n<meta property=\"og:description\" content=\"As fitas dupla face (banana) substituem com vantagem as fixa\u00e7\u00f5es feitas com parafusos e rebites, evitando furos, atenuando vibra\u00e7\u00f5es e ru\u00eddos. Com ela voc\u00ea vai pendurar canaletas, espelhos e objetos de decora\u00e7\u00e3o em superf\u00edcies limpas, lisas e secas sem ter nenhum trabalho ou sujeira. Principais caracter\u00edsticas: Diminuem as condi\u00e7\u00f5es de corros\u00e3o; Excelente conforma\u00e7\u00e3o e alongamento; [&hellip;]\" \/>\n<meta property=\"og:url\" content=\"http:\/\/www.dagad.com.br\/shop\/produto\/fita-dupla-face\/\" \/>\n<meta property=\"og:site_name\" content=\"Dagad Shopping\" \/>\n<meta property=\"article:publisher\" content=\"https:\/\/www.facebook.com\/dagadextintores\" \/>\n<meta property=\"article:modified_time\" content=\"2019-03-14T14:27:48+00:00\" \/>\n<meta property=\"og:image\" content=\"http:\/\/www.dagad.com.br\/shop\/wp-content\/uploads\/2017\/07\/fita-dupla-face-vhb-4910-12mm-x-20-metros-3m-original-881201-mlb20269034472_032015-f.png\" \/>\n\t<meta property=\"og:image:width\" content=\"600\" \/>\n\t<meta property=\"og:image:height\" content=\"600\" \/>\n\t<meta property=\"og:image:type\" content=\"image\/png\" \/>\n<meta name=\"twitter:card\" content=\"summary_large_image\" \/>\n<meta name=\"twitter:site\" content=\"@DAGADMAT\" \/>\n<meta name=\"twitter:label1\" content=\"Est. tempo de leitura\" \/>\n\t<meta name=\"twitter:data1\" content=\"1 minuto\" \/>\n<script type=\"application\/ld+json\" class=\"yoast-schema-graph\">{\"@context\":\"https:\/\/schema.org\",\"@graph\":[{\"@type\":\"WebPage\",\"@id\":\"http:\/\/www.dagad.com.br\/shop\/produto\/fita-dupla-face\/\",\"url\":\"http:\/\/www.dagad.com.br\/shop\/produto\/fita-dupla-face\/\",\"name\":\"Fita Dupla Face - Dagad Shopping\",\"isPartOf\":{\"@id\":\"https:\/\/www.dagad.com.br\/shop\/#website\"},\"primaryImageOfPage\":{\"@id\":\"http:\/\/www.dagad.com.br\/shop\/produto\/fita-dupla-face\/#primaryimage\"},\"image\":{\"@id\":\"http:\/\/www.dagad.com.br\/shop\/produto\/fita-dupla-face\/#primaryimage\"},\"thumbnailUrl\":\"https:\/\/www.dagad.com.br\/shop\/wp-content\/uploads\/2017\/07\/fita-dupla-face-vhb-4910-12mm-x-20-metros-3m-original-881201-mlb20269034472_032015-f.png\",\"datePublished\":\"2017-07-20T14:39:20+00:00\",\"dateModified\":\"2019-03-14T14:27:48+00:00\",\"breadcrumb\":{\"@id\":\"http:\/\/www.dagad.com.br\/shop\/produto\/fita-dupla-face\/#breadcrumb\"},\"inLanguage\":\"pt-BR\",\"potentialAction\":[{\"@type\":\"ReadAction\",\"target\":[\"http:\/\/www.dagad.com.br\/shop\/produto\/fita-dupla-face\/\"]}]},{\"@type\":\"ImageObject\",\"inLanguage\":\"pt-BR\",\"@id\":\"http:\/\/www.dagad.com.br\/shop\/produto\/fita-dupla-face\/#primaryimage\",\"url\":\"https:\/\/www.dagad.com.br\/shop\/wp-content\/uploads\/2017\/07\/fita-dupla-face-vhb-4910-12mm-x-20-metros-3m-original-881201-mlb20269034472_032015-f.png\",\"contentUrl\":\"https:\/\/www.dagad.com.br\/shop\/wp-content\/uploads\/2017\/07\/fita-dupla-face-vhb-4910-12mm-x-20-metros-3m-original-881201-mlb20269034472_032015-f.png\",\"width\":600,\"height\":600},{\"@type\":\"BreadcrumbList\",\"@id\":\"http:\/\/www.dagad.com.br\/shop\/produto\/fita-dupla-face\/#breadcrumb\",\"itemListElement\":[{\"@type\":\"ListItem\",\"position\":1,\"name\":\"In\u00edcio\",\"item\":\"https:\/\/www.dagad.com.br\/shop\/\"},{\"@type\":\"ListItem\",\"position\":2,\"name\":\"Fita Dupla Face\"}]},{\"@type\":\"WebSite\",\"@id\":\"https:\/\/www.dagad.com.br\/shop\/#website\",\"url\":\"https:\/\/www.dagad.com.br\/shop\/\",\"name\":\"Dagad Shopping\",\"description\":\"Tudo para preven\u00e7\u00e3o e seguran\u00e7a.\",\"publisher\":{\"@id\":\"https:\/\/www.dagad.com.br\/shop\/#organization\"},\"potentialAction\":[{\"@type\":\"SearchAction\",\"target\":{\"@type\":\"EntryPoint\",\"urlTemplate\":\"https:\/\/www.dagad.com.br\/shop\/?s={search_term_string}\"},\"query-input\":{\"@type\":\"PropertyValueSpecification\",\"valueRequired\":true,\"valueName\":\"search_term_string\"}}],\"inLanguage\":\"pt-BR\"},{\"@type\":\"Organization\",\"@id\":\"https:\/\/www.dagad.com.br\/shop\/#organization\",\"name\":\"Dagad Shop - Materiais Contra Inc\u00eandio\",\"url\":\"https:\/\/www.dagad.com.br\/shop\/\",\"logo\":{\"@type\":\"ImageObject\",\"inLanguage\":\"pt-BR\",\"@id\":\"https:\/\/www.dagad.com.br\/shop\/#\/schema\/logo\/image\/\",\"url\":\"https:\/\/www.dagad.com.br\/shop\/wp-content\/uploads\/2017\/08\/logo-site2.jpg\",\"contentUrl\":\"https:\/\/www.dagad.com.br\/shop\/wp-content\/uploads\/2017\/08\/logo-site2.jpg\",\"width\":115,\"height\":115,\"caption\":\"Dagad Shop - Materiais Contra Inc\u00eandio\"},\"image\":{\"@id\":\"https:\/\/www.dagad.com.br\/shop\/#\/schema\/logo\/image\/\"},\"sameAs\":[\"https:\/\/www.facebook.com\/dagadextintores\",\"https:\/\/x.com\/DAGADMAT\",\"https:\/\/www.instagram.com\/dagad_extintores\/\",\"https:\/\/www.linkedin.com\/company\/dagad-materiais-de-seguran-a\",\"https:\/\/br.pinterest.com\/DagadShop\",\"http:\/\/www.youtube.com\/channel\/UCZNuW9Azjgylii7eNxvBQWg\"]}]}<\/script>\n<!-- \/ Yoast SEO plugin. -->","yoast_head_json":{"title":"Fita Dupla Face - Dagad Shopping","robots":{"index":"index","follow":"follow","max-snippet":"max-snippet:-1","max-image-preview":"max-image-preview:large","max-video-preview":"max-video-preview:-1"},"canonical":"http:\/\/www.dagad.com.br\/shop\/produto\/fita-dupla-face\/","og_locale":"pt_BR","og_type":"article","og_title":"Fita Dupla Face - Dagad Shopping","og_description":"As fitas dupla face (banana) substituem com vantagem as fixa\u00e7\u00f5es feitas com parafusos e rebites, evitando furos, atenuando vibra\u00e7\u00f5es e ru\u00eddos. Com ela voc\u00ea vai pendurar canaletas, espelhos e objetos de decora\u00e7\u00e3o em superf\u00edcies limpas, lisas e secas sem ter nenhum trabalho ou sujeira. Principais caracter\u00edsticas: Diminuem as condi\u00e7\u00f5es de corros\u00e3o; Excelente conforma\u00e7\u00e3o e alongamento; [&hellip;]","og_url":"http:\/\/www.dagad.com.br\/shop\/produto\/fita-dupla-face\/","og_site_name":"Dagad Shopping","article_publisher":"https:\/\/www.facebook.com\/dagadextintores","article_modified_time":"2019-03-14T14:27:48+00:00","og_image":[{"width":600,"height":600,"url":"http:\/\/www.dagad.com.br\/shop\/wp-content\/uploads\/2017\/07\/fita-dupla-face-vhb-4910-12mm-x-20-metros-3m-original-881201-mlb20269034472_032015-f.png","type":"image\/png"}],"twitter_card":"summary_large_image","twitter_site":"@DAGADMAT","twitter_misc":{"Est. tempo de leitura":"1 minuto"},"schema":{"@context":"https:\/\/schema.org","@graph":[{"@type":"WebPage","@id":"http:\/\/www.dagad.com.br\/shop\/produto\/fita-dupla-face\/","url":"http:\/\/www.dagad.com.br\/shop\/produto\/fita-dupla-face\/","name":"Fita Dupla Face - Dagad Shopping","isPartOf":{"@id":"https:\/\/www.dagad.com.br\/shop\/#website"},"primaryImageOfPage":{"@id":"http:\/\/www.dagad.com.br\/shop\/produto\/fita-dupla-face\/#primaryimage"},"image":{"@id":"http:\/\/www.dagad.com.br\/shop\/produto\/fita-dupla-face\/#primaryimage"},"thumbnailUrl":"https:\/\/www.dagad.com.br\/shop\/wp-content\/uploads\/2017\/07\/fita-dupla-face-vhb-4910-12mm-x-20-metros-3m-original-881201-mlb20269034472_032015-f.png","datePublished":"2017-07-20T14:39:20+00:00","dateModified":"2019-03-14T14:27:48+00:00","breadcrumb":{"@id":"http:\/\/www.dagad.com.br\/shop\/produto\/fita-dupla-face\/#breadcrumb"},"inLanguage":"pt-BR","potentialAction":[{"@type":"ReadAction","target":["http:\/\/www.dagad.com.br\/shop\/produto\/fita-dupla-face\/"]}]},{"@type":"ImageObject","inLanguage":"pt-BR","@id":"http:\/\/www.dagad.com.br\/shop\/produto\/fita-dupla-face\/#primaryimage","url":"https:\/\/www.dagad.com.br\/shop\/wp-content\/uploads\/2017\/07\/fita-dupla-face-vhb-4910-12mm-x-20-metros-3m-original-881201-mlb20269034472_032015-f.png","contentUrl":"https:\/\/www.dagad.com.br\/shop\/wp-content\/uploads\/2017\/07\/fita-dupla-face-vhb-4910-12mm-x-20-metros-3m-original-881201-mlb20269034472_032015-f.png","width":600,"height":600},{"@type":"BreadcrumbList","@id":"http:\/\/www.dagad.com.br\/shop\/produto\/fita-dupla-face\/#breadcrumb","itemListElement":[{"@type":"ListItem","position":1,"name":"In\u00edcio","item":"https:\/\/www.dagad.com.br\/shop\/"},{"@type":"ListItem","position":2,"name":"Fita Dupla Face"}]},{"@type":"WebSite","@id":"https:\/\/www.dagad.com.br\/shop\/#website","url":"https:\/\/www.dagad.com.br\/shop\/","name":"Dagad Shopping","description":"Tudo para preven\u00e7\u00e3o e seguran\u00e7a.","publisher":{"@id":"https:\/\/www.dagad.com.br\/shop\/#organization"},"potentialAction":[{"@type":"SearchAction","target":{"@type":"EntryPoint","urlTemplate":"https:\/\/www.dagad.com.br\/shop\/?s={search_term_string}"},"query-input":{"@type":"PropertyValueSpecification","valueRequired":true,"valueName":"search_term_string"}}],"inLanguage":"pt-BR"},{"@type":"Organization","@id":"https:\/\/www.dagad.com.br\/shop\/#organization","name":"Dagad Shop - Materiais Contra Inc\u00eandio","url":"https:\/\/www.dagad.com.br\/shop\/","logo":{"@type":"ImageObject","inLanguage":"pt-BR","@id":"https:\/\/www.dagad.com.br\/shop\/#\/schema\/logo\/image\/","url":"https:\/\/www.dagad.com.br\/shop\/wp-content\/uploads\/2017\/08\/logo-site2.jpg","contentUrl":"https:\/\/www.dagad.com.br\/shop\/wp-content\/uploads\/2017\/08\/logo-site2.jpg","width":115,"height":115,"caption":"Dagad Shop - Materiais Contra Inc\u00eandio"},"image":{"@id":"https:\/\/www.dagad.com.br\/shop\/#\/schema\/logo\/image\/"},"sameAs":["https:\/\/www.facebook.com\/dagadextintores","https:\/\/x.com\/DAGADMAT","https:\/\/www.instagram.com\/dagad_extintores\/","https:\/\/www.linkedin.com\/company\/dagad-materiais-de-seguran-a","https:\/\/br.pinterest.com\/DagadShop","http:\/\/www.youtube.com\/channel\/UCZNuW9Azjgylii7eNxvBQWg"]}]}},"_links":{"self":[{"href":"https:\/\/www.dagad.com.br\/shop\/wp-json\/wp\/v2\/product\/252","targetHints":{"allow":["GET"]}}],"collection":[{"href":"https:\/\/www.dagad.com.br\/shop\/wp-json\/wp\/v2\/product"}],"about":[{"href":"https:\/\/www.dagad.com.br\/shop\/wp-json\/wp\/v2\/types\/product"}],"replies":[{"embeddable":true,"href":"https:\/\/www.dagad.com.br\/shop\/wp-json\/wp\/v2\/comments?post=252"}],"wp:featuredmedia":[{"embeddable":true,"href":"https:\/\/www.dagad.com.br\/shop\/wp-json\/wp\/v2\/media\/253"}],"wp:attachment":[{"href":"https:\/\/www.dagad.com.br\/shop\/wp-json\/wp\/v2\/media?parent=252"}],"wp:term":[{"taxonomy":"product_brand","embeddable":true,"href":"https:\/\/www.dagad.com.br\/shop\/wp-json\/wp\/v2\/product_brand?post=252"},{"taxonomy":"product_cat","embeddable":true,"href":"https:\/\/www.dagad.com.br\/shop\/wp-json\/wp\/v2\/product_cat?post=252"},{"taxonomy":"product_tag","embeddable":true,"href":"https:\/\/www.dagad.com.br\/shop\/wp-json\/wp\/v2\/product_tag?post=252"}],"curies":[{"name":"wp","href":"https:\/\/api.w.org\/{rel}","templated":true}]}}