{"id":940,"date":"2017-07-25T16:42:03","date_gmt":"2017-07-25T19:42:03","guid":{"rendered":"http:\/\/www.dagad.com.br\/shops\/?post_type=product&#038;p=940"},"modified":"2020-10-01T14:27:13","modified_gmt":"2020-10-01T17:27:13","slug":"fita-amarela-para-demarcacao-de-solo","status":"publish","type":"product","link":"https:\/\/www.dagad.com.br\/shop\/produto\/fita-amarela-para-demarcacao-de-solo\/","title":{"rendered":"Fita Amarela para Demarca\u00e7\u00e3o de Solo"},"content":{"rendered":"<div>Fita com dorso em PVC, adesivo de borracha e resina.<br \/>\nCores: preta, branca, amarela, verde, vermelha, zebrada (amarela e preta) e azul.<\/div>\n<div>Aplica\u00e7\u00e3o<\/div>\n<div>Demarca\u00e7\u00e3o de \u00e1reas industriais<br \/>\nFixa\u00e7\u00e3o em vidros, portas e divis\u00f3rias<br \/>\nIdentifica\u00e7\u00e3o de containers<br \/>\nProte\u00e7\u00e3o qu\u00edmica simplificada<br \/>\nDiferenciais<\/div>\n<div>Excelente ades\u00e3o<br \/>\nF\u00e1cil visualiza\u00e7\u00e3o<\/div>\n<div>Benef\u00edcios<\/div>\n<div>Economia<br \/>\nResist\u00eancia<br \/>\nFlexibilidade na aplica\u00e7\u00e3o<br \/>\nDiversidade de cores<\/div>\n<div>Caracter\u00edsticas T\u00e9cnicas<\/div>\n<div>Espessura: 0,15 mm<br \/>\nAdes\u00e3o ao a\u00e7o: 5,2 N \/ 25 mm<br \/>\nResist\u00eancia \u00e0 tra\u00e7\u00e3o: 62,3 N \/ 25 mm<br \/>\nAlongamento: 160%<\/div>\n<div><\/div>\n<div><strong>IMAGENS MERAMENTE ILUSTRATIVAS<\/strong><\/div>\n","protected":false},"excerpt":{"rendered":"<p>Fita Adesiva para Demarca\u00e7\u00e3o de Solo em PVC emborrachado 48mm x 14mt.<\/p>\n","protected":false},"featured_media":942,"comment_status":"open","ping_status":"closed","template":"","meta":[],"product_brand":[],"product_cat":[50,46],"product_tag":[289,290,182,179],"class_list":{"0":"post-940","1":"product","2":"type-product","3":"status-publish","4":"has-post-thumbnail","6":"product_cat-demarcacao-de-solo","7":"product_cat-sinalizacao-e-sinalizadores","8":"product_tag-amarela","9":"product_tag-de-solo","10":"product_tag-demarcacao","11":"product_tag-fita","13":"first","14":"instock","15":"shipping-taxable","16":"purchasable","17":"product-type-simple"},"yoast_head":"<!-- This site is optimized with the Yoast SEO plugin v25.6 - https:\/\/yoast.com\/wordpress\/plugins\/seo\/ -->\n<title>Fita Amarela para Demarca\u00e7\u00e3o de Solo - Dagad Shopping<\/title>\n<meta name=\"robots\" content=\"index, follow, max-snippet:-1, max-image-preview:large, max-video-preview:-1\" \/>\n<link rel=\"canonical\" href=\"https:\/\/www.dagad.com.br\/shop\/produto\/fita-amarela-para-demarcacao-de-solo\/\" \/>\n<meta property=\"og:locale\" content=\"pt_BR\" \/>\n<meta property=\"og:type\" content=\"article\" \/>\n<meta property=\"og:title\" content=\"Fita Amarela para Demarca\u00e7\u00e3o de Solo - Dagad Shopping\" \/>\n<meta property=\"og:description\" content=\"Fita Adesiva para Demarca\u00e7\u00e3o de Solo em PVC emborrachado 48mm x 14mt.\" \/>\n<meta property=\"og:url\" content=\"https:\/\/www.dagad.com.br\/shop\/produto\/fita-amarela-para-demarcacao-de-solo\/\" \/>\n<meta property=\"og:site_name\" content=\"Dagad Shopping\" \/>\n<meta property=\"article:publisher\" content=\"https:\/\/www.facebook.com\/dagadextintores\" \/>\n<meta property=\"article:modified_time\" content=\"2020-10-01T17:27:13+00:00\" \/>\n<meta property=\"og:image\" content=\"https:\/\/www.dagad.com.br\/shop\/wp-content\/uploads\/2017\/07\/fita-amarela_2.png\" \/>\n\t<meta property=\"og:image:width\" content=\"500\" \/>\n\t<meta property=\"og:image:height\" content=\"500\" \/>\n\t<meta property=\"og:image:type\" content=\"image\/png\" \/>\n<meta name=\"twitter:card\" content=\"summary_large_image\" \/>\n<meta name=\"twitter:site\" content=\"@DAGADMAT\" \/>\n<script type=\"application\/ld+json\" class=\"yoast-schema-graph\">{\"@context\":\"https:\/\/schema.org\",\"@graph\":[{\"@type\":\"WebPage\",\"@id\":\"https:\/\/www.dagad.com.br\/shop\/produto\/fita-amarela-para-demarcacao-de-solo\/\",\"url\":\"https:\/\/www.dagad.com.br\/shop\/produto\/fita-amarela-para-demarcacao-de-solo\/\",\"name\":\"Fita Amarela para Demarca\u00e7\u00e3o de Solo - Dagad Shopping\",\"isPartOf\":{\"@id\":\"https:\/\/www.dagad.com.br\/shop\/#website\"},\"primaryImageOfPage\":{\"@id\":\"https:\/\/www.dagad.com.br\/shop\/produto\/fita-amarela-para-demarcacao-de-solo\/#primaryimage\"},\"image\":{\"@id\":\"https:\/\/www.dagad.com.br\/shop\/produto\/fita-amarela-para-demarcacao-de-solo\/#primaryimage\"},\"thumbnailUrl\":\"https:\/\/www.dagad.com.br\/shop\/wp-content\/uploads\/2017\/07\/fita-amarela_2.png\",\"datePublished\":\"2017-07-25T19:42:03+00:00\",\"dateModified\":\"2020-10-01T17:27:13+00:00\",\"breadcrumb\":{\"@id\":\"https:\/\/www.dagad.com.br\/shop\/produto\/fita-amarela-para-demarcacao-de-solo\/#breadcrumb\"},\"inLanguage\":\"pt-BR\",\"potentialAction\":[{\"@type\":\"ReadAction\",\"target\":[\"https:\/\/www.dagad.com.br\/shop\/produto\/fita-amarela-para-demarcacao-de-solo\/\"]}]},{\"@type\":\"ImageObject\",\"inLanguage\":\"pt-BR\",\"@id\":\"https:\/\/www.dagad.com.br\/shop\/produto\/fita-amarela-para-demarcacao-de-solo\/#primaryimage\",\"url\":\"https:\/\/www.dagad.com.br\/shop\/wp-content\/uploads\/2017\/07\/fita-amarela_2.png\",\"contentUrl\":\"https:\/\/www.dagad.com.br\/shop\/wp-content\/uploads\/2017\/07\/fita-amarela_2.png\",\"width\":500,\"height\":500},{\"@type\":\"BreadcrumbList\",\"@id\":\"https:\/\/www.dagad.com.br\/shop\/produto\/fita-amarela-para-demarcacao-de-solo\/#breadcrumb\",\"itemListElement\":[{\"@type\":\"ListItem\",\"position\":1,\"name\":\"In\u00edcio\",\"item\":\"https:\/\/www.dagad.com.br\/shop\/\"},{\"@type\":\"ListItem\",\"position\":2,\"name\":\"Fita Amarela para Demarca\u00e7\u00e3o de Solo\"}]},{\"@type\":\"WebSite\",\"@id\":\"https:\/\/www.dagad.com.br\/shop\/#website\",\"url\":\"https:\/\/www.dagad.com.br\/shop\/\",\"name\":\"Dagad Shopping\",\"description\":\"Tudo para preven\u00e7\u00e3o e seguran\u00e7a.\",\"publisher\":{\"@id\":\"https:\/\/www.dagad.com.br\/shop\/#organization\"},\"potentialAction\":[{\"@type\":\"SearchAction\",\"target\":{\"@type\":\"EntryPoint\",\"urlTemplate\":\"https:\/\/www.dagad.com.br\/shop\/?s={search_term_string}\"},\"query-input\":{\"@type\":\"PropertyValueSpecification\",\"valueRequired\":true,\"valueName\":\"search_term_string\"}}],\"inLanguage\":\"pt-BR\"},{\"@type\":\"Organization\",\"@id\":\"https:\/\/www.dagad.com.br\/shop\/#organization\",\"name\":\"Dagad Shop - Materiais Contra Inc\u00eandio\",\"url\":\"https:\/\/www.dagad.com.br\/shop\/\",\"logo\":{\"@type\":\"ImageObject\",\"inLanguage\":\"pt-BR\",\"@id\":\"https:\/\/www.dagad.com.br\/shop\/#\/schema\/logo\/image\/\",\"url\":\"https:\/\/www.dagad.com.br\/shop\/wp-content\/uploads\/2017\/08\/logo-site2.jpg\",\"contentUrl\":\"https:\/\/www.dagad.com.br\/shop\/wp-content\/uploads\/2017\/08\/logo-site2.jpg\",\"width\":115,\"height\":115,\"caption\":\"Dagad Shop - Materiais Contra Inc\u00eandio\"},\"image\":{\"@id\":\"https:\/\/www.dagad.com.br\/shop\/#\/schema\/logo\/image\/\"},\"sameAs\":[\"https:\/\/www.facebook.com\/dagadextintores\",\"https:\/\/x.com\/DAGADMAT\",\"https:\/\/www.instagram.com\/dagad_extintores\/\",\"https:\/\/www.linkedin.com\/company\/dagad-materiais-de-seguran-a\",\"https:\/\/br.pinterest.com\/DagadShop\",\"http:\/\/www.youtube.com\/channel\/UCZNuW9Azjgylii7eNxvBQWg\"]}]}<\/script>\n<!-- \/ Yoast SEO plugin. -->","yoast_head_json":{"title":"Fita Amarela para Demarca\u00e7\u00e3o de Solo - Dagad Shopping","robots":{"index":"index","follow":"follow","max-snippet":"max-snippet:-1","max-image-preview":"max-image-preview:large","max-video-preview":"max-video-preview:-1"},"canonical":"https:\/\/www.dagad.com.br\/shop\/produto\/fita-amarela-para-demarcacao-de-solo\/","og_locale":"pt_BR","og_type":"article","og_title":"Fita Amarela para Demarca\u00e7\u00e3o de Solo - Dagad Shopping","og_description":"Fita Adesiva para Demarca\u00e7\u00e3o de Solo em PVC emborrachado 48mm x 14mt.","og_url":"https:\/\/www.dagad.com.br\/shop\/produto\/fita-amarela-para-demarcacao-de-solo\/","og_site_name":"Dagad Shopping","article_publisher":"https:\/\/www.facebook.com\/dagadextintores","article_modified_time":"2020-10-01T17:27:13+00:00","og_image":[{"width":500,"height":500,"url":"https:\/\/www.dagad.com.br\/shop\/wp-content\/uploads\/2017\/07\/fita-amarela_2.png","type":"image\/png"}],"twitter_card":"summary_large_image","twitter_site":"@DAGADMAT","schema":{"@context":"https:\/\/schema.org","@graph":[{"@type":"WebPage","@id":"https:\/\/www.dagad.com.br\/shop\/produto\/fita-amarela-para-demarcacao-de-solo\/","url":"https:\/\/www.dagad.com.br\/shop\/produto\/fita-amarela-para-demarcacao-de-solo\/","name":"Fita Amarela para Demarca\u00e7\u00e3o de Solo - Dagad Shopping","isPartOf":{"@id":"https:\/\/www.dagad.com.br\/shop\/#website"},"primaryImageOfPage":{"@id":"https:\/\/www.dagad.com.br\/shop\/produto\/fita-amarela-para-demarcacao-de-solo\/#primaryimage"},"image":{"@id":"https:\/\/www.dagad.com.br\/shop\/produto\/fita-amarela-para-demarcacao-de-solo\/#primaryimage"},"thumbnailUrl":"https:\/\/www.dagad.com.br\/shop\/wp-content\/uploads\/2017\/07\/fita-amarela_2.png","datePublished":"2017-07-25T19:42:03+00:00","dateModified":"2020-10-01T17:27:13+00:00","breadcrumb":{"@id":"https:\/\/www.dagad.com.br\/shop\/produto\/fita-amarela-para-demarcacao-de-solo\/#breadcrumb"},"inLanguage":"pt-BR","potentialAction":[{"@type":"ReadAction","target":["https:\/\/www.dagad.com.br\/shop\/produto\/fita-amarela-para-demarcacao-de-solo\/"]}]},{"@type":"ImageObject","inLanguage":"pt-BR","@id":"https:\/\/www.dagad.com.br\/shop\/produto\/fita-amarela-para-demarcacao-de-solo\/#primaryimage","url":"https:\/\/www.dagad.com.br\/shop\/wp-content\/uploads\/2017\/07\/fita-amarela_2.png","contentUrl":"https:\/\/www.dagad.com.br\/shop\/wp-content\/uploads\/2017\/07\/fita-amarela_2.png","width":500,"height":500},{"@type":"BreadcrumbList","@id":"https:\/\/www.dagad.com.br\/shop\/produto\/fita-amarela-para-demarcacao-de-solo\/#breadcrumb","itemListElement":[{"@type":"ListItem","position":1,"name":"In\u00edcio","item":"https:\/\/www.dagad.com.br\/shop\/"},{"@type":"ListItem","position":2,"name":"Fita Amarela para Demarca\u00e7\u00e3o de Solo"}]},{"@type":"WebSite","@id":"https:\/\/www.dagad.com.br\/shop\/#website","url":"https:\/\/www.dagad.com.br\/shop\/","name":"Dagad Shopping","description":"Tudo para preven\u00e7\u00e3o e seguran\u00e7a.","publisher":{"@id":"https:\/\/www.dagad.com.br\/shop\/#organization"},"potentialAction":[{"@type":"SearchAction","target":{"@type":"EntryPoint","urlTemplate":"https:\/\/www.dagad.com.br\/shop\/?s={search_term_string}"},"query-input":{"@type":"PropertyValueSpecification","valueRequired":true,"valueName":"search_term_string"}}],"inLanguage":"pt-BR"},{"@type":"Organization","@id":"https:\/\/www.dagad.com.br\/shop\/#organization","name":"Dagad Shop - Materiais Contra Inc\u00eandio","url":"https:\/\/www.dagad.com.br\/shop\/","logo":{"@type":"ImageObject","inLanguage":"pt-BR","@id":"https:\/\/www.dagad.com.br\/shop\/#\/schema\/logo\/image\/","url":"https:\/\/www.dagad.com.br\/shop\/wp-content\/uploads\/2017\/08\/logo-site2.jpg","contentUrl":"https:\/\/www.dagad.com.br\/shop\/wp-content\/uploads\/2017\/08\/logo-site2.jpg","width":115,"height":115,"caption":"Dagad Shop - Materiais Contra Inc\u00eandio"},"image":{"@id":"https:\/\/www.dagad.com.br\/shop\/#\/schema\/logo\/image\/"},"sameAs":["https:\/\/www.facebook.com\/dagadextintores","https:\/\/x.com\/DAGADMAT","https:\/\/www.instagram.com\/dagad_extintores\/","https:\/\/www.linkedin.com\/company\/dagad-materiais-de-seguran-a","https:\/\/br.pinterest.com\/DagadShop","http:\/\/www.youtube.com\/channel\/UCZNuW9Azjgylii7eNxvBQWg"]}]}},"_links":{"self":[{"href":"https:\/\/www.dagad.com.br\/shop\/wp-json\/wp\/v2\/product\/940","targetHints":{"allow":["GET"]}}],"collection":[{"href":"https:\/\/www.dagad.com.br\/shop\/wp-json\/wp\/v2\/product"}],"about":[{"href":"https:\/\/www.dagad.com.br\/shop\/wp-json\/wp\/v2\/types\/product"}],"replies":[{"embeddable":true,"href":"https:\/\/www.dagad.com.br\/shop\/wp-json\/wp\/v2\/comments?post=940"}],"wp:featuredmedia":[{"embeddable":true,"href":"https:\/\/www.dagad.com.br\/shop\/wp-json\/wp\/v2\/media\/942"}],"wp:attachment":[{"href":"https:\/\/www.dagad.com.br\/shop\/wp-json\/wp\/v2\/media?parent=940"}],"wp:term":[{"taxonomy":"product_brand","embeddable":true,"href":"https:\/\/www.dagad.com.br\/shop\/wp-json\/wp\/v2\/product_brand?post=940"},{"taxonomy":"product_cat","embeddable":true,"href":"https:\/\/www.dagad.com.br\/shop\/wp-json\/wp\/v2\/product_cat?post=940"},{"taxonomy":"product_tag","embeddable":true,"href":"https:\/\/www.dagad.com.br\/shop\/wp-json\/wp\/v2\/product_tag?post=940"}],"curies":[{"name":"wp","href":"https:\/\/api.w.org\/{rel}","templated":true}]}}