{"id":950,"date":"2020-09-26T09:57:26","date_gmt":"2020-09-26T12:57:26","guid":{"rendered":"http:\/\/www.dagad.com.br\/shops\/?post_type=product&#038;p=950"},"modified":"2021-08-19T23:19:52","modified_gmt":"2021-08-20T02:19:52","slug":"abracadeira-para-mastro-de-2","status":"publish","type":"product","link":"https:\/\/www.dagad.com.br\/shop\/produto\/abracadeira-para-mastro-de-2\/","title":{"rendered":"Abra\u00e7adeira 3 Estais para Mastro de 2&#8243;"},"content":{"rendered":"<div>As abra\u00e7adeiras de 3 estais s\u00e3o fabricadas em a\u00e7o galvanizado e utilizadas como acess\u00f3rios importantes para manter o mastro do para raio firme durante as a\u00e7\u00f5es de chuvas e ventos.<\/div>\n<div>As abra\u00e7adeiras e as cantoneiras s\u00e3o presos \u00e0 um cabo de a\u00e7o e tensionados atrav\u00e9s dos esticadores.<\/div>\n<div>Para a correta utiliza\u00e7\u00e3o das cantoneiras, voc\u00ea necessita dos seguintes componentes:<\/div>\n<div>03 cantoneiras com parafusos para fixa\u00e7\u00e3o no solo;<br \/>\n03 estais para fixa\u00e7\u00e3o no mastro;<br \/>\n03 cabos de a\u00e7o;<br \/>\n06 sapatilhas para auxiliar na dobra dos cabos de a\u00e7o sem quebra;<br \/>\n12 grampos crosby;<\/div>\n<div><\/div>\n<div><strong>IMAGENS MERAMENTE ILUSTRATIVAS<\/strong><\/div>\n","protected":false},"excerpt":{"rendered":"<p>Adquira j\u00e1 sua abra\u00e7adeira 3 estais!!<\/p>\n","protected":false},"featured_media":951,"comment_status":"open","ping_status":"closed","template":"","meta":[],"product_brand":[],"product_cat":[38,36,34],"product_tag":[296,295,293,168],"class_list":{"0":"post-950","1":"product","2":"type-product","3":"status-publish","4":"has-post-thumbnail","6":"product_cat-abracadeira-suporte-para-mastro","7":"product_cat-isoladores-e-esticadores","8":"product_cat-para-raios-acessorios-spda","9":"product_tag-2-polegadas","10":"product_tag-abracadeira","11":"product_tag-estais","12":"product_tag-mastro","14":"first","15":"instock","16":"shipping-taxable","17":"purchasable","18":"product-type-simple"},"yoast_head":"<!-- This site is optimized with the Yoast SEO plugin v25.6 - https:\/\/yoast.com\/wordpress\/plugins\/seo\/ -->\n<title>Abra\u00e7adeira 3 Estais para Mastro de 2&quot; - Dagad Shopping<\/title>\n<meta name=\"description\" content=\"As abra\u00e7adeiras de 3 estais s\u00e3o um dos itens mais importantes para manter o mastro firme durante as intemp\u00e9ries. Fa\u00e7a revis\u00e3o regularmente em seu SPDA\" \/>\n<meta name=\"robots\" content=\"index, follow, max-snippet:-1, max-image-preview:large, max-video-preview:-1\" \/>\n<link rel=\"canonical\" href=\"https:\/\/www.dagad.com.br\/shop\/produto\/abracadeira-para-mastro-de-2\/\" \/>\n<meta property=\"og:locale\" content=\"pt_BR\" \/>\n<meta property=\"og:type\" content=\"article\" \/>\n<meta property=\"og:title\" content=\"Abra\u00e7adeira 3 Estais para Mastro de 2&quot; - Dagad Shopping\" \/>\n<meta property=\"og:description\" content=\"As abra\u00e7adeiras de 3 estais s\u00e3o um dos itens mais importantes para manter o mastro firme durante as intemp\u00e9ries. Fa\u00e7a revis\u00e3o regularmente em seu SPDA\" \/>\n<meta property=\"og:url\" content=\"https:\/\/www.dagad.com.br\/shop\/produto\/abracadeira-para-mastro-de-2\/\" \/>\n<meta property=\"og:site_name\" content=\"Dagad Shopping\" \/>\n<meta property=\"article:publisher\" content=\"https:\/\/www.facebook.com\/dagadextintores\" \/>\n<meta property=\"article:modified_time\" content=\"2021-08-20T02:19:52+00:00\" \/>\n<meta property=\"og:image\" content=\"https:\/\/www.dagad.com.br\/shop\/wp-content\/uploads\/2017\/07\/16022015101845hpu2ifa1wh.png\" \/>\n\t<meta property=\"og:image:width\" content=\"500\" \/>\n\t<meta property=\"og:image:height\" content=\"463\" \/>\n\t<meta property=\"og:image:type\" content=\"image\/png\" \/>\n<meta name=\"twitter:card\" content=\"summary_large_image\" \/>\n<meta name=\"twitter:site\" content=\"@DAGADMAT\" \/>\n<meta name=\"twitter:label1\" content=\"Est. tempo de leitura\" \/>\n\t<meta name=\"twitter:data1\" content=\"1 minuto\" \/>\n<script type=\"application\/ld+json\" class=\"yoast-schema-graph\">{\"@context\":\"https:\/\/schema.org\",\"@graph\":[{\"@type\":\"WebPage\",\"@id\":\"https:\/\/www.dagad.com.br\/shop\/produto\/abracadeira-para-mastro-de-2\/\",\"url\":\"https:\/\/www.dagad.com.br\/shop\/produto\/abracadeira-para-mastro-de-2\/\",\"name\":\"Abra\u00e7adeira 3 Estais para Mastro de 2\\\" - Dagad Shopping\",\"isPartOf\":{\"@id\":\"https:\/\/www.dagad.com.br\/shop\/#website\"},\"primaryImageOfPage\":{\"@id\":\"https:\/\/www.dagad.com.br\/shop\/produto\/abracadeira-para-mastro-de-2\/#primaryimage\"},\"image\":{\"@id\":\"https:\/\/www.dagad.com.br\/shop\/produto\/abracadeira-para-mastro-de-2\/#primaryimage\"},\"thumbnailUrl\":\"https:\/\/www.dagad.com.br\/shop\/wp-content\/uploads\/2017\/07\/16022015101845hpu2ifa1wh.png\",\"datePublished\":\"2020-09-26T12:57:26+00:00\",\"dateModified\":\"2021-08-20T02:19:52+00:00\",\"description\":\"As abra\u00e7adeiras de 3 estais s\u00e3o um dos itens mais importantes para manter o mastro firme durante as intemp\u00e9ries. Fa\u00e7a revis\u00e3o regularmente em seu SPDA\",\"breadcrumb\":{\"@id\":\"https:\/\/www.dagad.com.br\/shop\/produto\/abracadeira-para-mastro-de-2\/#breadcrumb\"},\"inLanguage\":\"pt-BR\",\"potentialAction\":[{\"@type\":\"ReadAction\",\"target\":[\"https:\/\/www.dagad.com.br\/shop\/produto\/abracadeira-para-mastro-de-2\/\"]}]},{\"@type\":\"ImageObject\",\"inLanguage\":\"pt-BR\",\"@id\":\"https:\/\/www.dagad.com.br\/shop\/produto\/abracadeira-para-mastro-de-2\/#primaryimage\",\"url\":\"https:\/\/www.dagad.com.br\/shop\/wp-content\/uploads\/2017\/07\/16022015101845hpu2ifa1wh.png\",\"contentUrl\":\"https:\/\/www.dagad.com.br\/shop\/wp-content\/uploads\/2017\/07\/16022015101845hpu2ifa1wh.png\",\"width\":500,\"height\":463},{\"@type\":\"BreadcrumbList\",\"@id\":\"https:\/\/www.dagad.com.br\/shop\/produto\/abracadeira-para-mastro-de-2\/#breadcrumb\",\"itemListElement\":[{\"@type\":\"ListItem\",\"position\":1,\"name\":\"In\u00edcio\",\"item\":\"https:\/\/www.dagad.com.br\/shop\/\"},{\"@type\":\"ListItem\",\"position\":2,\"name\":\"Abra\u00e7adeira 3 Estais para Mastro de 2&#8243;\"}]},{\"@type\":\"WebSite\",\"@id\":\"https:\/\/www.dagad.com.br\/shop\/#website\",\"url\":\"https:\/\/www.dagad.com.br\/shop\/\",\"name\":\"Dagad Shopping\",\"description\":\"Tudo para preven\u00e7\u00e3o e seguran\u00e7a.\",\"publisher\":{\"@id\":\"https:\/\/www.dagad.com.br\/shop\/#organization\"},\"potentialAction\":[{\"@type\":\"SearchAction\",\"target\":{\"@type\":\"EntryPoint\",\"urlTemplate\":\"https:\/\/www.dagad.com.br\/shop\/?s={search_term_string}\"},\"query-input\":{\"@type\":\"PropertyValueSpecification\",\"valueRequired\":true,\"valueName\":\"search_term_string\"}}],\"inLanguage\":\"pt-BR\"},{\"@type\":\"Organization\",\"@id\":\"https:\/\/www.dagad.com.br\/shop\/#organization\",\"name\":\"Dagad Shop - Materiais Contra Inc\u00eandio\",\"url\":\"https:\/\/www.dagad.com.br\/shop\/\",\"logo\":{\"@type\":\"ImageObject\",\"inLanguage\":\"pt-BR\",\"@id\":\"https:\/\/www.dagad.com.br\/shop\/#\/schema\/logo\/image\/\",\"url\":\"https:\/\/www.dagad.com.br\/shop\/wp-content\/uploads\/2017\/08\/logo-site2.jpg\",\"contentUrl\":\"https:\/\/www.dagad.com.br\/shop\/wp-content\/uploads\/2017\/08\/logo-site2.jpg\",\"width\":115,\"height\":115,\"caption\":\"Dagad Shop - Materiais Contra Inc\u00eandio\"},\"image\":{\"@id\":\"https:\/\/www.dagad.com.br\/shop\/#\/schema\/logo\/image\/\"},\"sameAs\":[\"https:\/\/www.facebook.com\/dagadextintores\",\"https:\/\/x.com\/DAGADMAT\",\"https:\/\/www.instagram.com\/dagad_extintores\/\",\"https:\/\/www.linkedin.com\/company\/dagad-materiais-de-seguran-a\",\"https:\/\/br.pinterest.com\/DagadShop\",\"http:\/\/www.youtube.com\/channel\/UCZNuW9Azjgylii7eNxvBQWg\"]}]}<\/script>\n<!-- \/ Yoast SEO plugin. -->","yoast_head_json":{"title":"Abra\u00e7adeira 3 Estais para Mastro de 2\" - Dagad Shopping","description":"As abra\u00e7adeiras de 3 estais s\u00e3o um dos itens mais importantes para manter o mastro firme durante as intemp\u00e9ries. Fa\u00e7a revis\u00e3o regularmente em seu SPDA","robots":{"index":"index","follow":"follow","max-snippet":"max-snippet:-1","max-image-preview":"max-image-preview:large","max-video-preview":"max-video-preview:-1"},"canonical":"https:\/\/www.dagad.com.br\/shop\/produto\/abracadeira-para-mastro-de-2\/","og_locale":"pt_BR","og_type":"article","og_title":"Abra\u00e7adeira 3 Estais para Mastro de 2\" - Dagad Shopping","og_description":"As abra\u00e7adeiras de 3 estais s\u00e3o um dos itens mais importantes para manter o mastro firme durante as intemp\u00e9ries. Fa\u00e7a revis\u00e3o regularmente em seu SPDA","og_url":"https:\/\/www.dagad.com.br\/shop\/produto\/abracadeira-para-mastro-de-2\/","og_site_name":"Dagad Shopping","article_publisher":"https:\/\/www.facebook.com\/dagadextintores","article_modified_time":"2021-08-20T02:19:52+00:00","og_image":[{"width":500,"height":463,"url":"https:\/\/www.dagad.com.br\/shop\/wp-content\/uploads\/2017\/07\/16022015101845hpu2ifa1wh.png","type":"image\/png"}],"twitter_card":"summary_large_image","twitter_site":"@DAGADMAT","twitter_misc":{"Est. tempo de leitura":"1 minuto"},"schema":{"@context":"https:\/\/schema.org","@graph":[{"@type":"WebPage","@id":"https:\/\/www.dagad.com.br\/shop\/produto\/abracadeira-para-mastro-de-2\/","url":"https:\/\/www.dagad.com.br\/shop\/produto\/abracadeira-para-mastro-de-2\/","name":"Abra\u00e7adeira 3 Estais para Mastro de 2\" - Dagad Shopping","isPartOf":{"@id":"https:\/\/www.dagad.com.br\/shop\/#website"},"primaryImageOfPage":{"@id":"https:\/\/www.dagad.com.br\/shop\/produto\/abracadeira-para-mastro-de-2\/#primaryimage"},"image":{"@id":"https:\/\/www.dagad.com.br\/shop\/produto\/abracadeira-para-mastro-de-2\/#primaryimage"},"thumbnailUrl":"https:\/\/www.dagad.com.br\/shop\/wp-content\/uploads\/2017\/07\/16022015101845hpu2ifa1wh.png","datePublished":"2020-09-26T12:57:26+00:00","dateModified":"2021-08-20T02:19:52+00:00","description":"As abra\u00e7adeiras de 3 estais s\u00e3o um dos itens mais importantes para manter o mastro firme durante as intemp\u00e9ries. Fa\u00e7a revis\u00e3o regularmente em seu SPDA","breadcrumb":{"@id":"https:\/\/www.dagad.com.br\/shop\/produto\/abracadeira-para-mastro-de-2\/#breadcrumb"},"inLanguage":"pt-BR","potentialAction":[{"@type":"ReadAction","target":["https:\/\/www.dagad.com.br\/shop\/produto\/abracadeira-para-mastro-de-2\/"]}]},{"@type":"ImageObject","inLanguage":"pt-BR","@id":"https:\/\/www.dagad.com.br\/shop\/produto\/abracadeira-para-mastro-de-2\/#primaryimage","url":"https:\/\/www.dagad.com.br\/shop\/wp-content\/uploads\/2017\/07\/16022015101845hpu2ifa1wh.png","contentUrl":"https:\/\/www.dagad.com.br\/shop\/wp-content\/uploads\/2017\/07\/16022015101845hpu2ifa1wh.png","width":500,"height":463},{"@type":"BreadcrumbList","@id":"https:\/\/www.dagad.com.br\/shop\/produto\/abracadeira-para-mastro-de-2\/#breadcrumb","itemListElement":[{"@type":"ListItem","position":1,"name":"In\u00edcio","item":"https:\/\/www.dagad.com.br\/shop\/"},{"@type":"ListItem","position":2,"name":"Abra\u00e7adeira 3 Estais para Mastro de 2&#8243;"}]},{"@type":"WebSite","@id":"https:\/\/www.dagad.com.br\/shop\/#website","url":"https:\/\/www.dagad.com.br\/shop\/","name":"Dagad Shopping","description":"Tudo para preven\u00e7\u00e3o e seguran\u00e7a.","publisher":{"@id":"https:\/\/www.dagad.com.br\/shop\/#organization"},"potentialAction":[{"@type":"SearchAction","target":{"@type":"EntryPoint","urlTemplate":"https:\/\/www.dagad.com.br\/shop\/?s={search_term_string}"},"query-input":{"@type":"PropertyValueSpecification","valueRequired":true,"valueName":"search_term_string"}}],"inLanguage":"pt-BR"},{"@type":"Organization","@id":"https:\/\/www.dagad.com.br\/shop\/#organization","name":"Dagad Shop - Materiais Contra Inc\u00eandio","url":"https:\/\/www.dagad.com.br\/shop\/","logo":{"@type":"ImageObject","inLanguage":"pt-BR","@id":"https:\/\/www.dagad.com.br\/shop\/#\/schema\/logo\/image\/","url":"https:\/\/www.dagad.com.br\/shop\/wp-content\/uploads\/2017\/08\/logo-site2.jpg","contentUrl":"https:\/\/www.dagad.com.br\/shop\/wp-content\/uploads\/2017\/08\/logo-site2.jpg","width":115,"height":115,"caption":"Dagad Shop - Materiais Contra Inc\u00eandio"},"image":{"@id":"https:\/\/www.dagad.com.br\/shop\/#\/schema\/logo\/image\/"},"sameAs":["https:\/\/www.facebook.com\/dagadextintores","https:\/\/x.com\/DAGADMAT","https:\/\/www.instagram.com\/dagad_extintores\/","https:\/\/www.linkedin.com\/company\/dagad-materiais-de-seguran-a","https:\/\/br.pinterest.com\/DagadShop","http:\/\/www.youtube.com\/channel\/UCZNuW9Azjgylii7eNxvBQWg"]}]}},"_links":{"self":[{"href":"https:\/\/www.dagad.com.br\/shop\/wp-json\/wp\/v2\/product\/950","targetHints":{"allow":["GET"]}}],"collection":[{"href":"https:\/\/www.dagad.com.br\/shop\/wp-json\/wp\/v2\/product"}],"about":[{"href":"https:\/\/www.dagad.com.br\/shop\/wp-json\/wp\/v2\/types\/product"}],"replies":[{"embeddable":true,"href":"https:\/\/www.dagad.com.br\/shop\/wp-json\/wp\/v2\/comments?post=950"}],"wp:featuredmedia":[{"embeddable":true,"href":"https:\/\/www.dagad.com.br\/shop\/wp-json\/wp\/v2\/media\/951"}],"wp:attachment":[{"href":"https:\/\/www.dagad.com.br\/shop\/wp-json\/wp\/v2\/media?parent=950"}],"wp:term":[{"taxonomy":"product_brand","embeddable":true,"href":"https:\/\/www.dagad.com.br\/shop\/wp-json\/wp\/v2\/product_brand?post=950"},{"taxonomy":"product_cat","embeddable":true,"href":"https:\/\/www.dagad.com.br\/shop\/wp-json\/wp\/v2\/product_cat?post=950"},{"taxonomy":"product_tag","embeddable":true,"href":"https:\/\/www.dagad.com.br\/shop\/wp-json\/wp\/v2\/product_tag?post=950"}],"curies":[{"name":"wp","href":"https:\/\/api.w.org\/{rel}","templated":true}]}}