{"id":954,"date":"2019-04-26T11:09:36","date_gmt":"2019-04-26T14:09:36","guid":{"rendered":"http:\/\/www.dagad.com.br\/shops\/?post_type=product&#038;p=954"},"modified":"2021-01-22T05:57:02","modified_gmt":"2021-01-22T08:57:02","slug":"alarme-de-incendio-127-v","status":"publish","type":"product","link":"https:\/\/www.dagad.com.br\/shop\/produto\/alarme-de-incendio-127-v\/","title":{"rendered":"Alarme de Inc\u00eandio 127v"},"content":{"rendered":"<div>Fabricada em caixa circular de pl\u00e1stico de alta resist\u00eancia com di\u00e2metro m\u00e9dio de 10cm.<br \/>\nAcionamento com disparador constante.<br \/>\nMuito util para alertar o acionamento de Sistemas Contra Inc\u00eandio, indicar in\u00edcio e t\u00e9rmino de expediente no trabalho e at\u00e9 mesmo in\u00edcio e fim do per\u00edodo de aulas.<\/div>\n<div><strong>Instala\u00e7\u00e3o:<\/strong><br \/>\nDeve ser instalado no ponto que permita maior difus\u00e3o sonora na edifica\u00e7\u00e3o.<\/div>\n<div><\/div>\n<div><strong>IMAGENS MERAMENTE ILUSTRATIVAS<\/strong><\/div>\n","protected":false},"excerpt":{"rendered":"<p>Cigarra Tipo F\u00e1brica 127v<\/p>\n","protected":false},"featured_media":956,"comment_status":"open","ping_status":"closed","template":"","meta":[],"product_brand":[],"product_cat":[260],"product_tag":[156,261,299],"class_list":{"0":"post-954","1":"product","2":"type-product","3":"status-publish","4":"has-post-thumbnail","6":"product_cat-alarmes-de-incendio","7":"product_tag-alarme","8":"product_tag-campainha","9":"product_tag-cigarra","11":"first","12":"instock","13":"shipping-taxable","14":"purchasable","15":"product-type-simple"},"yoast_head":"<!-- This site is optimized with the Yoast SEO plugin v25.6 - https:\/\/yoast.com\/wordpress\/plugins\/seo\/ -->\n<title>Alarme de Inc\u00eandio 127v - Dagad Shopping<\/title>\n<meta name=\"robots\" content=\"index, follow, max-snippet:-1, max-image-preview:large, max-video-preview:-1\" \/>\n<link rel=\"canonical\" href=\"http:\/\/www.dagad.com.br\/shop\/produto\/alarme-de-incendio-127-v\/\" \/>\n<meta property=\"og:locale\" content=\"pt_BR\" \/>\n<meta property=\"og:type\" content=\"article\" \/>\n<meta property=\"og:title\" content=\"Alarme de Inc\u00eandio 127v - Dagad Shopping\" \/>\n<meta property=\"og:description\" content=\"Cigarra Tipo F\u00e1brica 127v\" \/>\n<meta property=\"og:url\" content=\"http:\/\/www.dagad.com.br\/shop\/produto\/alarme-de-incendio-127-v\/\" \/>\n<meta property=\"og:site_name\" content=\"Dagad Shopping\" \/>\n<meta property=\"article:publisher\" content=\"https:\/\/www.facebook.com\/dagadextintores\" \/>\n<meta property=\"article:modified_time\" content=\"2021-01-22T08:57:02+00:00\" \/>\n<meta property=\"og:image\" content=\"http:\/\/www.dagad.com.br\/shop\/wp-content\/uploads\/2017\/07\/sirene_440_1.png\" \/>\n\t<meta property=\"og:image:width\" content=\"776\" \/>\n\t<meta property=\"og:image:height\" content=\"776\" \/>\n\t<meta property=\"og:image:type\" content=\"image\/png\" \/>\n<meta name=\"twitter:card\" content=\"summary_large_image\" \/>\n<meta name=\"twitter:site\" content=\"@DAGADMAT\" \/>\n<script type=\"application\/ld+json\" class=\"yoast-schema-graph\">{\"@context\":\"https:\/\/schema.org\",\"@graph\":[{\"@type\":\"WebPage\",\"@id\":\"http:\/\/www.dagad.com.br\/shop\/produto\/alarme-de-incendio-127-v\/\",\"url\":\"http:\/\/www.dagad.com.br\/shop\/produto\/alarme-de-incendio-127-v\/\",\"name\":\"Alarme de Inc\u00eandio 127v - Dagad Shopping\",\"isPartOf\":{\"@id\":\"https:\/\/www.dagad.com.br\/shop\/#website\"},\"primaryImageOfPage\":{\"@id\":\"http:\/\/www.dagad.com.br\/shop\/produto\/alarme-de-incendio-127-v\/#primaryimage\"},\"image\":{\"@id\":\"http:\/\/www.dagad.com.br\/shop\/produto\/alarme-de-incendio-127-v\/#primaryimage\"},\"thumbnailUrl\":\"https:\/\/www.dagad.com.br\/shop\/wp-content\/uploads\/2017\/07\/sirene_440_1.png\",\"datePublished\":\"2019-04-26T14:09:36+00:00\",\"dateModified\":\"2021-01-22T08:57:02+00:00\",\"breadcrumb\":{\"@id\":\"http:\/\/www.dagad.com.br\/shop\/produto\/alarme-de-incendio-127-v\/#breadcrumb\"},\"inLanguage\":\"pt-BR\",\"potentialAction\":[{\"@type\":\"ReadAction\",\"target\":[\"http:\/\/www.dagad.com.br\/shop\/produto\/alarme-de-incendio-127-v\/\"]}]},{\"@type\":\"ImageObject\",\"inLanguage\":\"pt-BR\",\"@id\":\"http:\/\/www.dagad.com.br\/shop\/produto\/alarme-de-incendio-127-v\/#primaryimage\",\"url\":\"https:\/\/www.dagad.com.br\/shop\/wp-content\/uploads\/2017\/07\/sirene_440_1.png\",\"contentUrl\":\"https:\/\/www.dagad.com.br\/shop\/wp-content\/uploads\/2017\/07\/sirene_440_1.png\",\"width\":776,\"height\":776},{\"@type\":\"BreadcrumbList\",\"@id\":\"http:\/\/www.dagad.com.br\/shop\/produto\/alarme-de-incendio-127-v\/#breadcrumb\",\"itemListElement\":[{\"@type\":\"ListItem\",\"position\":1,\"name\":\"In\u00edcio\",\"item\":\"https:\/\/www.dagad.com.br\/shop\/\"},{\"@type\":\"ListItem\",\"position\":2,\"name\":\"Alarme de Inc\u00eandio 127v\"}]},{\"@type\":\"WebSite\",\"@id\":\"https:\/\/www.dagad.com.br\/shop\/#website\",\"url\":\"https:\/\/www.dagad.com.br\/shop\/\",\"name\":\"Dagad Shopping\",\"description\":\"Tudo para preven\u00e7\u00e3o e seguran\u00e7a.\",\"publisher\":{\"@id\":\"https:\/\/www.dagad.com.br\/shop\/#organization\"},\"potentialAction\":[{\"@type\":\"SearchAction\",\"target\":{\"@type\":\"EntryPoint\",\"urlTemplate\":\"https:\/\/www.dagad.com.br\/shop\/?s={search_term_string}\"},\"query-input\":{\"@type\":\"PropertyValueSpecification\",\"valueRequired\":true,\"valueName\":\"search_term_string\"}}],\"inLanguage\":\"pt-BR\"},{\"@type\":\"Organization\",\"@id\":\"https:\/\/www.dagad.com.br\/shop\/#organization\",\"name\":\"Dagad Shop - Materiais Contra Inc\u00eandio\",\"url\":\"https:\/\/www.dagad.com.br\/shop\/\",\"logo\":{\"@type\":\"ImageObject\",\"inLanguage\":\"pt-BR\",\"@id\":\"https:\/\/www.dagad.com.br\/shop\/#\/schema\/logo\/image\/\",\"url\":\"https:\/\/www.dagad.com.br\/shop\/wp-content\/uploads\/2017\/08\/logo-site2.jpg\",\"contentUrl\":\"https:\/\/www.dagad.com.br\/shop\/wp-content\/uploads\/2017\/08\/logo-site2.jpg\",\"width\":115,\"height\":115,\"caption\":\"Dagad Shop - Materiais Contra Inc\u00eandio\"},\"image\":{\"@id\":\"https:\/\/www.dagad.com.br\/shop\/#\/schema\/logo\/image\/\"},\"sameAs\":[\"https:\/\/www.facebook.com\/dagadextintores\",\"https:\/\/x.com\/DAGADMAT\",\"https:\/\/www.instagram.com\/dagad_extintores\/\",\"https:\/\/www.linkedin.com\/company\/dagad-materiais-de-seguran-a\",\"https:\/\/br.pinterest.com\/DagadShop\",\"http:\/\/www.youtube.com\/channel\/UCZNuW9Azjgylii7eNxvBQWg\"]}]}<\/script>\n<!-- \/ Yoast SEO plugin. -->","yoast_head_json":{"title":"Alarme de Inc\u00eandio 127v - Dagad Shopping","robots":{"index":"index","follow":"follow","max-snippet":"max-snippet:-1","max-image-preview":"max-image-preview:large","max-video-preview":"max-video-preview:-1"},"canonical":"http:\/\/www.dagad.com.br\/shop\/produto\/alarme-de-incendio-127-v\/","og_locale":"pt_BR","og_type":"article","og_title":"Alarme de Inc\u00eandio 127v - Dagad Shopping","og_description":"Cigarra Tipo F\u00e1brica 127v","og_url":"http:\/\/www.dagad.com.br\/shop\/produto\/alarme-de-incendio-127-v\/","og_site_name":"Dagad Shopping","article_publisher":"https:\/\/www.facebook.com\/dagadextintores","article_modified_time":"2021-01-22T08:57:02+00:00","og_image":[{"width":776,"height":776,"url":"http:\/\/www.dagad.com.br\/shop\/wp-content\/uploads\/2017\/07\/sirene_440_1.png","type":"image\/png"}],"twitter_card":"summary_large_image","twitter_site":"@DAGADMAT","schema":{"@context":"https:\/\/schema.org","@graph":[{"@type":"WebPage","@id":"http:\/\/www.dagad.com.br\/shop\/produto\/alarme-de-incendio-127-v\/","url":"http:\/\/www.dagad.com.br\/shop\/produto\/alarme-de-incendio-127-v\/","name":"Alarme de Inc\u00eandio 127v - Dagad Shopping","isPartOf":{"@id":"https:\/\/www.dagad.com.br\/shop\/#website"},"primaryImageOfPage":{"@id":"http:\/\/www.dagad.com.br\/shop\/produto\/alarme-de-incendio-127-v\/#primaryimage"},"image":{"@id":"http:\/\/www.dagad.com.br\/shop\/produto\/alarme-de-incendio-127-v\/#primaryimage"},"thumbnailUrl":"https:\/\/www.dagad.com.br\/shop\/wp-content\/uploads\/2017\/07\/sirene_440_1.png","datePublished":"2019-04-26T14:09:36+00:00","dateModified":"2021-01-22T08:57:02+00:00","breadcrumb":{"@id":"http:\/\/www.dagad.com.br\/shop\/produto\/alarme-de-incendio-127-v\/#breadcrumb"},"inLanguage":"pt-BR","potentialAction":[{"@type":"ReadAction","target":["http:\/\/www.dagad.com.br\/shop\/produto\/alarme-de-incendio-127-v\/"]}]},{"@type":"ImageObject","inLanguage":"pt-BR","@id":"http:\/\/www.dagad.com.br\/shop\/produto\/alarme-de-incendio-127-v\/#primaryimage","url":"https:\/\/www.dagad.com.br\/shop\/wp-content\/uploads\/2017\/07\/sirene_440_1.png","contentUrl":"https:\/\/www.dagad.com.br\/shop\/wp-content\/uploads\/2017\/07\/sirene_440_1.png","width":776,"height":776},{"@type":"BreadcrumbList","@id":"http:\/\/www.dagad.com.br\/shop\/produto\/alarme-de-incendio-127-v\/#breadcrumb","itemListElement":[{"@type":"ListItem","position":1,"name":"In\u00edcio","item":"https:\/\/www.dagad.com.br\/shop\/"},{"@type":"ListItem","position":2,"name":"Alarme de Inc\u00eandio 127v"}]},{"@type":"WebSite","@id":"https:\/\/www.dagad.com.br\/shop\/#website","url":"https:\/\/www.dagad.com.br\/shop\/","name":"Dagad Shopping","description":"Tudo para preven\u00e7\u00e3o e seguran\u00e7a.","publisher":{"@id":"https:\/\/www.dagad.com.br\/shop\/#organization"},"potentialAction":[{"@type":"SearchAction","target":{"@type":"EntryPoint","urlTemplate":"https:\/\/www.dagad.com.br\/shop\/?s={search_term_string}"},"query-input":{"@type":"PropertyValueSpecification","valueRequired":true,"valueName":"search_term_string"}}],"inLanguage":"pt-BR"},{"@type":"Organization","@id":"https:\/\/www.dagad.com.br\/shop\/#organization","name":"Dagad Shop - Materiais Contra Inc\u00eandio","url":"https:\/\/www.dagad.com.br\/shop\/","logo":{"@type":"ImageObject","inLanguage":"pt-BR","@id":"https:\/\/www.dagad.com.br\/shop\/#\/schema\/logo\/image\/","url":"https:\/\/www.dagad.com.br\/shop\/wp-content\/uploads\/2017\/08\/logo-site2.jpg","contentUrl":"https:\/\/www.dagad.com.br\/shop\/wp-content\/uploads\/2017\/08\/logo-site2.jpg","width":115,"height":115,"caption":"Dagad Shop - Materiais Contra Inc\u00eandio"},"image":{"@id":"https:\/\/www.dagad.com.br\/shop\/#\/schema\/logo\/image\/"},"sameAs":["https:\/\/www.facebook.com\/dagadextintores","https:\/\/x.com\/DAGADMAT","https:\/\/www.instagram.com\/dagad_extintores\/","https:\/\/www.linkedin.com\/company\/dagad-materiais-de-seguran-a","https:\/\/br.pinterest.com\/DagadShop","http:\/\/www.youtube.com\/channel\/UCZNuW9Azjgylii7eNxvBQWg"]}]}},"_links":{"self":[{"href":"https:\/\/www.dagad.com.br\/shop\/wp-json\/wp\/v2\/product\/954","targetHints":{"allow":["GET"]}}],"collection":[{"href":"https:\/\/www.dagad.com.br\/shop\/wp-json\/wp\/v2\/product"}],"about":[{"href":"https:\/\/www.dagad.com.br\/shop\/wp-json\/wp\/v2\/types\/product"}],"replies":[{"embeddable":true,"href":"https:\/\/www.dagad.com.br\/shop\/wp-json\/wp\/v2\/comments?post=954"}],"wp:featuredmedia":[{"embeddable":true,"href":"https:\/\/www.dagad.com.br\/shop\/wp-json\/wp\/v2\/media\/956"}],"wp:attachment":[{"href":"https:\/\/www.dagad.com.br\/shop\/wp-json\/wp\/v2\/media?parent=954"}],"wp:term":[{"taxonomy":"product_brand","embeddable":true,"href":"https:\/\/www.dagad.com.br\/shop\/wp-json\/wp\/v2\/product_brand?post=954"},{"taxonomy":"product_cat","embeddable":true,"href":"https:\/\/www.dagad.com.br\/shop\/wp-json\/wp\/v2\/product_cat?post=954"},{"taxonomy":"product_tag","embeddable":true,"href":"https:\/\/www.dagad.com.br\/shop\/wp-json\/wp\/v2\/product_tag?post=954"}],"curies":[{"name":"wp","href":"https:\/\/api.w.org\/{rel}","templated":true}]}}